{"id":15454,"date":"2025-10-07T13:42:49","date_gmt":"2025-10-07T10:42:49","guid":{"rendered":"https:\/\/cortex.fi\/?post_type=product&#038;p=15454"},"modified":"2025-10-07T13:53:52","modified_gmt":"2025-10-07T10:53:52","slug":"ecortex-pcr-kooniline-kile-bigreen-kopio-kopio","status":"publish","type":"product","link":"https:\/\/cortex.fi\/et\/tuote\/ecortex-pcr-kooniline-kile-bigreen-kopio-kopio\/","title":{"rendered":"ECOrtex PCR-kooniline kile BiGreen (Kopio) (Kopio)"},"content":{"rendered":"","protected":false},"excerpt":{"rendered":"<p>PCR-masinate kile on osaliselt asendatud pol\u00fcet\u00fcleenist ringlussev\u00f5etud materjaliga. Ringlussev\u00f5etud BiGreen-kile s\u00e4ilitab oma tehnilised omadused ja seda saab kasutada ilma pakkimismasinate muutmiseta. Samuti on see p\u00e4rast kasutamist 100% ulatuses taaskasutatav.<\/p>\n<p>Standardklassi masinate kinnitusfooliumid on m\u00f5eldud poolautomaatidele, nn. pulkade ja automaatide jaoks, kus pakendatavad tootevormid ei n\u00f5ua erilisi kileomadusi ega suurt eelvenitusprotsenti. Tavalised masinatega valmistatud kiled kestavad tavaliselt ca. maksimaalselt 150 % eelpingutus. Meil on saadaval mitmesuguseid kileid erinevates tugevustes, suurustes ja v\u00e4rvides. Soovi korral saame pakkuda ka muid suurusi, v\u00e4rve ja tugevusi.<\/p>\n","protected":false},"author":9,"featured_media":11380,"comment_status":"closed","ping_status":"closed","template":"","product_brand":[],"product_cat":[511],"product_tag":[512],"asiantuntija":[],"paamies":[],"healthcare":[],"pakkausmateriaalit":[510,509],"merkinta":[],"pakkauskoneet":[],"leipomoille":[],"tarkennus":[521],"outlet":[],"class_list":{"0":"post-15454","1":"product","2":"type-product","3":"status-publish","4":"has-post-thumbnail","6":"product_cat-pakendimaterjalid","7":"product_tag-toodeldud-kiled","8":"pakkausmateriaalit-ecortex-et","9":"pakkausmateriaalit-toodeldud-kiled","10":"tarkennus-masintoodetud-moobel","12":"first","13":"instock","14":"taxable","15":"shipping-taxable","16":"purchasable","17":"product-type-variable"},"_links":{"self":[{"href":"https:\/\/cortex.fi\/et\/wp-json\/wp\/v2\/product\/15454","targetHints":{"allow":["GET"]}}],"collection":[{"href":"https:\/\/cortex.fi\/et\/wp-json\/wp\/v2\/product"}],"about":[{"href":"https:\/\/cortex.fi\/et\/wp-json\/wp\/v2\/types\/product"}],"author":[{"embeddable":true,"href":"https:\/\/cortex.fi\/et\/wp-json\/wp\/v2\/users\/9"}],"replies":[{"embeddable":true,"href":"https:\/\/cortex.fi\/et\/wp-json\/wp\/v2\/comments?post=15454"}],"wp:featuredmedia":[{"embeddable":true,"href":"https:\/\/cortex.fi\/et\/wp-json\/wp\/v2\/media\/11380"}],"wp:attachment":[{"href":"https:\/\/cortex.fi\/et\/wp-json\/wp\/v2\/media?parent=15454"}],"wp:term":[{"taxonomy":"product_brand","embeddable":true,"href":"https:\/\/cortex.fi\/et\/wp-json\/wp\/v2\/product_brand?post=15454"},{"taxonomy":"product_cat","embeddable":true,"href":"https:\/\/cortex.fi\/et\/wp-json\/wp\/v2\/product_cat?post=15454"},{"taxonomy":"product_tag","embeddable":true,"href":"https:\/\/cortex.fi\/et\/wp-json\/wp\/v2\/product_tag?post=15454"},{"taxonomy":"asiantuntija","embeddable":true,"href":"https:\/\/cortex.fi\/et\/wp-json\/wp\/v2\/asiantuntija?post=15454"},{"taxonomy":"paamies","embeddable":true,"href":"https:\/\/cortex.fi\/et\/wp-json\/wp\/v2\/paamies?post=15454"},{"taxonomy":"healthcare","embeddable":true,"href":"https:\/\/cortex.fi\/et\/wp-json\/wp\/v2\/healthcare?post=15454"},{"taxonomy":"pakkausmateriaalit","embeddable":true,"href":"https:\/\/cortex.fi\/et\/wp-json\/wp\/v2\/pakkausmateriaalit?post=15454"},{"taxonomy":"merkinta","embeddable":true,"href":"https:\/\/cortex.fi\/et\/wp-json\/wp\/v2\/merkinta?post=15454"},{"taxonomy":"pakkauskoneet","embeddable":true,"href":"https:\/\/cortex.fi\/et\/wp-json\/wp\/v2\/pakkauskoneet?post=15454"},{"taxonomy":"leipomoille","embeddable":true,"href":"https:\/\/cortex.fi\/et\/wp-json\/wp\/v2\/leipomoille?post=15454"},{"taxonomy":"tarkennus","embeddable":true,"href":"https:\/\/cortex.fi\/et\/wp-json\/wp\/v2\/tarkennus?post=15454"},{"taxonomy":"outlet","embeddable":true,"href":"https:\/\/cortex.fi\/et\/wp-json\/wp\/v2\/outlet?post=15454"}],"curies":[{"name":"wp","href":"https:\/\/api.w.org\/{rel}","templated":true}]}}