{"id":14532,"date":"2025-02-05T12:34:39","date_gmt":"2025-02-05T10:34:39","guid":{"rendered":"https:\/\/cortex.fi\/?post_type=product&#038;p=14532"},"modified":"2025-02-05T12:51:30","modified_gmt":"2025-02-05T10:51:30","slug":"pakkimismasin-horisontaalne-robopac-spiror-hr-kopio","status":"publish","type":"product","link":"https:\/\/cortex.fi\/et\/tuote\/pakkimismasin-horisontaalne-robopac-spiror-hr-kopio\/","title":{"rendered":"Pakkimismasin &#8211; Horisontaalne &#8211; Robopac Spiror HR (Kopio)"},"content":{"rendered":"","protected":false},"excerpt":{"rendered":"<p>Robopac Spiror HR-seeria masinad on kvaliteetsed automaatsed horisontaalsed pakkimismasinad toodete pakkimiseks. See seeria pakub suurt j\u00f5udlust toodete pakkimiseks.<\/p>\n<p>Need suure j\u00f5udlusega masinad on hea lahendus selliste toodete, nagu alumiinium, teras, plasttooted ja puittooted, kaitsmiseks ja pakendamiseks.<\/p>\n<p>T\u00e4isautomaatne pakkimine h\u00f5lmab kile kinnitamist ja l\u00f5ikamist, mist\u00f5ttu masin sobib liinit\u00f6\u00f6ks. Masinad v\u00f5ivad olla varustatud eri t\u00fc\u00fcpi sisse- ja v\u00e4ljastuskonveieritega.<\/p>\n<p>Masinad on saadaval ka kahe pakkimisvormiga (DR-mudelid). Kahe rattaga mudelite puhul on v\u00f5imalik saavutada kerimise kiirus kuni 80 meetrit minutis (Spiror 400 HP DR).<\/p>\n","protected":false},"author":9,"featured_media":14534,"comment_status":"closed","ping_status":"closed","template":"","product_brand":[],"product_cat":[494],"product_tag":[],"asiantuntija":[],"paamies":[],"healthcare":[],"pakkausmateriaalit":[],"merkinta":[],"pakkauskoneet":[505],"leipomoille":[],"tarkennus":[507],"outlet":[],"class_list":{"0":"post-14532","1":"product","2":"type-product","3":"status-publish","4":"has-post-thumbnail","6":"product_cat-mitteosakondlikud","7":"pakkauskoneet-kaarintakone-et","8":"tarkennus-horisontaaliset-kaarintakoneet-et","10":"first","11":"instock","12":"taxable","13":"shipping-taxable","14":"purchasable","15":"product-type-simple"},"_links":{"self":[{"href":"https:\/\/cortex.fi\/et\/wp-json\/wp\/v2\/product\/14532","targetHints":{"allow":["GET"]}}],"collection":[{"href":"https:\/\/cortex.fi\/et\/wp-json\/wp\/v2\/product"}],"about":[{"href":"https:\/\/cortex.fi\/et\/wp-json\/wp\/v2\/types\/product"}],"author":[{"embeddable":true,"href":"https:\/\/cortex.fi\/et\/wp-json\/wp\/v2\/users\/9"}],"replies":[{"embeddable":true,"href":"https:\/\/cortex.fi\/et\/wp-json\/wp\/v2\/comments?post=14532"}],"wp:featuredmedia":[{"embeddable":true,"href":"https:\/\/cortex.fi\/et\/wp-json\/wp\/v2\/media\/14534"}],"wp:attachment":[{"href":"https:\/\/cortex.fi\/et\/wp-json\/wp\/v2\/media?parent=14532"}],"wp:term":[{"taxonomy":"product_brand","embeddable":true,"href":"https:\/\/cortex.fi\/et\/wp-json\/wp\/v2\/product_brand?post=14532"},{"taxonomy":"product_cat","embeddable":true,"href":"https:\/\/cortex.fi\/et\/wp-json\/wp\/v2\/product_cat?post=14532"},{"taxonomy":"product_tag","embeddable":true,"href":"https:\/\/cortex.fi\/et\/wp-json\/wp\/v2\/product_tag?post=14532"},{"taxonomy":"asiantuntija","embeddable":true,"href":"https:\/\/cortex.fi\/et\/wp-json\/wp\/v2\/asiantuntija?post=14532"},{"taxonomy":"paamies","embeddable":true,"href":"https:\/\/cortex.fi\/et\/wp-json\/wp\/v2\/paamies?post=14532"},{"taxonomy":"healthcare","embeddable":true,"href":"https:\/\/cortex.fi\/et\/wp-json\/wp\/v2\/healthcare?post=14532"},{"taxonomy":"pakkausmateriaalit","embeddable":true,"href":"https:\/\/cortex.fi\/et\/wp-json\/wp\/v2\/pakkausmateriaalit?post=14532"},{"taxonomy":"merkinta","embeddable":true,"href":"https:\/\/cortex.fi\/et\/wp-json\/wp\/v2\/merkinta?post=14532"},{"taxonomy":"pakkauskoneet","embeddable":true,"href":"https:\/\/cortex.fi\/et\/wp-json\/wp\/v2\/pakkauskoneet?post=14532"},{"taxonomy":"leipomoille","embeddable":true,"href":"https:\/\/cortex.fi\/et\/wp-json\/wp\/v2\/leipomoille?post=14532"},{"taxonomy":"tarkennus","embeddable":true,"href":"https:\/\/cortex.fi\/et\/wp-json\/wp\/v2\/tarkennus?post=14532"},{"taxonomy":"outlet","embeddable":true,"href":"https:\/\/cortex.fi\/et\/wp-json\/wp\/v2\/outlet?post=14532"}],"curies":[{"name":"wp","href":"https:\/\/api.w.org\/{rel}","templated":true}]}}