{"id":13768,"date":"2024-06-10T08:57:09","date_gmt":"2024-06-10T05:57:09","guid":{"rendered":"https:\/\/cortex.fi\/?post_type=product&#038;p=13768"},"modified":"2024-08-21T14:26:38","modified_gmt":"2024-08-21T11:26:38","slug":"varviline-sildiprinter-primera-lx610e-kopio","status":"publish","type":"product","link":"https:\/\/cortex.fi\/et\/tuote\/varviline-sildiprinter-primera-lx610e-kopio\/","title":{"rendered":"V\u00e4rviline sildiprinter Primera LX610e (Kopio)"},"content":{"rendered":"","protected":false},"excerpt":{"rendered":"<p>Primera LX610e v\u00e4rvilise etiketiprinteriga saate printida mis tahes suurusega ja kujuga etikette. LX610e \u00fchendab kuni 4800 dpi v\u00e4rviprintimise ja sisseehitatud digitaalse stantsimismehhanismi. Printeril on intuitiivne ja h\u00f5lpsasti kasutatav tarkvara printimis- ja l\u00f5ikamisfailide seadistamiseks.<\/p>\n<p>LX610e on saadaval kahe erineva tindit\u00fc\u00fcbi ja paljude erinevate materjalidega. V\u00e4rvip\u00f5hine tint tr\u00fckib eredaid ja eluj\u00f5ulisi v\u00e4rve, mis sobivad ideaalselt k\u00f5ige olulisemate kleebisrakenduste jaoks. Pigmendip\u00f5hine tint tr\u00fckib etiketid, mis on veidi v\u00e4hem heledad, kuid taluvad p\u00e4ikesevalgust ja vett aastaid. Samuti vastavad need paremini flexov\u00e4rvide tulemusele. Substraatide hulka v\u00f5ivad kuuluda l\u00e4ikiv ja matt paber, pol\u00fcester ja pol\u00fcprop\u00fcleen. ICC-v\u00e4rvide sobitamine on samuti sisseehitatud ja laaditakse automaatselt s\u00f5ltuvalt kasutatavast tindist ja materjalist.<\/p>\n","protected":false},"author":6,"featured_media":14007,"comment_status":"closed","ping_status":"closed","template":"","product_brand":[],"product_cat":[519],"product_tag":[520],"asiantuntija":[],"paamies":[],"healthcare":[],"pakkausmateriaalit":[],"merkinta":[518],"pakkauskoneet":[],"leipomoille":[],"tarkennus":[],"outlet":[],"class_list":{"0":"post-13768","1":"product","2":"type-product","3":"status-publish","4":"has-post-thumbnail","6":"product_cat-sisestus","7":"product_tag-lauaprinterid","8":"merkinta-lauaprinterid","10":"first","11":"instock","12":"taxable","13":"shipping-taxable","14":"purchasable","15":"product-type-simple"},"_links":{"self":[{"href":"https:\/\/cortex.fi\/et\/wp-json\/wp\/v2\/product\/13768","targetHints":{"allow":["GET"]}}],"collection":[{"href":"https:\/\/cortex.fi\/et\/wp-json\/wp\/v2\/product"}],"about":[{"href":"https:\/\/cortex.fi\/et\/wp-json\/wp\/v2\/types\/product"}],"author":[{"embeddable":true,"href":"https:\/\/cortex.fi\/et\/wp-json\/wp\/v2\/users\/6"}],"replies":[{"embeddable":true,"href":"https:\/\/cortex.fi\/et\/wp-json\/wp\/v2\/comments?post=13768"}],"wp:featuredmedia":[{"embeddable":true,"href":"https:\/\/cortex.fi\/et\/wp-json\/wp\/v2\/media\/14007"}],"wp:attachment":[{"href":"https:\/\/cortex.fi\/et\/wp-json\/wp\/v2\/media?parent=13768"}],"wp:term":[{"taxonomy":"product_brand","embeddable":true,"href":"https:\/\/cortex.fi\/et\/wp-json\/wp\/v2\/product_brand?post=13768"},{"taxonomy":"product_cat","embeddable":true,"href":"https:\/\/cortex.fi\/et\/wp-json\/wp\/v2\/product_cat?post=13768"},{"taxonomy":"product_tag","embeddable":true,"href":"https:\/\/cortex.fi\/et\/wp-json\/wp\/v2\/product_tag?post=13768"},{"taxonomy":"asiantuntija","embeddable":true,"href":"https:\/\/cortex.fi\/et\/wp-json\/wp\/v2\/asiantuntija?post=13768"},{"taxonomy":"paamies","embeddable":true,"href":"https:\/\/cortex.fi\/et\/wp-json\/wp\/v2\/paamies?post=13768"},{"taxonomy":"healthcare","embeddable":true,"href":"https:\/\/cortex.fi\/et\/wp-json\/wp\/v2\/healthcare?post=13768"},{"taxonomy":"pakkausmateriaalit","embeddable":true,"href":"https:\/\/cortex.fi\/et\/wp-json\/wp\/v2\/pakkausmateriaalit?post=13768"},{"taxonomy":"merkinta","embeddable":true,"href":"https:\/\/cortex.fi\/et\/wp-json\/wp\/v2\/merkinta?post=13768"},{"taxonomy":"pakkauskoneet","embeddable":true,"href":"https:\/\/cortex.fi\/et\/wp-json\/wp\/v2\/pakkauskoneet?post=13768"},{"taxonomy":"leipomoille","embeddable":true,"href":"https:\/\/cortex.fi\/et\/wp-json\/wp\/v2\/leipomoille?post=13768"},{"taxonomy":"tarkennus","embeddable":true,"href":"https:\/\/cortex.fi\/et\/wp-json\/wp\/v2\/tarkennus?post=13768"},{"taxonomy":"outlet","embeddable":true,"href":"https:\/\/cortex.fi\/et\/wp-json\/wp\/v2\/outlet?post=13768"}],"curies":[{"name":"wp","href":"https:\/\/api.w.org\/{rel}","templated":true}]}}