{"id":13526,"date":"2023-01-27T15:35:31","date_gmt":"2023-01-27T13:35:31","guid":{"rendered":"https:\/\/cortex.fi\/tuote\/suure-voimsusega-masinaga-valmistatud-filmid\/"},"modified":"2023-01-27T15:35:31","modified_gmt":"2023-01-27T13:35:31","slug":"suure-voimsusega-masinaga-valmistatud-filmid","status":"publish","type":"product","link":"https:\/\/cortex.fi\/et\/tuote\/suure-voimsusega-masinaga-valmistatud-filmid\/","title":{"rendered":"Suure v\u00f5imsusega masinaga valmistatud filmid"},"content":{"rendered":"","protected":false},"excerpt":{"rendered":"<p>HIGH POWER masinate venitusfooliumi klassid on valmistatud v\u00e4ga n\u00f5udlike pakkimisrakenduste jaoks. Kiled suudavad vastu pidada kuni 400% eelkoormusele, s\u00e4ilitades samal ajal oma omadused. Sobib poolautomaatidele ja automaatidele, kus pakkimiskiirus on v\u00e4ga suur v\u00f5i eelp\u00f6\u00f6rlemiskiirus on v\u00e4ga suur. Meil on saadaval mitmesuguseid kileid erinevates tugevustes, suurustes ja v\u00e4rvides. Soovi korral saame pakkuda ka muid suurusi, v\u00e4rve ja tugevusi.<\/p>\n","protected":false},"author":9,"featured_media":10112,"comment_status":"closed","ping_status":"closed","template":"","product_brand":[],"product_cat":[511],"product_tag":[512],"asiantuntija":[],"paamies":[],"healthcare":[],"pakkausmateriaalit":[509],"merkinta":[],"pakkauskoneet":[],"leipomoille":[],"tarkennus":[521],"outlet":[],"class_list":{"0":"post-13526","1":"product","2":"type-product","3":"status-publish","4":"has-post-thumbnail","6":"product_cat-pakendimaterjalid","7":"product_tag-toodeldud-kiled","8":"pakkausmateriaalit-toodeldud-kiled","9":"tarkennus-masintoodetud-moobel","11":"first","12":"instock","13":"taxable","14":"shipping-taxable","15":"purchasable","16":"product-type-variable"},"_links":{"self":[{"href":"https:\/\/cortex.fi\/et\/wp-json\/wp\/v2\/product\/13526","targetHints":{"allow":["GET"]}}],"collection":[{"href":"https:\/\/cortex.fi\/et\/wp-json\/wp\/v2\/product"}],"about":[{"href":"https:\/\/cortex.fi\/et\/wp-json\/wp\/v2\/types\/product"}],"author":[{"embeddable":true,"href":"https:\/\/cortex.fi\/et\/wp-json\/wp\/v2\/users\/9"}],"replies":[{"embeddable":true,"href":"https:\/\/cortex.fi\/et\/wp-json\/wp\/v2\/comments?post=13526"}],"wp:featuredmedia":[{"embeddable":true,"href":"https:\/\/cortex.fi\/et\/wp-json\/wp\/v2\/media\/10112"}],"wp:attachment":[{"href":"https:\/\/cortex.fi\/et\/wp-json\/wp\/v2\/media?parent=13526"}],"wp:term":[{"taxonomy":"product_brand","embeddable":true,"href":"https:\/\/cortex.fi\/et\/wp-json\/wp\/v2\/product_brand?post=13526"},{"taxonomy":"product_cat","embeddable":true,"href":"https:\/\/cortex.fi\/et\/wp-json\/wp\/v2\/product_cat?post=13526"},{"taxonomy":"product_tag","embeddable":true,"href":"https:\/\/cortex.fi\/et\/wp-json\/wp\/v2\/product_tag?post=13526"},{"taxonomy":"asiantuntija","embeddable":true,"href":"https:\/\/cortex.fi\/et\/wp-json\/wp\/v2\/asiantuntija?post=13526"},{"taxonomy":"paamies","embeddable":true,"href":"https:\/\/cortex.fi\/et\/wp-json\/wp\/v2\/paamies?post=13526"},{"taxonomy":"healthcare","embeddable":true,"href":"https:\/\/cortex.fi\/et\/wp-json\/wp\/v2\/healthcare?post=13526"},{"taxonomy":"pakkausmateriaalit","embeddable":true,"href":"https:\/\/cortex.fi\/et\/wp-json\/wp\/v2\/pakkausmateriaalit?post=13526"},{"taxonomy":"merkinta","embeddable":true,"href":"https:\/\/cortex.fi\/et\/wp-json\/wp\/v2\/merkinta?post=13526"},{"taxonomy":"pakkauskoneet","embeddable":true,"href":"https:\/\/cortex.fi\/et\/wp-json\/wp\/v2\/pakkauskoneet?post=13526"},{"taxonomy":"leipomoille","embeddable":true,"href":"https:\/\/cortex.fi\/et\/wp-json\/wp\/v2\/leipomoille?post=13526"},{"taxonomy":"tarkennus","embeddable":true,"href":"https:\/\/cortex.fi\/et\/wp-json\/wp\/v2\/tarkennus?post=13526"},{"taxonomy":"outlet","embeddable":true,"href":"https:\/\/cortex.fi\/et\/wp-json\/wp\/v2\/outlet?post=13526"}],"curies":[{"name":"wp","href":"https:\/\/api.w.org\/{rel}","templated":true}]}}