{"id":13362,"date":"2022-11-17T10:34:09","date_gmt":"2022-11-17T08:34:09","guid":{"rendered":"https:\/\/cortex.fi\/tuote\/pakkimismasin-robopac-robot-s7\/"},"modified":"2022-11-17T10:34:09","modified_gmt":"2022-11-17T08:34:09","slug":"pakkimismasin-robopac-robot-s7","status":"publish","type":"product","link":"https:\/\/cortex.fi\/et\/tuote\/pakkimismasin-robopac-robot-s7\/","title":{"rendered":"Pakkimismasin Robopac Robot S7"},"content":{"rendered":"","protected":false},"excerpt":{"rendered":"<p>Robopac Robot S7 toob kaasa uue m\u00f5tteviisi pingutuspakkumise kohta, selle asemel, et siduda pakend \u00fches kohas. Toote pikkus, laius v\u00f5i kaal ei ole robotile piiranguks. Masin tiirleb \u00fcmber pakendatava kaubaaluse ja tunneb ise selle piiramatuid m\u00f5\u00f5tmeid, mis on piiramatud. Fotokell tuvastab kaubaaluse k\u00f5rguse v\u00f5i alternatiivselt saab pakkimisk\u00f5rguse m\u00e4\u00e4rata maksimaalse sentimeetri seadistusega. Akutoitega masinal on sisseehitatud laadija ja aku oleku n\u00e4idik. Roboti kokkup\u00f5rkekaitse, vilkuv valgus ja helisignaaliga on arvestatud kasutaja ja keskkonna ohutusega.<\/p>\n<p><strong>Membraani venitamine saadaval<\/strong><\/p>\n<p>FRD = Mehaaniline h\u00f5\u00f5rdepidur, t\u00fc\u00fcp FRD, reguleeritav membraanist.<br \/>\nFR = Reguleeritav membraani pinge paneelilt<br \/>\nP3GS = motoriseeritud eelpingutus, 3 fikseeritud suhtarvu valitav: %\/150%. Kile pinget kaubaalusel saab reguleerida eraldi, s\u00f5ltumata eelpingutusest.<br \/>\nPVS = motoriseeritud eelkompressioon kahe mootoriga, reguleerimine paneelilt 0-500%. Kile pinget kaubaalusel saab reguleerida eraldi, s\u00f5ltumata eelpingutusest.<\/p>\n<p><a href=\"https:\/\/cortex.fi\/pakkausmateriaalit\/?jsf=jet-woo-products-grid&amp;tax=product_cat:27;product_tag:379\">Vaata olemasolevaid filme siit<\/a><\/p>\n","protected":false},"author":8,"featured_media":10419,"comment_status":"closed","ping_status":"closed","template":"","product_brand":[],"product_cat":[526],"product_tag":[527],"asiantuntija":[],"paamies":[],"healthcare":[],"pakkausmateriaalit":[],"merkinta":[],"pakkauskoneet":[505],"leipomoille":[],"tarkennus":[542],"outlet":[],"class_list":{"0":"post-13362","1":"product","2":"type-product","3":"status-publish","4":"has-post-thumbnail","6":"product_cat-pakendamismasinad","7":"product_tag-pakkimismasin","8":"pakkauskoneet-kaarintakone-et","9":"tarkennus-poolautomaatsed-pakkimismasinad","11":"first","12":"instock","13":"taxable","14":"shipping-taxable","15":"purchasable","16":"product-type-variable","17":"has-default-attributes"},"_links":{"self":[{"href":"https:\/\/cortex.fi\/et\/wp-json\/wp\/v2\/product\/13362","targetHints":{"allow":["GET"]}}],"collection":[{"href":"https:\/\/cortex.fi\/et\/wp-json\/wp\/v2\/product"}],"about":[{"href":"https:\/\/cortex.fi\/et\/wp-json\/wp\/v2\/types\/product"}],"author":[{"embeddable":true,"href":"https:\/\/cortex.fi\/et\/wp-json\/wp\/v2\/users\/8"}],"replies":[{"embeddable":true,"href":"https:\/\/cortex.fi\/et\/wp-json\/wp\/v2\/comments?post=13362"}],"wp:featuredmedia":[{"embeddable":true,"href":"https:\/\/cortex.fi\/et\/wp-json\/wp\/v2\/media\/10419"}],"wp:attachment":[{"href":"https:\/\/cortex.fi\/et\/wp-json\/wp\/v2\/media?parent=13362"}],"wp:term":[{"taxonomy":"product_brand","embeddable":true,"href":"https:\/\/cortex.fi\/et\/wp-json\/wp\/v2\/product_brand?post=13362"},{"taxonomy":"product_cat","embeddable":true,"href":"https:\/\/cortex.fi\/et\/wp-json\/wp\/v2\/product_cat?post=13362"},{"taxonomy":"product_tag","embeddable":true,"href":"https:\/\/cortex.fi\/et\/wp-json\/wp\/v2\/product_tag?post=13362"},{"taxonomy":"asiantuntija","embeddable":true,"href":"https:\/\/cortex.fi\/et\/wp-json\/wp\/v2\/asiantuntija?post=13362"},{"taxonomy":"paamies","embeddable":true,"href":"https:\/\/cortex.fi\/et\/wp-json\/wp\/v2\/paamies?post=13362"},{"taxonomy":"healthcare","embeddable":true,"href":"https:\/\/cortex.fi\/et\/wp-json\/wp\/v2\/healthcare?post=13362"},{"taxonomy":"pakkausmateriaalit","embeddable":true,"href":"https:\/\/cortex.fi\/et\/wp-json\/wp\/v2\/pakkausmateriaalit?post=13362"},{"taxonomy":"merkinta","embeddable":true,"href":"https:\/\/cortex.fi\/et\/wp-json\/wp\/v2\/merkinta?post=13362"},{"taxonomy":"pakkauskoneet","embeddable":true,"href":"https:\/\/cortex.fi\/et\/wp-json\/wp\/v2\/pakkauskoneet?post=13362"},{"taxonomy":"leipomoille","embeddable":true,"href":"https:\/\/cortex.fi\/et\/wp-json\/wp\/v2\/leipomoille?post=13362"},{"taxonomy":"tarkennus","embeddable":true,"href":"https:\/\/cortex.fi\/et\/wp-json\/wp\/v2\/tarkennus?post=13362"},{"taxonomy":"outlet","embeddable":true,"href":"https:\/\/cortex.fi\/et\/wp-json\/wp\/v2\/outlet?post=13362"}],"curies":[{"name":"wp","href":"https:\/\/api.w.org\/{rel}","templated":true}]}}