{"id":13352,"date":"2023-01-19T14:47:27","date_gmt":"2023-01-19T12:47:27","guid":{"rendered":"https:\/\/cortex.fi\/tuote\/pronova-520-kotimismasin\/"},"modified":"2023-01-19T14:47:27","modified_gmt":"2023-01-19T12:47:27","slug":"pronova-520-kotimismasin","status":"publish","type":"product","link":"https:\/\/cortex.fi\/et\/tuote\/pronova-520-kotimismasin\/","title":{"rendered":"Pronova 520 kotimismasin"},"content":{"rendered":"","protected":false},"excerpt":{"rendered":"<p>Pronova 520 on tugevalt ehitatud kottimismasin, mis kinnitab pappkatte automaatselt ja ilma klambriteta suletud koti k\u00fclge.<\/p>\n<p>Pronova 520 sobib ideaalselt nii automaatseks kui ka k\u00e4sitsi pakendamiseks.<\/p>\n<p>Masinat saab integreerida erinevate automaatsete s\u00f6\u00f6tmiss\u00fcsteemidega, nagu n\u00e4iteks mitmeotsakute ja tooteluguritega. tassidosaatorid jne.<\/p>\n<p>Masinaga automaatselt kinnitatav termosulgur l\u00f5petab pakendi stiilselt ja annab tootele tugeva riputuskoha kaubandusliku v\u00e4ljapaneku stendil.<\/p>\n","protected":false},"author":5,"featured_media":10175,"comment_status":"closed","ping_status":"closed","template":"","product_brand":[],"product_cat":[526],"product_tag":[559],"asiantuntija":[],"paamies":[],"healthcare":[],"pakkausmateriaalit":[],"merkinta":[],"pakkauskoneet":[558],"leipomoille":[],"tarkennus":[],"outlet":[],"class_list":{"0":"post-13352","1":"product","2":"type-product","3":"status-publish","4":"has-post-thumbnail","6":"product_cat-pakendamismasinad","7":"product_tag-kottimismasin","8":"pakkauskoneet-kottimismasin","10":"first","11":"instock","12":"taxable","13":"shipping-taxable","14":"purchasable","15":"product-type-simple"},"_links":{"self":[{"href":"https:\/\/cortex.fi\/et\/wp-json\/wp\/v2\/product\/13352","targetHints":{"allow":["GET"]}}],"collection":[{"href":"https:\/\/cortex.fi\/et\/wp-json\/wp\/v2\/product"}],"about":[{"href":"https:\/\/cortex.fi\/et\/wp-json\/wp\/v2\/types\/product"}],"author":[{"embeddable":true,"href":"https:\/\/cortex.fi\/et\/wp-json\/wp\/v2\/users\/5"}],"replies":[{"embeddable":true,"href":"https:\/\/cortex.fi\/et\/wp-json\/wp\/v2\/comments?post=13352"}],"wp:featuredmedia":[{"embeddable":true,"href":"https:\/\/cortex.fi\/et\/wp-json\/wp\/v2\/media\/10175"}],"wp:attachment":[{"href":"https:\/\/cortex.fi\/et\/wp-json\/wp\/v2\/media?parent=13352"}],"wp:term":[{"taxonomy":"product_brand","embeddable":true,"href":"https:\/\/cortex.fi\/et\/wp-json\/wp\/v2\/product_brand?post=13352"},{"taxonomy":"product_cat","embeddable":true,"href":"https:\/\/cortex.fi\/et\/wp-json\/wp\/v2\/product_cat?post=13352"},{"taxonomy":"product_tag","embeddable":true,"href":"https:\/\/cortex.fi\/et\/wp-json\/wp\/v2\/product_tag?post=13352"},{"taxonomy":"asiantuntija","embeddable":true,"href":"https:\/\/cortex.fi\/et\/wp-json\/wp\/v2\/asiantuntija?post=13352"},{"taxonomy":"paamies","embeddable":true,"href":"https:\/\/cortex.fi\/et\/wp-json\/wp\/v2\/paamies?post=13352"},{"taxonomy":"healthcare","embeddable":true,"href":"https:\/\/cortex.fi\/et\/wp-json\/wp\/v2\/healthcare?post=13352"},{"taxonomy":"pakkausmateriaalit","embeddable":true,"href":"https:\/\/cortex.fi\/et\/wp-json\/wp\/v2\/pakkausmateriaalit?post=13352"},{"taxonomy":"merkinta","embeddable":true,"href":"https:\/\/cortex.fi\/et\/wp-json\/wp\/v2\/merkinta?post=13352"},{"taxonomy":"pakkauskoneet","embeddable":true,"href":"https:\/\/cortex.fi\/et\/wp-json\/wp\/v2\/pakkauskoneet?post=13352"},{"taxonomy":"leipomoille","embeddable":true,"href":"https:\/\/cortex.fi\/et\/wp-json\/wp\/v2\/leipomoille?post=13352"},{"taxonomy":"tarkennus","embeddable":true,"href":"https:\/\/cortex.fi\/et\/wp-json\/wp\/v2\/tarkennus?post=13352"},{"taxonomy":"outlet","embeddable":true,"href":"https:\/\/cortex.fi\/et\/wp-json\/wp\/v2\/outlet?post=13352"}],"curies":[{"name":"wp","href":"https:\/\/api.w.org\/{rel}","templated":true}]}}