{"id":13338,"date":"2023-01-18T22:39:44","date_gmt":"2023-01-18T20:39:44","guid":{"rendered":"https:\/\/cortex.fi\/tuote\/artezen-plyca-pikk-ratastega-karu\/"},"modified":"2023-01-18T22:39:44","modified_gmt":"2023-01-18T20:39:44","slug":"artezen-plyca-pikk-ratastega-karu","status":"publish","type":"product","link":"https:\/\/cortex.fi\/et\/tuote\/artezen-plyca-pikk-ratastega-karu\/","title":{"rendered":"ARTEZEN Plyca pikk ratastega k\u00e4ru"},"content":{"rendered":"","protected":false},"excerpt":{"rendered":"<p><strong>PLYCA<\/strong><br \/>\nPikisuunaline rull<br \/>\nPLYCA on v\u00e4ikesem\u00f5\u00f5tmeline pikk rullik pagarit\u00f6\u00f6kodadele. Suur l\u00e4bim\u00f5\u00f5t<br \/>\nrullid, mootoriga surveplaat ja pikem konstruktsioonihoob tagavad, et<br \/>\ntoote kvaliteetne kuju ja siledus. Vertikaalne rakendamine<br \/>\nn\u00f5uab minimaalset p\u00f5randapinda ja pikka vormimise aega parema tulemuse saavutamiseks.<br \/>\nTugev konstruktsioon tagab suure tootmisv\u00f5imsuse ja maksimaalse<br \/>\nusaldusv\u00e4\u00e4rsus.<br \/>\n\u25a0 Kompaktne \u00fche- v\u00f5i kahekordne pikisuunaline valtsimine.<br \/>\n\u25a0 Kiiresti reguleeritav erinevate toodete jaoks.<br \/>\n\u25a0 Lihtne juurdep\u00e4\u00e4s puhastamiseks ja hoolduseks..<\/p>\n","protected":false},"author":7,"featured_media":10564,"comment_status":"closed","ping_status":"closed","template":"","product_brand":[],"product_cat":[495],"product_tag":[571],"asiantuntija":[],"paamies":[],"healthcare":[],"pakkausmateriaalit":[],"merkinta":[],"pakkauskoneet":[],"leipomoille":[570],"tarkennus":[],"outlet":[],"class_list":{"0":"post-13338","1":"product","2":"type-product","3":"status-publish","4":"has-post-thumbnail","6":"product_cat-pagaritele","7":"product_tag-upshot","8":"leipomoille-upshot","10":"first","11":"instock","12":"taxable","13":"shipping-taxable","14":"purchasable","15":"product-type-simple"},"_links":{"self":[{"href":"https:\/\/cortex.fi\/et\/wp-json\/wp\/v2\/product\/13338","targetHints":{"allow":["GET"]}}],"collection":[{"href":"https:\/\/cortex.fi\/et\/wp-json\/wp\/v2\/product"}],"about":[{"href":"https:\/\/cortex.fi\/et\/wp-json\/wp\/v2\/types\/product"}],"author":[{"embeddable":true,"href":"https:\/\/cortex.fi\/et\/wp-json\/wp\/v2\/users\/7"}],"replies":[{"embeddable":true,"href":"https:\/\/cortex.fi\/et\/wp-json\/wp\/v2\/comments?post=13338"}],"wp:featuredmedia":[{"embeddable":true,"href":"https:\/\/cortex.fi\/et\/wp-json\/wp\/v2\/media\/10564"}],"wp:attachment":[{"href":"https:\/\/cortex.fi\/et\/wp-json\/wp\/v2\/media?parent=13338"}],"wp:term":[{"taxonomy":"product_brand","embeddable":true,"href":"https:\/\/cortex.fi\/et\/wp-json\/wp\/v2\/product_brand?post=13338"},{"taxonomy":"product_cat","embeddable":true,"href":"https:\/\/cortex.fi\/et\/wp-json\/wp\/v2\/product_cat?post=13338"},{"taxonomy":"product_tag","embeddable":true,"href":"https:\/\/cortex.fi\/et\/wp-json\/wp\/v2\/product_tag?post=13338"},{"taxonomy":"asiantuntija","embeddable":true,"href":"https:\/\/cortex.fi\/et\/wp-json\/wp\/v2\/asiantuntija?post=13338"},{"taxonomy":"paamies","embeddable":true,"href":"https:\/\/cortex.fi\/et\/wp-json\/wp\/v2\/paamies?post=13338"},{"taxonomy":"healthcare","embeddable":true,"href":"https:\/\/cortex.fi\/et\/wp-json\/wp\/v2\/healthcare?post=13338"},{"taxonomy":"pakkausmateriaalit","embeddable":true,"href":"https:\/\/cortex.fi\/et\/wp-json\/wp\/v2\/pakkausmateriaalit?post=13338"},{"taxonomy":"merkinta","embeddable":true,"href":"https:\/\/cortex.fi\/et\/wp-json\/wp\/v2\/merkinta?post=13338"},{"taxonomy":"pakkauskoneet","embeddable":true,"href":"https:\/\/cortex.fi\/et\/wp-json\/wp\/v2\/pakkauskoneet?post=13338"},{"taxonomy":"leipomoille","embeddable":true,"href":"https:\/\/cortex.fi\/et\/wp-json\/wp\/v2\/leipomoille?post=13338"},{"taxonomy":"tarkennus","embeddable":true,"href":"https:\/\/cortex.fi\/et\/wp-json\/wp\/v2\/tarkennus?post=13338"},{"taxonomy":"outlet","embeddable":true,"href":"https:\/\/cortex.fi\/et\/wp-json\/wp\/v2\/outlet?post=13338"}],"curies":[{"name":"wp","href":"https:\/\/api.w.org\/{rel}","templated":true}]}}