{"id":13283,"date":"2023-01-20T11:00:58","date_gmt":"2023-01-20T09:00:58","guid":{"rendered":"https:\/\/cortex.fi\/tuote\/audion-speedpack-hybrid-kottimismasin\/"},"modified":"2023-01-20T11:00:58","modified_gmt":"2023-01-20T09:00:58","slug":"audion-speedpack-hybrid-kottimismasin","status":"publish","type":"product","link":"https:\/\/cortex.fi\/et\/tuote\/audion-speedpack-hybrid-kottimismasin\/","title":{"rendered":"Audion Speedpack Hybrid kottimismasin"},"content":{"rendered":"","protected":false},"excerpt":{"rendered":"<p>Audion Speedpack Hybrid on kompaktne koti vormimis-, t\u00e4itmis- ja sulgemismasin, millel on t\u00e4iesti uus m\u00f5tteviis.<br \/>\nMasin vormib koti torukujulisest kilekotist enne selle t\u00e4itmist ja sulgemist v\u00f5i kasutab valmis &#8220;kottide rullis&#8221; materjali, mille puhul masin avab koti ja \u00f5mbleb selle p\u00e4rast t\u00e4itmist.<\/p>\n","protected":false},"author":5,"featured_media":10595,"comment_status":"closed","ping_status":"closed","template":"","product_brand":[],"product_cat":[526],"product_tag":[559],"asiantuntija":[],"paamies":[],"healthcare":[],"pakkausmateriaalit":[],"merkinta":[],"pakkauskoneet":[558],"leipomoille":[],"tarkennus":[],"outlet":[],"class_list":{"0":"post-13283","1":"product","2":"type-product","3":"status-publish","4":"has-post-thumbnail","6":"product_cat-pakendamismasinad","7":"product_tag-kottimismasin","8":"pakkauskoneet-kottimismasin","10":"first","11":"instock","12":"taxable","13":"shipping-taxable","14":"purchasable","15":"product-type-simple"},"_links":{"self":[{"href":"https:\/\/cortex.fi\/et\/wp-json\/wp\/v2\/product\/13283","targetHints":{"allow":["GET"]}}],"collection":[{"href":"https:\/\/cortex.fi\/et\/wp-json\/wp\/v2\/product"}],"about":[{"href":"https:\/\/cortex.fi\/et\/wp-json\/wp\/v2\/types\/product"}],"author":[{"embeddable":true,"href":"https:\/\/cortex.fi\/et\/wp-json\/wp\/v2\/users\/5"}],"replies":[{"embeddable":true,"href":"https:\/\/cortex.fi\/et\/wp-json\/wp\/v2\/comments?post=13283"}],"wp:featuredmedia":[{"embeddable":true,"href":"https:\/\/cortex.fi\/et\/wp-json\/wp\/v2\/media\/10595"}],"wp:attachment":[{"href":"https:\/\/cortex.fi\/et\/wp-json\/wp\/v2\/media?parent=13283"}],"wp:term":[{"taxonomy":"product_brand","embeddable":true,"href":"https:\/\/cortex.fi\/et\/wp-json\/wp\/v2\/product_brand?post=13283"},{"taxonomy":"product_cat","embeddable":true,"href":"https:\/\/cortex.fi\/et\/wp-json\/wp\/v2\/product_cat?post=13283"},{"taxonomy":"product_tag","embeddable":true,"href":"https:\/\/cortex.fi\/et\/wp-json\/wp\/v2\/product_tag?post=13283"},{"taxonomy":"asiantuntija","embeddable":true,"href":"https:\/\/cortex.fi\/et\/wp-json\/wp\/v2\/asiantuntija?post=13283"},{"taxonomy":"paamies","embeddable":true,"href":"https:\/\/cortex.fi\/et\/wp-json\/wp\/v2\/paamies?post=13283"},{"taxonomy":"healthcare","embeddable":true,"href":"https:\/\/cortex.fi\/et\/wp-json\/wp\/v2\/healthcare?post=13283"},{"taxonomy":"pakkausmateriaalit","embeddable":true,"href":"https:\/\/cortex.fi\/et\/wp-json\/wp\/v2\/pakkausmateriaalit?post=13283"},{"taxonomy":"merkinta","embeddable":true,"href":"https:\/\/cortex.fi\/et\/wp-json\/wp\/v2\/merkinta?post=13283"},{"taxonomy":"pakkauskoneet","embeddable":true,"href":"https:\/\/cortex.fi\/et\/wp-json\/wp\/v2\/pakkauskoneet?post=13283"},{"taxonomy":"leipomoille","embeddable":true,"href":"https:\/\/cortex.fi\/et\/wp-json\/wp\/v2\/leipomoille?post=13283"},{"taxonomy":"tarkennus","embeddable":true,"href":"https:\/\/cortex.fi\/et\/wp-json\/wp\/v2\/tarkennus?post=13283"},{"taxonomy":"outlet","embeddable":true,"href":"https:\/\/cortex.fi\/et\/wp-json\/wp\/v2\/outlet?post=13283"}],"curies":[{"name":"wp","href":"https:\/\/api.w.org\/{rel}","templated":true}]}}