{"id":13278,"date":"2023-01-19T10:04:47","date_gmt":"2023-01-19T08:04:47","guid":{"rendered":"https:\/\/cortex.fi\/tuote\/tindiprinter-kortho-graphicjet-x-18-x-72\/"},"modified":"2023-01-19T10:04:47","modified_gmt":"2023-01-19T08:04:47","slug":"tindiprinter-kortho-graphicjet-x-18-x-72","status":"publish","type":"product","link":"https:\/\/cortex.fi\/et\/tuote\/tindiprinter-kortho-graphicjet-x-18-x-72\/","title":{"rendered":"Tindiprinter Kortho GraphicJet X-18\/X-72"},"content":{"rendered":"","protected":false},"excerpt":{"rendered":"<p>Kortho GraphicJet X-18\/X-72 tindiprinterid tr\u00fckivad mitmesugustele poorsetele pindadele suure eraldusv\u00f5imega v\u00e4ljatr\u00fckiga. Tr\u00fckkimine on v\u00e4ga kuluefektiivne v\u00f5rreldes etikettide v\u00f5i sarnaste kassettidega tindiprinteritega.<\/p>\n<p>Kortho enda puuteekraaniga kasutajaliides v\u00f5imaldab h\u00f5lpsasti luua etiketip\u00f5hju ilma eraldi etiketitarkvara kasutamata. Printeripea t\u00e4iustatud tehnoloogia tagab hooldusvaba ja veavaba printimise ning suurep\u00e4rase tulemuse.<\/p>\n","protected":false},"author":6,"featured_media":10444,"comment_status":"closed","ping_status":"closed","template":"","product_brand":[],"product_cat":[519],"product_tag":[544],"asiantuntija":[],"paamies":[],"healthcare":[],"pakkausmateriaalit":[],"merkinta":[543],"pakkauskoneet":[],"leipomoille":[],"tarkennus":[],"outlet":[],"class_list":{"0":"post-13278","1":"product","2":"type-product","3":"status-publish","4":"has-post-thumbnail","6":"product_cat-sisestus","7":"product_tag-tindiprits","8":"merkinta-tindiprits","10":"first","11":"instock","12":"taxable","13":"shipping-taxable","14":"purchasable","15":"product-type-simple"},"_links":{"self":[{"href":"https:\/\/cortex.fi\/et\/wp-json\/wp\/v2\/product\/13278","targetHints":{"allow":["GET"]}}],"collection":[{"href":"https:\/\/cortex.fi\/et\/wp-json\/wp\/v2\/product"}],"about":[{"href":"https:\/\/cortex.fi\/et\/wp-json\/wp\/v2\/types\/product"}],"author":[{"embeddable":true,"href":"https:\/\/cortex.fi\/et\/wp-json\/wp\/v2\/users\/6"}],"replies":[{"embeddable":true,"href":"https:\/\/cortex.fi\/et\/wp-json\/wp\/v2\/comments?post=13278"}],"wp:featuredmedia":[{"embeddable":true,"href":"https:\/\/cortex.fi\/et\/wp-json\/wp\/v2\/media\/10444"}],"wp:attachment":[{"href":"https:\/\/cortex.fi\/et\/wp-json\/wp\/v2\/media?parent=13278"}],"wp:term":[{"taxonomy":"product_brand","embeddable":true,"href":"https:\/\/cortex.fi\/et\/wp-json\/wp\/v2\/product_brand?post=13278"},{"taxonomy":"product_cat","embeddable":true,"href":"https:\/\/cortex.fi\/et\/wp-json\/wp\/v2\/product_cat?post=13278"},{"taxonomy":"product_tag","embeddable":true,"href":"https:\/\/cortex.fi\/et\/wp-json\/wp\/v2\/product_tag?post=13278"},{"taxonomy":"asiantuntija","embeddable":true,"href":"https:\/\/cortex.fi\/et\/wp-json\/wp\/v2\/asiantuntija?post=13278"},{"taxonomy":"paamies","embeddable":true,"href":"https:\/\/cortex.fi\/et\/wp-json\/wp\/v2\/paamies?post=13278"},{"taxonomy":"healthcare","embeddable":true,"href":"https:\/\/cortex.fi\/et\/wp-json\/wp\/v2\/healthcare?post=13278"},{"taxonomy":"pakkausmateriaalit","embeddable":true,"href":"https:\/\/cortex.fi\/et\/wp-json\/wp\/v2\/pakkausmateriaalit?post=13278"},{"taxonomy":"merkinta","embeddable":true,"href":"https:\/\/cortex.fi\/et\/wp-json\/wp\/v2\/merkinta?post=13278"},{"taxonomy":"pakkauskoneet","embeddable":true,"href":"https:\/\/cortex.fi\/et\/wp-json\/wp\/v2\/pakkauskoneet?post=13278"},{"taxonomy":"leipomoille","embeddable":true,"href":"https:\/\/cortex.fi\/et\/wp-json\/wp\/v2\/leipomoille?post=13278"},{"taxonomy":"tarkennus","embeddable":true,"href":"https:\/\/cortex.fi\/et\/wp-json\/wp\/v2\/tarkennus?post=13278"},{"taxonomy":"outlet","embeddable":true,"href":"https:\/\/cortex.fi\/et\/wp-json\/wp\/v2\/outlet?post=13278"}],"curies":[{"name":"wp","href":"https:\/\/api.w.org\/{rel}","templated":true}]}}