{"id":13251,"date":"2023-02-07T14:36:31","date_gmt":"2023-02-07T12:36:31","guid":{"rendered":"https:\/\/cortex.fi\/tuote\/flowpack-vertikaalne-pakendamismasin-pfm-zc1\/"},"modified":"2023-02-07T14:36:31","modified_gmt":"2023-02-07T12:36:31","slug":"flowpack-vertikaalne-pakendamismasin-pfm-zc1","status":"publish","type":"product","link":"https:\/\/cortex.fi\/et\/tuote\/flowpack-vertikaalne-pakendamismasin-pfm-zc1\/","title":{"rendered":"Flowpack vertikaalne pakendamismasin PFM ZC1"},"content":{"rendered":"","protected":false},"excerpt":{"rendered":"<p>Vertikaalne Flowpack-pakendamismasin vormib pakendi kilest, mis juhitakse vormimiskaela abil v\u00e4ljastustorule. Toode viiakse v\u00e4ljastustorust pakendisse ja pakend suletakse kuumalt.<\/p>\n<p>PFM ZC1 \u00fchendab Zenithi pakkimismasina ja MBP C1 seeria mitmeotsapressi kompaktsesse paketti.<br \/>\nMasin sobib ideaalselt suupistete ja muude kuivade toodete valmistamiseks.<\/p>\n<p>ZC1 pakub k\u00f5rget kvaliteeditaset seoses kaalumise t\u00e4psuse, t\u00e4ieliku pakendamise, lihtsa hoolduse ja programmeerimise ning kasutamisohutusega.<\/p>\n","protected":false},"author":5,"featured_media":10842,"comment_status":"closed","ping_status":"closed","template":"","product_brand":[],"product_cat":[526],"product_tag":[540],"asiantuntija":[],"paamies":[],"healthcare":[],"pakkausmateriaalit":[],"merkinta":[],"pakkauskoneet":[539],"leipomoille":[],"tarkennus":[599],"outlet":[],"class_list":{"0":"post-13251","1":"product","2":"type-product","3":"status-publish","4":"has-post-thumbnail","6":"product_cat-pakendamismasinad","7":"product_tag-flowpack-et","8":"pakkauskoneet-flowpack-et","9":"tarkennus-vertikaalne-pakendamismasin","11":"first","12":"instock","13":"taxable","14":"shipping-taxable","15":"purchasable","16":"product-type-simple"},"_links":{"self":[{"href":"https:\/\/cortex.fi\/et\/wp-json\/wp\/v2\/product\/13251","targetHints":{"allow":["GET"]}}],"collection":[{"href":"https:\/\/cortex.fi\/et\/wp-json\/wp\/v2\/product"}],"about":[{"href":"https:\/\/cortex.fi\/et\/wp-json\/wp\/v2\/types\/product"}],"author":[{"embeddable":true,"href":"https:\/\/cortex.fi\/et\/wp-json\/wp\/v2\/users\/5"}],"replies":[{"embeddable":true,"href":"https:\/\/cortex.fi\/et\/wp-json\/wp\/v2\/comments?post=13251"}],"wp:featuredmedia":[{"embeddable":true,"href":"https:\/\/cortex.fi\/et\/wp-json\/wp\/v2\/media\/10842"}],"wp:attachment":[{"href":"https:\/\/cortex.fi\/et\/wp-json\/wp\/v2\/media?parent=13251"}],"wp:term":[{"taxonomy":"product_brand","embeddable":true,"href":"https:\/\/cortex.fi\/et\/wp-json\/wp\/v2\/product_brand?post=13251"},{"taxonomy":"product_cat","embeddable":true,"href":"https:\/\/cortex.fi\/et\/wp-json\/wp\/v2\/product_cat?post=13251"},{"taxonomy":"product_tag","embeddable":true,"href":"https:\/\/cortex.fi\/et\/wp-json\/wp\/v2\/product_tag?post=13251"},{"taxonomy":"asiantuntija","embeddable":true,"href":"https:\/\/cortex.fi\/et\/wp-json\/wp\/v2\/asiantuntija?post=13251"},{"taxonomy":"paamies","embeddable":true,"href":"https:\/\/cortex.fi\/et\/wp-json\/wp\/v2\/paamies?post=13251"},{"taxonomy":"healthcare","embeddable":true,"href":"https:\/\/cortex.fi\/et\/wp-json\/wp\/v2\/healthcare?post=13251"},{"taxonomy":"pakkausmateriaalit","embeddable":true,"href":"https:\/\/cortex.fi\/et\/wp-json\/wp\/v2\/pakkausmateriaalit?post=13251"},{"taxonomy":"merkinta","embeddable":true,"href":"https:\/\/cortex.fi\/et\/wp-json\/wp\/v2\/merkinta?post=13251"},{"taxonomy":"pakkauskoneet","embeddable":true,"href":"https:\/\/cortex.fi\/et\/wp-json\/wp\/v2\/pakkauskoneet?post=13251"},{"taxonomy":"leipomoille","embeddable":true,"href":"https:\/\/cortex.fi\/et\/wp-json\/wp\/v2\/leipomoille?post=13251"},{"taxonomy":"tarkennus","embeddable":true,"href":"https:\/\/cortex.fi\/et\/wp-json\/wp\/v2\/tarkennus?post=13251"},{"taxonomy":"outlet","embeddable":true,"href":"https:\/\/cortex.fi\/et\/wp-json\/wp\/v2\/outlet?post=13251"}],"curies":[{"name":"wp","href":"https:\/\/api.w.org\/{rel}","templated":true}]}}