{"id":13247,"date":"2023-01-18T19:09:19","date_gmt":"2023-01-18T17:09:19","guid":{"rendered":"https:\/\/cortex.fi\/tuote\/elektrilised-konvektsiooniga-ahjud-europa-kilby\/"},"modified":"2023-01-18T19:09:19","modified_gmt":"2023-01-18T17:09:19","slug":"elektrilised-konvektsiooniga-ahjud-europa-kilby","status":"publish","type":"product","link":"https:\/\/cortex.fi\/et\/tuote\/elektrilised-konvektsiooniga-ahjud-europa-kilby\/","title":{"rendered":"Elektrilised konvektsiooniga ahjud Europa Kilby"},"content":{"rendered":"","protected":false},"excerpt":{"rendered":"<p><strong>KILBY<\/strong><br \/>\nElektrilised konvektsioonahjud pagari- ja kondiitritoodete jaoks<br \/>\nTsirkuleeriva \u00f5huga ahjud intensiivseks ja kvaliteetseks tootmiseks<br \/>\nSaadaval suurustes 40&#215;60 &#8211; 40&#215;80 &#8211; 45&#215;65 &#8211; 46&#215;61 &#8211; 46&#215;66 (18 &#8220;x26&#8221;).<br \/>\n45&#215;75 &#8211; 46&#215;76 (18 &#8220;x30&#8221;)<br \/>\n\u25a0 KILBY, kindel konstruktsioon, on loodud leibade ja maiustuste parimate omaduste kombineerimisega<br \/>\nn\u00f5udlikele ja oskuslikele k\u00fcpsetajatele, kes soovivad pakkuda v\u00e4ga kvaliteetset<br \/>\ntooted v\u00e4ikestel ahjudel.<br \/>\n\u25a0 saadaval ka integreeritud restiga ahjuga<br \/>\n\u25a0 digitaalne v\u00f5i elektromehaaniline juhtpaneel. Varustatud aurustusseadme ja 2-kiiruselise seadmega<br \/>\nringlus-, imemis- v\u00f5i kondensaatoriga kapuuts, lehtmetallist raamiga \u0161assii<br \/>\nv\u00f5i t\u00f5stukiga.<br \/>\n\u25a0 standardversioon, mille juhtpaneel on paremal ja uksehinged vasakul<\/p>\n","protected":false},"author":7,"featured_media":10503,"comment_status":"closed","ping_status":"closed","template":"","product_brand":[],"product_cat":[495],"product_tag":[598],"asiantuntija":[],"paamies":[],"healthcare":[],"pakkausmateriaalit":[],"merkinta":[],"pakkauskoneet":[],"leipomoille":[597],"tarkennus":[],"outlet":[],"class_list":{"0":"post-13247","1":"product","2":"type-product","3":"status-publish","4":"has-post-thumbnail","6":"product_cat-pagaritele","7":"product_tag-pagariari","8":"leipomoille-pagariari","10":"first","11":"instock","12":"taxable","13":"shipping-taxable","14":"purchasable","15":"product-type-simple"},"_links":{"self":[{"href":"https:\/\/cortex.fi\/et\/wp-json\/wp\/v2\/product\/13247","targetHints":{"allow":["GET"]}}],"collection":[{"href":"https:\/\/cortex.fi\/et\/wp-json\/wp\/v2\/product"}],"about":[{"href":"https:\/\/cortex.fi\/et\/wp-json\/wp\/v2\/types\/product"}],"author":[{"embeddable":true,"href":"https:\/\/cortex.fi\/et\/wp-json\/wp\/v2\/users\/7"}],"replies":[{"embeddable":true,"href":"https:\/\/cortex.fi\/et\/wp-json\/wp\/v2\/comments?post=13247"}],"wp:featuredmedia":[{"embeddable":true,"href":"https:\/\/cortex.fi\/et\/wp-json\/wp\/v2\/media\/10503"}],"wp:attachment":[{"href":"https:\/\/cortex.fi\/et\/wp-json\/wp\/v2\/media?parent=13247"}],"wp:term":[{"taxonomy":"product_brand","embeddable":true,"href":"https:\/\/cortex.fi\/et\/wp-json\/wp\/v2\/product_brand?post=13247"},{"taxonomy":"product_cat","embeddable":true,"href":"https:\/\/cortex.fi\/et\/wp-json\/wp\/v2\/product_cat?post=13247"},{"taxonomy":"product_tag","embeddable":true,"href":"https:\/\/cortex.fi\/et\/wp-json\/wp\/v2\/product_tag?post=13247"},{"taxonomy":"asiantuntija","embeddable":true,"href":"https:\/\/cortex.fi\/et\/wp-json\/wp\/v2\/asiantuntija?post=13247"},{"taxonomy":"paamies","embeddable":true,"href":"https:\/\/cortex.fi\/et\/wp-json\/wp\/v2\/paamies?post=13247"},{"taxonomy":"healthcare","embeddable":true,"href":"https:\/\/cortex.fi\/et\/wp-json\/wp\/v2\/healthcare?post=13247"},{"taxonomy":"pakkausmateriaalit","embeddable":true,"href":"https:\/\/cortex.fi\/et\/wp-json\/wp\/v2\/pakkausmateriaalit?post=13247"},{"taxonomy":"merkinta","embeddable":true,"href":"https:\/\/cortex.fi\/et\/wp-json\/wp\/v2\/merkinta?post=13247"},{"taxonomy":"pakkauskoneet","embeddable":true,"href":"https:\/\/cortex.fi\/et\/wp-json\/wp\/v2\/pakkauskoneet?post=13247"},{"taxonomy":"leipomoille","embeddable":true,"href":"https:\/\/cortex.fi\/et\/wp-json\/wp\/v2\/leipomoille?post=13247"},{"taxonomy":"tarkennus","embeddable":true,"href":"https:\/\/cortex.fi\/et\/wp-json\/wp\/v2\/tarkennus?post=13247"},{"taxonomy":"outlet","embeddable":true,"href":"https:\/\/cortex.fi\/et\/wp-json\/wp\/v2\/outlet?post=13247"}],"curies":[{"name":"wp","href":"https:\/\/api.w.org\/{rel}","templated":true}]}}