{"id":13156,"date":"2022-09-28T13:01:52","date_gmt":"2022-09-28T10:01:52","guid":{"rendered":"https:\/\/cortex.fi\/tuote\/pakkimismasin-robopac-ecoplat-plus-frd\/"},"modified":"2022-09-28T13:01:52","modified_gmt":"2022-09-28T10:01:52","slug":"pakkimismasin-robopac-ecoplat-plus-frd","status":"publish","type":"product","link":"https:\/\/cortex.fi\/et\/tuote\/pakkimismasin-robopac-ecoplat-plus-frd\/","title":{"rendered":"Pakkimismasin Robopac Ecoplat Plus FRD"},"content":{"rendered":"","protected":false},"excerpt":{"rendered":"<p>Poolautomaatne pingutuspakkimismasin, mille v\u00f5ib j\u00e4tta kaubaaluse ise pakkimiseks, kui kile on kinnitatud ja masin on k\u00e4ivitatud.<br \/>\nEcoplati tootesarjas kasutatakse uusimat tehnoloogiat, et muuta k\u00e4itamine ja ehitamine v\u00f5imalikult lihtsaks ja taskukohaseks. Masina kasutusmugavus ja t\u00f6\u00f6kindlus on tipptasemel, mis annab kasutajale eelise kasutuskulude osas ja v\u00f5imaluse valmistada pakkimismasinat v\u00e4ikese eelarvega.<\/p>\n<p><strong>Membraani venitamine <\/strong><br \/>\nMehaaniline h\u00f5\u00f5rdepidur, t\u00fc\u00fcp FRD, reguleeritav diafragmaliugist.<\/p>\n<p>Siin on <a href=\"https:\/\/www.robopac.com\/en\/ecoplat-plus-p574\">link<\/a> tehase veebisaidile<\/p>\n<p><a href=\"https:\/\/cortex.fi\/pakkausmateriaalit\/?jsf=jet-woo-products-grid&amp;tax=product_cat:27;product_tag:379\">Vaata olemasolevaid filme siit<\/a><\/p>\n","protected":false},"author":8,"featured_media":10377,"comment_status":"closed","ping_status":"closed","template":"","product_brand":[],"product_cat":[526],"product_tag":[527],"asiantuntija":[],"paamies":[],"healthcare":[],"pakkausmateriaalit":[],"merkinta":[],"pakkauskoneet":[505],"leipomoille":[],"tarkennus":[542],"outlet":[],"class_list":{"0":"post-13156","1":"product","2":"type-product","3":"status-publish","4":"has-post-thumbnail","6":"product_cat-pakendamismasinad","7":"product_tag-pakkimismasin","8":"pakkauskoneet-kaarintakone-et","9":"tarkennus-poolautomaatsed-pakkimismasinad","11":"first","12":"instock","13":"taxable","14":"shipping-taxable","15":"purchasable","16":"product-type-variable","17":"has-default-attributes"},"_links":{"self":[{"href":"https:\/\/cortex.fi\/et\/wp-json\/wp\/v2\/product\/13156","targetHints":{"allow":["GET"]}}],"collection":[{"href":"https:\/\/cortex.fi\/et\/wp-json\/wp\/v2\/product"}],"about":[{"href":"https:\/\/cortex.fi\/et\/wp-json\/wp\/v2\/types\/product"}],"author":[{"embeddable":true,"href":"https:\/\/cortex.fi\/et\/wp-json\/wp\/v2\/users\/8"}],"replies":[{"embeddable":true,"href":"https:\/\/cortex.fi\/et\/wp-json\/wp\/v2\/comments?post=13156"}],"wp:featuredmedia":[{"embeddable":true,"href":"https:\/\/cortex.fi\/et\/wp-json\/wp\/v2\/media\/10377"}],"wp:attachment":[{"href":"https:\/\/cortex.fi\/et\/wp-json\/wp\/v2\/media?parent=13156"}],"wp:term":[{"taxonomy":"product_brand","embeddable":true,"href":"https:\/\/cortex.fi\/et\/wp-json\/wp\/v2\/product_brand?post=13156"},{"taxonomy":"product_cat","embeddable":true,"href":"https:\/\/cortex.fi\/et\/wp-json\/wp\/v2\/product_cat?post=13156"},{"taxonomy":"product_tag","embeddable":true,"href":"https:\/\/cortex.fi\/et\/wp-json\/wp\/v2\/product_tag?post=13156"},{"taxonomy":"asiantuntija","embeddable":true,"href":"https:\/\/cortex.fi\/et\/wp-json\/wp\/v2\/asiantuntija?post=13156"},{"taxonomy":"paamies","embeddable":true,"href":"https:\/\/cortex.fi\/et\/wp-json\/wp\/v2\/paamies?post=13156"},{"taxonomy":"healthcare","embeddable":true,"href":"https:\/\/cortex.fi\/et\/wp-json\/wp\/v2\/healthcare?post=13156"},{"taxonomy":"pakkausmateriaalit","embeddable":true,"href":"https:\/\/cortex.fi\/et\/wp-json\/wp\/v2\/pakkausmateriaalit?post=13156"},{"taxonomy":"merkinta","embeddable":true,"href":"https:\/\/cortex.fi\/et\/wp-json\/wp\/v2\/merkinta?post=13156"},{"taxonomy":"pakkauskoneet","embeddable":true,"href":"https:\/\/cortex.fi\/et\/wp-json\/wp\/v2\/pakkauskoneet?post=13156"},{"taxonomy":"leipomoille","embeddable":true,"href":"https:\/\/cortex.fi\/et\/wp-json\/wp\/v2\/leipomoille?post=13156"},{"taxonomy":"tarkennus","embeddable":true,"href":"https:\/\/cortex.fi\/et\/wp-json\/wp\/v2\/tarkennus?post=13156"},{"taxonomy":"outlet","embeddable":true,"href":"https:\/\/cortex.fi\/et\/wp-json\/wp\/v2\/outlet?post=13156"}],"curies":[{"name":"wp","href":"https:\/\/api.w.org\/{rel}","templated":true}]}}