{"id":13139,"date":"2023-01-30T11:38:45","date_gmt":"2023-01-30T09:38:45","guid":{"rendered":"https:\/\/cortex.fi\/tuote\/uusio-pe-flat-membraanid\/"},"modified":"2023-01-30T11:38:45","modified_gmt":"2023-01-30T09:38:45","slug":"uusio-pe-flat-membraanid","status":"publish","type":"product","link":"https:\/\/cortex.fi\/et\/tuote\/uusio-pe-flat-membraanid\/","title":{"rendered":"Uusio PE-flat membraanid"},"content":{"rendered":"","protected":false},"excerpt":{"rendered":"<p>Uued kiled on mugav viis erinevate toodete kaitsmiseks ja pakendamiseks. Uue materjalist valmistatud lame kile on tunduvalt odavam toota kui neitsi kile ja keskkonnas\u00f5bralikum variant. Uusio PE-kiled on saadaval l\u00e4bipaistvate, mustade, valgete, must-valgete ja ka UV-kaitsega. Palun k\u00fcsige ka teisi v\u00e4rve ja funktsioone.<\/p>\n<p>K\u00f5ik meie kiled on 100% taaskasutatavad.<\/p>\n","protected":false},"author":9,"featured_media":10103,"comment_status":"closed","ping_status":"closed","template":"","product_brand":[],"product_cat":[511],"product_tag":[534,531],"asiantuntija":[],"paamies":[],"healthcare":[],"pakkausmateriaalit":[510,530],"merkinta":[],"pakkauskoneet":[],"leipomoille":[],"tarkennus":[575],"outlet":[],"class_list":{"0":"post-13139","1":"product","2":"type-product","3":"status-publish","4":"has-post-thumbnail","6":"product_cat-pakendimaterjalid","7":"product_tag-ecortex-et","8":"product_tag-membraanid","9":"pakkausmateriaalit-ecortex-et","10":"pakkausmateriaalit-muud-kiled","11":"tarkennus-uued-membraanid","13":"first","14":"instock","15":"taxable","16":"shipping-taxable","17":"purchasable","18":"product-type-variable"},"_links":{"self":[{"href":"https:\/\/cortex.fi\/et\/wp-json\/wp\/v2\/product\/13139","targetHints":{"allow":["GET"]}}],"collection":[{"href":"https:\/\/cortex.fi\/et\/wp-json\/wp\/v2\/product"}],"about":[{"href":"https:\/\/cortex.fi\/et\/wp-json\/wp\/v2\/types\/product"}],"author":[{"embeddable":true,"href":"https:\/\/cortex.fi\/et\/wp-json\/wp\/v2\/users\/9"}],"replies":[{"embeddable":true,"href":"https:\/\/cortex.fi\/et\/wp-json\/wp\/v2\/comments?post=13139"}],"wp:featuredmedia":[{"embeddable":true,"href":"https:\/\/cortex.fi\/et\/wp-json\/wp\/v2\/media\/10103"}],"wp:attachment":[{"href":"https:\/\/cortex.fi\/et\/wp-json\/wp\/v2\/media?parent=13139"}],"wp:term":[{"taxonomy":"product_brand","embeddable":true,"href":"https:\/\/cortex.fi\/et\/wp-json\/wp\/v2\/product_brand?post=13139"},{"taxonomy":"product_cat","embeddable":true,"href":"https:\/\/cortex.fi\/et\/wp-json\/wp\/v2\/product_cat?post=13139"},{"taxonomy":"product_tag","embeddable":true,"href":"https:\/\/cortex.fi\/et\/wp-json\/wp\/v2\/product_tag?post=13139"},{"taxonomy":"asiantuntija","embeddable":true,"href":"https:\/\/cortex.fi\/et\/wp-json\/wp\/v2\/asiantuntija?post=13139"},{"taxonomy":"paamies","embeddable":true,"href":"https:\/\/cortex.fi\/et\/wp-json\/wp\/v2\/paamies?post=13139"},{"taxonomy":"healthcare","embeddable":true,"href":"https:\/\/cortex.fi\/et\/wp-json\/wp\/v2\/healthcare?post=13139"},{"taxonomy":"pakkausmateriaalit","embeddable":true,"href":"https:\/\/cortex.fi\/et\/wp-json\/wp\/v2\/pakkausmateriaalit?post=13139"},{"taxonomy":"merkinta","embeddable":true,"href":"https:\/\/cortex.fi\/et\/wp-json\/wp\/v2\/merkinta?post=13139"},{"taxonomy":"pakkauskoneet","embeddable":true,"href":"https:\/\/cortex.fi\/et\/wp-json\/wp\/v2\/pakkauskoneet?post=13139"},{"taxonomy":"leipomoille","embeddable":true,"href":"https:\/\/cortex.fi\/et\/wp-json\/wp\/v2\/leipomoille?post=13139"},{"taxonomy":"tarkennus","embeddable":true,"href":"https:\/\/cortex.fi\/et\/wp-json\/wp\/v2\/tarkennus?post=13139"},{"taxonomy":"outlet","embeddable":true,"href":"https:\/\/cortex.fi\/et\/wp-json\/wp\/v2\/outlet?post=13139"}],"curies":[{"name":"wp","href":"https:\/\/api.w.org\/{rel}","templated":true}]}}