{"id":13130,"date":"2022-07-18T16:10:16","date_gmt":"2022-07-18T13:10:16","guid":{"rendered":"https:\/\/cortex.fi\/tuote\/pet-veljed\/"},"modified":"2022-07-18T16:10:16","modified_gmt":"2022-07-18T13:10:16","slug":"pet-veljed","status":"publish","type":"product","link":"https:\/\/cortex.fi\/et\/tuote\/pet-veljed\/","title":{"rendered":"PET-veljed"},"content":{"rendered":"","protected":false},"excerpt":{"rendered":"<p>PET-veljed (pol\u00fcet\u00fcleentereftalaat) v\u00f5ivad paljudel juhtudel asendada terasveljed. Traditsiooniline terasvelg<br \/>\nv\u00f5rreldes eeliste hulka kuuluvad t\u00f5mbetugevus ja vastupidavus \u0161okkidele ladustamise ja transpordi ajal. Lisaks sellele on PET-veljed<br \/>\nhea vastupidavus UV-valgusele ja muutuvatele ilmastikutingimustele ning on t\u00e4iesti korrosioonivabad. Kergus toob kokkuhoidu transpordikuludes<br \/>\nja h\u00f5lbustavad k\u00e4itlemist.<\/p>\n<p>PET-veljed on 100% ringlussev\u00f5etavad ja neid saab k\u00f5rvaldada energiaj\u00e4\u00e4tmetena.<\/p>\n","protected":false},"author":1,"featured_media":10178,"comment_status":"closed","ping_status":"closed","template":"","product_brand":[],"product_cat":[511],"product_tag":[593],"asiantuntija":[],"paamies":[],"healthcare":[],"pakkausmateriaalit":[592],"merkinta":[],"pakkauskoneet":[],"leipomoille":[],"tarkennus":[590],"outlet":[],"class_list":{"0":"post-13130","1":"product","2":"type-product","3":"status-publish","4":"has-post-thumbnail","6":"product_cat-pakendimaterjalid","7":"product_tag-veljed-ja-ribad","8":"pakkausmateriaalit-veljed-ja-ribad","9":"tarkennus-pet-veljed","11":"first","12":"instock","13":"featured","14":"taxable","15":"shipping-taxable","16":"purchasable","17":"product-type-variable"},"_links":{"self":[{"href":"https:\/\/cortex.fi\/et\/wp-json\/wp\/v2\/product\/13130","targetHints":{"allow":["GET"]}}],"collection":[{"href":"https:\/\/cortex.fi\/et\/wp-json\/wp\/v2\/product"}],"about":[{"href":"https:\/\/cortex.fi\/et\/wp-json\/wp\/v2\/types\/product"}],"author":[{"embeddable":true,"href":"https:\/\/cortex.fi\/et\/wp-json\/wp\/v2\/users\/1"}],"replies":[{"embeddable":true,"href":"https:\/\/cortex.fi\/et\/wp-json\/wp\/v2\/comments?post=13130"}],"wp:featuredmedia":[{"embeddable":true,"href":"https:\/\/cortex.fi\/et\/wp-json\/wp\/v2\/media\/10178"}],"wp:attachment":[{"href":"https:\/\/cortex.fi\/et\/wp-json\/wp\/v2\/media?parent=13130"}],"wp:term":[{"taxonomy":"product_brand","embeddable":true,"href":"https:\/\/cortex.fi\/et\/wp-json\/wp\/v2\/product_brand?post=13130"},{"taxonomy":"product_cat","embeddable":true,"href":"https:\/\/cortex.fi\/et\/wp-json\/wp\/v2\/product_cat?post=13130"},{"taxonomy":"product_tag","embeddable":true,"href":"https:\/\/cortex.fi\/et\/wp-json\/wp\/v2\/product_tag?post=13130"},{"taxonomy":"asiantuntija","embeddable":true,"href":"https:\/\/cortex.fi\/et\/wp-json\/wp\/v2\/asiantuntija?post=13130"},{"taxonomy":"paamies","embeddable":true,"href":"https:\/\/cortex.fi\/et\/wp-json\/wp\/v2\/paamies?post=13130"},{"taxonomy":"healthcare","embeddable":true,"href":"https:\/\/cortex.fi\/et\/wp-json\/wp\/v2\/healthcare?post=13130"},{"taxonomy":"pakkausmateriaalit","embeddable":true,"href":"https:\/\/cortex.fi\/et\/wp-json\/wp\/v2\/pakkausmateriaalit?post=13130"},{"taxonomy":"merkinta","embeddable":true,"href":"https:\/\/cortex.fi\/et\/wp-json\/wp\/v2\/merkinta?post=13130"},{"taxonomy":"pakkauskoneet","embeddable":true,"href":"https:\/\/cortex.fi\/et\/wp-json\/wp\/v2\/pakkauskoneet?post=13130"},{"taxonomy":"leipomoille","embeddable":true,"href":"https:\/\/cortex.fi\/et\/wp-json\/wp\/v2\/leipomoille?post=13130"},{"taxonomy":"tarkennus","embeddable":true,"href":"https:\/\/cortex.fi\/et\/wp-json\/wp\/v2\/tarkennus?post=13130"},{"taxonomy":"outlet","embeddable":true,"href":"https:\/\/cortex.fi\/et\/wp-json\/wp\/v2\/outlet?post=13130"}],"curies":[{"name":"wp","href":"https:\/\/api.w.org\/{rel}","templated":true}]}}