{"id":13125,"date":"2023-02-07T15:10:12","date_gmt":"2023-02-07T13:10:12","guid":{"rendered":"https:\/\/cortex.fi\/tuote\/nurgakaitse-u-profiil\/"},"modified":"2023-02-07T15:10:12","modified_gmt":"2023-02-07T13:10:12","slug":"nurgakaitse-u-profiil","status":"publish","type":"product","link":"https:\/\/cortex.fi\/et\/tuote\/nurgakaitse-u-profiil\/","title":{"rendered":"Nurgakaitse U-profiil"},"content":{"rendered":"","protected":false},"excerpt":{"rendered":"<p>U-profiili nurgakaitse sobib nurkade ja nurkade \u00fcheaegseks kaitsmiseks. Samuti on v\u00f5imalik, et kaanele on liimitud pehmendus, et kaitsta toote v\u00e4ljaulatuvaid osi.<br \/>\nU-profiil on saadaval lamedana, kokkuvoldituna, kahesuunalise v\u00f5i teise varjualusega kokku panduna.<\/p>\n<p>Nurgakaitsmeid kasutatakse n\u00e4iteks kaubaaluste nurkades, et kaitsta serva kokkusurumise eest, lauaplaatide ja uste nurkade kaitsmiseks ning purunevate toodete, n\u00e4iteks klaasi servade kaitsmiseks. Saadaval valge, pruun v\u00f5i tr\u00fckitud kujul. Tootmisprotsessis kasutatav papp on 100% ringlussev\u00f5etud paber. On olemas suur valik eri suuruses, paksusega, katte ja profiiliga nurgakaitsmeid.<\/p>\n<p>K\u00f5iki nurgakaitsmeid saab kohandada vastavalt kliendi vajadustele.<\/p>\n","protected":false},"author":9,"featured_media":10663,"comment_status":"closed","ping_status":"closed","template":"","product_brand":[],"product_cat":[511],"product_tag":[534,567],"asiantuntija":[],"paamies":[],"healthcare":[],"pakkausmateriaalit":[510,566],"merkinta":[],"pakkauskoneet":[],"leipomoille":[],"tarkennus":[636],"outlet":[],"class_list":{"0":"post-13125","1":"product","2":"type-product","3":"status-publish","4":"has-post-thumbnail","6":"product_cat-pakendimaterjalid","7":"product_tag-ecortex-et","8":"product_tag-nurgakaitsmed","9":"pakkausmateriaalit-ecortex-et","10":"pakkausmateriaalit-nurgakaitsmed","11":"tarkennus-u-profiil","13":"first","14":"instock","15":"taxable","16":"shipping-taxable","17":"purchasable","18":"product-type-simple"},"_links":{"self":[{"href":"https:\/\/cortex.fi\/et\/wp-json\/wp\/v2\/product\/13125","targetHints":{"allow":["GET"]}}],"collection":[{"href":"https:\/\/cortex.fi\/et\/wp-json\/wp\/v2\/product"}],"about":[{"href":"https:\/\/cortex.fi\/et\/wp-json\/wp\/v2\/types\/product"}],"author":[{"embeddable":true,"href":"https:\/\/cortex.fi\/et\/wp-json\/wp\/v2\/users\/9"}],"replies":[{"embeddable":true,"href":"https:\/\/cortex.fi\/et\/wp-json\/wp\/v2\/comments?post=13125"}],"wp:featuredmedia":[{"embeddable":true,"href":"https:\/\/cortex.fi\/et\/wp-json\/wp\/v2\/media\/10663"}],"wp:attachment":[{"href":"https:\/\/cortex.fi\/et\/wp-json\/wp\/v2\/media?parent=13125"}],"wp:term":[{"taxonomy":"product_brand","embeddable":true,"href":"https:\/\/cortex.fi\/et\/wp-json\/wp\/v2\/product_brand?post=13125"},{"taxonomy":"product_cat","embeddable":true,"href":"https:\/\/cortex.fi\/et\/wp-json\/wp\/v2\/product_cat?post=13125"},{"taxonomy":"product_tag","embeddable":true,"href":"https:\/\/cortex.fi\/et\/wp-json\/wp\/v2\/product_tag?post=13125"},{"taxonomy":"asiantuntija","embeddable":true,"href":"https:\/\/cortex.fi\/et\/wp-json\/wp\/v2\/asiantuntija?post=13125"},{"taxonomy":"paamies","embeddable":true,"href":"https:\/\/cortex.fi\/et\/wp-json\/wp\/v2\/paamies?post=13125"},{"taxonomy":"healthcare","embeddable":true,"href":"https:\/\/cortex.fi\/et\/wp-json\/wp\/v2\/healthcare?post=13125"},{"taxonomy":"pakkausmateriaalit","embeddable":true,"href":"https:\/\/cortex.fi\/et\/wp-json\/wp\/v2\/pakkausmateriaalit?post=13125"},{"taxonomy":"merkinta","embeddable":true,"href":"https:\/\/cortex.fi\/et\/wp-json\/wp\/v2\/merkinta?post=13125"},{"taxonomy":"pakkauskoneet","embeddable":true,"href":"https:\/\/cortex.fi\/et\/wp-json\/wp\/v2\/pakkauskoneet?post=13125"},{"taxonomy":"leipomoille","embeddable":true,"href":"https:\/\/cortex.fi\/et\/wp-json\/wp\/v2\/leipomoille?post=13125"},{"taxonomy":"tarkennus","embeddable":true,"href":"https:\/\/cortex.fi\/et\/wp-json\/wp\/v2\/tarkennus?post=13125"},{"taxonomy":"outlet","embeddable":true,"href":"https:\/\/cortex.fi\/et\/wp-json\/wp\/v2\/outlet?post=13125"}],"curies":[{"name":"wp","href":"https:\/\/api.w.org\/{rel}","templated":true}]}}