{"id":13113,"date":"2023-01-02T15:24:29","date_gmt":"2023-01-02T13:24:29","guid":{"rendered":"https:\/\/cortex.fi\/tuote\/pakendilindid\/"},"modified":"2023-01-02T15:24:29","modified_gmt":"2023-01-02T13:24:29","slug":"pakendilindid","status":"publish","type":"product","link":"https:\/\/cortex.fi\/et\/tuote\/pakendilindid\/","title":{"rendered":"Pakendilindid"},"content":{"rendered":"","protected":false},"excerpt":{"rendered":"<p>Kvaliteetsed pol\u00fcesterkiududest pakken\u00f5elad on pehmed ja paindlikud, mist\u00f5ttu need sobivad kasutamiseks seal, kus ei saa kasutada rihmastikku. Teipide valmistamiseks kasutatav liim on vees lahustumatu, mist\u00f5ttu sobivad need kasutamiseks v\u00e4litingimustes.<\/p>\n<p>Pakkimislint on saadaval ka nn. minirullina, mida saab kasutada n\u00e4iteks j\u00e4\u00e4tmepressides. HD-paelad raskeveokite sidumiseks, saadaval 35 mm laiuses.<\/p>\n","protected":false},"author":9,"featured_media":11298,"comment_status":"closed","ping_status":"closed","template":"","product_brand":[],"product_cat":[511],"product_tag":[593],"asiantuntija":[],"paamies":[],"healthcare":[],"pakkausmateriaalit":[592],"merkinta":[],"pakkauskoneet":[],"leipomoille":[],"tarkennus":[635],"outlet":[],"class_list":{"0":"post-13113","1":"product","2":"type-product","3":"status-publish","4":"has-post-thumbnail","6":"product_cat-pakendimaterjalid","7":"product_tag-veljed-ja-ribad","8":"pakkausmateriaalit-veljed-ja-ribad","9":"tarkennus-pakendilindid-et","11":"first","12":"instock","13":"taxable","14":"shipping-taxable","15":"purchasable","16":"product-type-variable"},"_links":{"self":[{"href":"https:\/\/cortex.fi\/et\/wp-json\/wp\/v2\/product\/13113","targetHints":{"allow":["GET"]}}],"collection":[{"href":"https:\/\/cortex.fi\/et\/wp-json\/wp\/v2\/product"}],"about":[{"href":"https:\/\/cortex.fi\/et\/wp-json\/wp\/v2\/types\/product"}],"author":[{"embeddable":true,"href":"https:\/\/cortex.fi\/et\/wp-json\/wp\/v2\/users\/9"}],"replies":[{"embeddable":true,"href":"https:\/\/cortex.fi\/et\/wp-json\/wp\/v2\/comments?post=13113"}],"wp:featuredmedia":[{"embeddable":true,"href":"https:\/\/cortex.fi\/et\/wp-json\/wp\/v2\/media\/11298"}],"wp:attachment":[{"href":"https:\/\/cortex.fi\/et\/wp-json\/wp\/v2\/media?parent=13113"}],"wp:term":[{"taxonomy":"product_brand","embeddable":true,"href":"https:\/\/cortex.fi\/et\/wp-json\/wp\/v2\/product_brand?post=13113"},{"taxonomy":"product_cat","embeddable":true,"href":"https:\/\/cortex.fi\/et\/wp-json\/wp\/v2\/product_cat?post=13113"},{"taxonomy":"product_tag","embeddable":true,"href":"https:\/\/cortex.fi\/et\/wp-json\/wp\/v2\/product_tag?post=13113"},{"taxonomy":"asiantuntija","embeddable":true,"href":"https:\/\/cortex.fi\/et\/wp-json\/wp\/v2\/asiantuntija?post=13113"},{"taxonomy":"paamies","embeddable":true,"href":"https:\/\/cortex.fi\/et\/wp-json\/wp\/v2\/paamies?post=13113"},{"taxonomy":"healthcare","embeddable":true,"href":"https:\/\/cortex.fi\/et\/wp-json\/wp\/v2\/healthcare?post=13113"},{"taxonomy":"pakkausmateriaalit","embeddable":true,"href":"https:\/\/cortex.fi\/et\/wp-json\/wp\/v2\/pakkausmateriaalit?post=13113"},{"taxonomy":"merkinta","embeddable":true,"href":"https:\/\/cortex.fi\/et\/wp-json\/wp\/v2\/merkinta?post=13113"},{"taxonomy":"pakkauskoneet","embeddable":true,"href":"https:\/\/cortex.fi\/et\/wp-json\/wp\/v2\/pakkauskoneet?post=13113"},{"taxonomy":"leipomoille","embeddable":true,"href":"https:\/\/cortex.fi\/et\/wp-json\/wp\/v2\/leipomoille?post=13113"},{"taxonomy":"tarkennus","embeddable":true,"href":"https:\/\/cortex.fi\/et\/wp-json\/wp\/v2\/tarkennus?post=13113"},{"taxonomy":"outlet","embeddable":true,"href":"https:\/\/cortex.fi\/et\/wp-json\/wp\/v2\/outlet?post=13113"}],"curies":[{"name":"wp","href":"https:\/\/api.w.org\/{rel}","templated":true}]}}