{"id":13111,"date":"2023-05-23T09:51:40","date_gmt":"2023-05-23T06:51:40","guid":{"rendered":"https:\/\/cortex.fi\/tuote\/etipack-pharma-flexi-margistussusteem\/"},"modified":"2023-05-23T09:51:40","modified_gmt":"2023-05-23T06:51:40","slug":"etipack-pharma-flexi-margistussusteem","status":"publish","type":"product","link":"https:\/\/cortex.fi\/et\/tuote\/etipack-pharma-flexi-margistussusteem\/","title":{"rendered":"Etipack Pharma Flexi m\u00e4rgistuss\u00fcsteem"},"content":{"rendered":"","protected":false},"excerpt":{"rendered":"<p>Etipack Pharma Flexi on automaatne s\u00fcsteem <strong>silindriliste toodete, n\u00e4iteks viaalide, pudelite, karpulite ja ravimiinjektorite m\u00e4rgistamiseks<\/strong>.<\/p>\n<div class=\"wp-block-spacer\" aria-hidden=\"true\"><\/div>\n<p>See koosneb toote laadimiseks m\u00f5eldud sisselaskev\u00f6\u00f6st, vahekauguse hoidmiseks m\u00f5eldud spiraalist, toote n\u00f5uetekohaseks hoidmiseks m\u00f5eldud transpordi- ja faasimiss\u00fcsteemist ning spetsiaalsete korpustega varustatud karussellist, mis on paigutatud m\u00e4rgistusjaama l\u00e4hedusse.  <strong>Silt kantakse tootele selle l\u00e4bimise ajal<\/strong>, samal ajal kui p\u00f6\u00f6rlemisseade l\u00f5petab pealekandmise, p\u00f6\u00f6rates toodet enda \u00fcmber.<\/p>\n<p>S\u00fcsteemi saab kasutada kas off-line v\u00f5i integreerida tootmisliiniga. Tegelikult v\u00f5imaldab spiraali olemasolu s\u00fcsteemi integreerida ning \u00fchtlustades toodete liikumist, sisaldab ja saadab see neid karusselli suunas, v\u00f5imaldades seega saavutada v\u00e4ga suurt m\u00e4rgistamiskiirust. P\u00f6\u00f6rlev k\u00e4itlemiss\u00fcsteem pakub t\u00f5epoolest eelise, et see on oluliselt v\u00e4hem tundlik toote k\u00f5rguse suhtes, mis isegi kui see on ebastabiilne, stabiliseerub.<\/p>\n<p>Iseseisvas versioonis on Pharma Flexi m\u00e4rgistuss\u00fcsteem varustatud madala haardega konveierilindiga toodete laadimiseks k\u00e4sitsi laaditavast kandikust ja vastava mahalaadimise kandikuga s\u00fcsteemiga nii n\u00f5uetele vastavate kui ka n\u00f5uetele mittevastavate toodete jaoks.<\/p>\n","protected":false},"author":6,"featured_media":11154,"comment_status":"closed","ping_status":"closed","template":"","product_brand":[],"product_cat":[552],"product_tag":[634],"asiantuntija":[],"paamies":[],"healthcare":[517],"pakkausmateriaalit":[],"merkinta":[],"pakkauskoneet":[],"leipomoille":[],"tarkennus":[],"outlet":[],"class_list":{"0":"post-13111","1":"product","2":"type-product","3":"status-publish","4":"has-post-thumbnail","6":"product_cat-tervishoid","7":"product_tag-margistussusteemid-farmaatsiatoostusele","8":"healthcare-margistussusteemid-farmaatsiatoostusele","10":"first","11":"instock","12":"taxable","13":"shipping-taxable","14":"purchasable","15":"product-type-simple"},"_links":{"self":[{"href":"https:\/\/cortex.fi\/et\/wp-json\/wp\/v2\/product\/13111","targetHints":{"allow":["GET"]}}],"collection":[{"href":"https:\/\/cortex.fi\/et\/wp-json\/wp\/v2\/product"}],"about":[{"href":"https:\/\/cortex.fi\/et\/wp-json\/wp\/v2\/types\/product"}],"author":[{"embeddable":true,"href":"https:\/\/cortex.fi\/et\/wp-json\/wp\/v2\/users\/6"}],"replies":[{"embeddable":true,"href":"https:\/\/cortex.fi\/et\/wp-json\/wp\/v2\/comments?post=13111"}],"wp:featuredmedia":[{"embeddable":true,"href":"https:\/\/cortex.fi\/et\/wp-json\/wp\/v2\/media\/11154"}],"wp:attachment":[{"href":"https:\/\/cortex.fi\/et\/wp-json\/wp\/v2\/media?parent=13111"}],"wp:term":[{"taxonomy":"product_brand","embeddable":true,"href":"https:\/\/cortex.fi\/et\/wp-json\/wp\/v2\/product_brand?post=13111"},{"taxonomy":"product_cat","embeddable":true,"href":"https:\/\/cortex.fi\/et\/wp-json\/wp\/v2\/product_cat?post=13111"},{"taxonomy":"product_tag","embeddable":true,"href":"https:\/\/cortex.fi\/et\/wp-json\/wp\/v2\/product_tag?post=13111"},{"taxonomy":"asiantuntija","embeddable":true,"href":"https:\/\/cortex.fi\/et\/wp-json\/wp\/v2\/asiantuntija?post=13111"},{"taxonomy":"paamies","embeddable":true,"href":"https:\/\/cortex.fi\/et\/wp-json\/wp\/v2\/paamies?post=13111"},{"taxonomy":"healthcare","embeddable":true,"href":"https:\/\/cortex.fi\/et\/wp-json\/wp\/v2\/healthcare?post=13111"},{"taxonomy":"pakkausmateriaalit","embeddable":true,"href":"https:\/\/cortex.fi\/et\/wp-json\/wp\/v2\/pakkausmateriaalit?post=13111"},{"taxonomy":"merkinta","embeddable":true,"href":"https:\/\/cortex.fi\/et\/wp-json\/wp\/v2\/merkinta?post=13111"},{"taxonomy":"pakkauskoneet","embeddable":true,"href":"https:\/\/cortex.fi\/et\/wp-json\/wp\/v2\/pakkauskoneet?post=13111"},{"taxonomy":"leipomoille","embeddable":true,"href":"https:\/\/cortex.fi\/et\/wp-json\/wp\/v2\/leipomoille?post=13111"},{"taxonomy":"tarkennus","embeddable":true,"href":"https:\/\/cortex.fi\/et\/wp-json\/wp\/v2\/tarkennus?post=13111"},{"taxonomy":"outlet","embeddable":true,"href":"https:\/\/cortex.fi\/et\/wp-json\/wp\/v2\/outlet?post=13111"}],"curies":[{"name":"wp","href":"https:\/\/api.w.org\/{rel}","templated":true}]}}