{"id":13098,"date":"2023-05-25T18:21:54","date_gmt":"2023-05-25T15:21:54","guid":{"rendered":"https:\/\/cortex.fi\/tuote\/etipack-pharma-seal-tihendussusteem\/"},"modified":"2023-05-25T18:21:54","modified_gmt":"2023-05-25T15:21:54","slug":"etipack-pharma-seal-tihendussusteem","status":"publish","type":"product","link":"https:\/\/cortex.fi\/et\/tuote\/etipack-pharma-seal-tihendussusteem\/","title":{"rendered":"Etipack Pharma Seal tihenduss\u00fcsteem"},"content":{"rendered":"","protected":false},"excerpt":{"rendered":"<p>Etipack Pharma Seal on spetsiaalselt v\u00e4lja t\u00f6\u00f6tatud selleks, et t\u00e4ita <strong>ravimite<\/strong> <strong>pakendamisliinide<\/strong> <strong>manipulatsiooniohutu m\u00e4rgistamise<\/strong> n\u00f5udeid, kandes kaks<strong> manipulatsiooniohutut pitsatiga<\/strong> etiketti vormitud kastidele.<\/p>\n<p>Selle m\u00e4rgistuss\u00fcsteemi <strong>maht <\/strong>on \u00e4\u00e4rmiselt <strong>v\u00e4ike <\/strong>, mis v\u00f5imaldab kiiret ja lihtsat paigaldamist ning integreerimist teiste masinatega.<\/p>\n<p>Pharma Seal kuulub <strong>Etipack Pharma<\/strong> tootesarja, mis on spetsiaalselt ette n\u00e4htud ravimite <strong>m\u00e4rgistamiseks<\/strong>, <strong>kodeerimiseks<\/strong>, <strong>serialiseerimiseks<\/strong> ja j\u00e4lgimiseks; see tootesari on loodud selleks, et tagada k\u00f5rge kvaliteedi, ohutuse, tootlikkuse ja hoolduse standardid, mis vastavad ravimituru heade tootmistavade suunistele.<\/p>\n<p><strong>Etipack Pharma<\/strong> tootesarja kuuluvad erinevad etiketimasinad, etiketimiss\u00fcsteemid ja h\u00f5\u00f5rdes\u00f6\u00f6tjad, mis v\u00f5imaldavad t\u00f6\u00f6delda erinevaid tooteid: ampullid, viaalid, karbid, s\u00fcstlad, \u00fcksikannused, inhalaatorid, Blow Fill Seal, kontroll ja infokirjade sisestamine.<\/p>\n","protected":false},"author":6,"featured_media":11165,"comment_status":"closed","ping_status":"closed","template":"","product_brand":[],"product_cat":[552],"product_tag":[634],"asiantuntija":[],"paamies":[],"healthcare":[517],"pakkausmateriaalit":[],"merkinta":[],"pakkauskoneet":[],"leipomoille":[],"tarkennus":[],"outlet":[],"class_list":{"0":"post-13098","1":"product","2":"type-product","3":"status-publish","4":"has-post-thumbnail","6":"product_cat-tervishoid","7":"product_tag-margistussusteemid-farmaatsiatoostusele","8":"healthcare-margistussusteemid-farmaatsiatoostusele","10":"first","11":"instock","12":"taxable","13":"shipping-taxable","14":"purchasable","15":"product-type-simple"},"_links":{"self":[{"href":"https:\/\/cortex.fi\/et\/wp-json\/wp\/v2\/product\/13098","targetHints":{"allow":["GET"]}}],"collection":[{"href":"https:\/\/cortex.fi\/et\/wp-json\/wp\/v2\/product"}],"about":[{"href":"https:\/\/cortex.fi\/et\/wp-json\/wp\/v2\/types\/product"}],"author":[{"embeddable":true,"href":"https:\/\/cortex.fi\/et\/wp-json\/wp\/v2\/users\/6"}],"replies":[{"embeddable":true,"href":"https:\/\/cortex.fi\/et\/wp-json\/wp\/v2\/comments?post=13098"}],"wp:featuredmedia":[{"embeddable":true,"href":"https:\/\/cortex.fi\/et\/wp-json\/wp\/v2\/media\/11165"}],"wp:attachment":[{"href":"https:\/\/cortex.fi\/et\/wp-json\/wp\/v2\/media?parent=13098"}],"wp:term":[{"taxonomy":"product_brand","embeddable":true,"href":"https:\/\/cortex.fi\/et\/wp-json\/wp\/v2\/product_brand?post=13098"},{"taxonomy":"product_cat","embeddable":true,"href":"https:\/\/cortex.fi\/et\/wp-json\/wp\/v2\/product_cat?post=13098"},{"taxonomy":"product_tag","embeddable":true,"href":"https:\/\/cortex.fi\/et\/wp-json\/wp\/v2\/product_tag?post=13098"},{"taxonomy":"asiantuntija","embeddable":true,"href":"https:\/\/cortex.fi\/et\/wp-json\/wp\/v2\/asiantuntija?post=13098"},{"taxonomy":"paamies","embeddable":true,"href":"https:\/\/cortex.fi\/et\/wp-json\/wp\/v2\/paamies?post=13098"},{"taxonomy":"healthcare","embeddable":true,"href":"https:\/\/cortex.fi\/et\/wp-json\/wp\/v2\/healthcare?post=13098"},{"taxonomy":"pakkausmateriaalit","embeddable":true,"href":"https:\/\/cortex.fi\/et\/wp-json\/wp\/v2\/pakkausmateriaalit?post=13098"},{"taxonomy":"merkinta","embeddable":true,"href":"https:\/\/cortex.fi\/et\/wp-json\/wp\/v2\/merkinta?post=13098"},{"taxonomy":"pakkauskoneet","embeddable":true,"href":"https:\/\/cortex.fi\/et\/wp-json\/wp\/v2\/pakkauskoneet?post=13098"},{"taxonomy":"leipomoille","embeddable":true,"href":"https:\/\/cortex.fi\/et\/wp-json\/wp\/v2\/leipomoille?post=13098"},{"taxonomy":"tarkennus","embeddable":true,"href":"https:\/\/cortex.fi\/et\/wp-json\/wp\/v2\/tarkennus?post=13098"},{"taxonomy":"outlet","embeddable":true,"href":"https:\/\/cortex.fi\/et\/wp-json\/wp\/v2\/outlet?post=13098"}],"curies":[{"name":"wp","href":"https:\/\/api.w.org\/{rel}","templated":true}]}}