{"id":13095,"date":"2023-04-11T13:10:45","date_gmt":"2023-04-11T10:10:45","guid":{"rendered":"https:\/\/cortex.fi\/tuote\/pp-rattad\/"},"modified":"2023-04-11T13:10:45","modified_gmt":"2023-04-11T10:10:45","slug":"pp-rattad","status":"publish","type":"product","link":"https:\/\/cortex.fi\/et\/tuote\/pp-rattad\/","title":{"rendered":"PP rattad"},"content":{"rendered":"","protected":false},"excerpt":{"rendered":"<p>PP-paelad sobivad kergete ja kiirete pakendite, n\u00e4iteks v\u00e4ikeste kaubaaluste, pappkastide ja kimpude pakkimiseks. Pol\u00fcprop\u00fcleenist rihmad on saadaval nii k\u00e4sitsi kui ka automaatseks kasutamiseks ning mitmes laiuses saate valida rihmade jaoks sobiva rullisuuruse (406 mm pesa).<\/p>\n<p>Pakume ka kliendi logoga ja eriv\u00e4rvidega tr\u00fckitud velgi.<\/p>\n","protected":false},"author":9,"featured_media":10193,"comment_status":"closed","ping_status":"closed","template":"","product_brand":[],"product_cat":[511],"product_tag":[593],"asiantuntija":[],"paamies":[],"healthcare":[],"pakkausmateriaalit":[592],"merkinta":[],"pakkauskoneet":[],"leipomoille":[],"tarkennus":[591],"outlet":[],"class_list":{"0":"post-13095","1":"product","2":"type-product","3":"status-publish","4":"has-post-thumbnail","6":"product_cat-pakendimaterjalid","7":"product_tag-veljed-ja-ribad","8":"pakkausmateriaalit-veljed-ja-ribad","9":"tarkennus-pp-veljed","11":"first","12":"instock","13":"taxable","14":"shipping-taxable","15":"purchasable","16":"product-type-variable"},"_links":{"self":[{"href":"https:\/\/cortex.fi\/et\/wp-json\/wp\/v2\/product\/13095","targetHints":{"allow":["GET"]}}],"collection":[{"href":"https:\/\/cortex.fi\/et\/wp-json\/wp\/v2\/product"}],"about":[{"href":"https:\/\/cortex.fi\/et\/wp-json\/wp\/v2\/types\/product"}],"author":[{"embeddable":true,"href":"https:\/\/cortex.fi\/et\/wp-json\/wp\/v2\/users\/9"}],"replies":[{"embeddable":true,"href":"https:\/\/cortex.fi\/et\/wp-json\/wp\/v2\/comments?post=13095"}],"wp:featuredmedia":[{"embeddable":true,"href":"https:\/\/cortex.fi\/et\/wp-json\/wp\/v2\/media\/10193"}],"wp:attachment":[{"href":"https:\/\/cortex.fi\/et\/wp-json\/wp\/v2\/media?parent=13095"}],"wp:term":[{"taxonomy":"product_brand","embeddable":true,"href":"https:\/\/cortex.fi\/et\/wp-json\/wp\/v2\/product_brand?post=13095"},{"taxonomy":"product_cat","embeddable":true,"href":"https:\/\/cortex.fi\/et\/wp-json\/wp\/v2\/product_cat?post=13095"},{"taxonomy":"product_tag","embeddable":true,"href":"https:\/\/cortex.fi\/et\/wp-json\/wp\/v2\/product_tag?post=13095"},{"taxonomy":"asiantuntija","embeddable":true,"href":"https:\/\/cortex.fi\/et\/wp-json\/wp\/v2\/asiantuntija?post=13095"},{"taxonomy":"paamies","embeddable":true,"href":"https:\/\/cortex.fi\/et\/wp-json\/wp\/v2\/paamies?post=13095"},{"taxonomy":"healthcare","embeddable":true,"href":"https:\/\/cortex.fi\/et\/wp-json\/wp\/v2\/healthcare?post=13095"},{"taxonomy":"pakkausmateriaalit","embeddable":true,"href":"https:\/\/cortex.fi\/et\/wp-json\/wp\/v2\/pakkausmateriaalit?post=13095"},{"taxonomy":"merkinta","embeddable":true,"href":"https:\/\/cortex.fi\/et\/wp-json\/wp\/v2\/merkinta?post=13095"},{"taxonomy":"pakkauskoneet","embeddable":true,"href":"https:\/\/cortex.fi\/et\/wp-json\/wp\/v2\/pakkauskoneet?post=13095"},{"taxonomy":"leipomoille","embeddable":true,"href":"https:\/\/cortex.fi\/et\/wp-json\/wp\/v2\/leipomoille?post=13095"},{"taxonomy":"tarkennus","embeddable":true,"href":"https:\/\/cortex.fi\/et\/wp-json\/wp\/v2\/tarkennus?post=13095"},{"taxonomy":"outlet","embeddable":true,"href":"https:\/\/cortex.fi\/et\/wp-json\/wp\/v2\/outlet?post=13095"}],"curies":[{"name":"wp","href":"https:\/\/api.w.org\/{rel}","templated":true}]}}