{"id":13094,"date":"2023-04-10T13:20:52","date_gmt":"2023-04-10T10:20:52","guid":{"rendered":"https:\/\/cortex.fi\/tuote\/kasitsi-valmistatud-moobel\/"},"modified":"2023-04-10T13:20:52","modified_gmt":"2023-04-10T10:20:52","slug":"kasitsi-valmistatud-moobel","status":"publish","type":"product","link":"https:\/\/cortex.fi\/et\/tuote\/kasitsi-valmistatud-moobel\/","title":{"rendered":"K\u00e4sitsi valmistatud m\u00f6\u00f6bel"},"content":{"rendered":"","protected":false},"excerpt":{"rendered":"<p>K\u00e4si-klambrikiled on veniv, \u00f5huke plastkile, mille sisek\u00fcljel on haardepind. Libisemiskindlus v\u00e4hendab kaubaaluste kokku kleepumise ohtu ning h\u00f5lbustab n\u00e4iteks laadimist, ladustamist ja transporti. Tensionikile on pakitud toodete \u00fcmber, et toetada neid, kui need transpordiks v\u00f5i ladustamiseks kaubaalustele pakitakse. Pakkimist saab teha nii k\u00e4sitsi kui ka mehaaniliselt ning kiled on saadaval eri suuruses, tugevuse, omaduste ja v\u00e4rvidega.<\/p>\n","protected":false},"author":9,"featured_media":10111,"comment_status":"closed","ping_status":"closed","template":"","product_brand":[],"product_cat":[511],"product_tag":[512],"asiantuntija":[],"paamies":[],"healthcare":[],"pakkausmateriaalit":[509],"merkinta":[],"pakkauskoneet":[],"leipomoille":[],"tarkennus":[513],"outlet":[],"class_list":{"0":"post-13094","1":"product","2":"type-product","3":"status-publish","4":"has-post-thumbnail","6":"product_cat-pakendimaterjalid","7":"product_tag-toodeldud-kiled","8":"pakkausmateriaalit-toodeldud-kiled","9":"tarkennus-kasitsi-valmistatud-moobel","11":"first","12":"instock","13":"taxable","14":"shipping-taxable","15":"purchasable","16":"product-type-variable"},"_links":{"self":[{"href":"https:\/\/cortex.fi\/et\/wp-json\/wp\/v2\/product\/13094","targetHints":{"allow":["GET"]}}],"collection":[{"href":"https:\/\/cortex.fi\/et\/wp-json\/wp\/v2\/product"}],"about":[{"href":"https:\/\/cortex.fi\/et\/wp-json\/wp\/v2\/types\/product"}],"author":[{"embeddable":true,"href":"https:\/\/cortex.fi\/et\/wp-json\/wp\/v2\/users\/9"}],"replies":[{"embeddable":true,"href":"https:\/\/cortex.fi\/et\/wp-json\/wp\/v2\/comments?post=13094"}],"wp:featuredmedia":[{"embeddable":true,"href":"https:\/\/cortex.fi\/et\/wp-json\/wp\/v2\/media\/10111"}],"wp:attachment":[{"href":"https:\/\/cortex.fi\/et\/wp-json\/wp\/v2\/media?parent=13094"}],"wp:term":[{"taxonomy":"product_brand","embeddable":true,"href":"https:\/\/cortex.fi\/et\/wp-json\/wp\/v2\/product_brand?post=13094"},{"taxonomy":"product_cat","embeddable":true,"href":"https:\/\/cortex.fi\/et\/wp-json\/wp\/v2\/product_cat?post=13094"},{"taxonomy":"product_tag","embeddable":true,"href":"https:\/\/cortex.fi\/et\/wp-json\/wp\/v2\/product_tag?post=13094"},{"taxonomy":"asiantuntija","embeddable":true,"href":"https:\/\/cortex.fi\/et\/wp-json\/wp\/v2\/asiantuntija?post=13094"},{"taxonomy":"paamies","embeddable":true,"href":"https:\/\/cortex.fi\/et\/wp-json\/wp\/v2\/paamies?post=13094"},{"taxonomy":"healthcare","embeddable":true,"href":"https:\/\/cortex.fi\/et\/wp-json\/wp\/v2\/healthcare?post=13094"},{"taxonomy":"pakkausmateriaalit","embeddable":true,"href":"https:\/\/cortex.fi\/et\/wp-json\/wp\/v2\/pakkausmateriaalit?post=13094"},{"taxonomy":"merkinta","embeddable":true,"href":"https:\/\/cortex.fi\/et\/wp-json\/wp\/v2\/merkinta?post=13094"},{"taxonomy":"pakkauskoneet","embeddable":true,"href":"https:\/\/cortex.fi\/et\/wp-json\/wp\/v2\/pakkauskoneet?post=13094"},{"taxonomy":"leipomoille","embeddable":true,"href":"https:\/\/cortex.fi\/et\/wp-json\/wp\/v2\/leipomoille?post=13094"},{"taxonomy":"tarkennus","embeddable":true,"href":"https:\/\/cortex.fi\/et\/wp-json\/wp\/v2\/tarkennus?post=13094"},{"taxonomy":"outlet","embeddable":true,"href":"https:\/\/cortex.fi\/et\/wp-json\/wp\/v2\/outlet?post=13094"}],"curies":[{"name":"wp","href":"https:\/\/api.w.org\/{rel}","templated":true}]}}