{"id":13092,"date":"2023-05-30T07:47:16","date_gmt":"2023-05-30T04:47:16","guid":{"rendered":"https:\/\/cortex.fi\/tuote\/lasermargistusseade-linx-sl3-30w-co2\/"},"modified":"2023-05-30T07:47:16","modified_gmt":"2023-05-30T04:47:16","slug":"lasermargistusseade-linx-sl3-30w-co2","status":"publish","type":"product","link":"https:\/\/cortex.fi\/et\/tuote\/lasermargistusseade-linx-sl3-30w-co2\/","title":{"rendered":"Laserm\u00e4rgistusseade Linx SL3 30W (CO2)"},"content":{"rendered":"","protected":false},"excerpt":{"rendered":"<p>Linx lasermarkerid sobivad ideaalselt toiduainete-, joogi- ja farmaatsiat\u00f6\u00f6stuses suure mahuga tr\u00fckkimiseks. T\u00e4nu minimaalsetele kulumaterjalidele ja hoolduskuludele pakuvad need taskukohast ja t\u00f5husat lahendust br\u00e4ndingu jaoks.<\/p>\n<p>Linx SL3 30W (CO2) on taskukohane ja kompaktne pakett k\u00f5igi teie m\u00e4rgistamisvajaduste jaoks. Laserseadet on lihtne paigaldada liinile erinevatesse asenditesse ja nurkadesse, ilma et oleks vaja t\u00e4iendavaid juhtmeid v\u00f5i lisaseadmeid.<\/p>\n","protected":false},"author":6,"featured_media":11168,"comment_status":"closed","ping_status":"closed","template":"","product_brand":[],"product_cat":[519],"product_tag":[620],"asiantuntija":[],"paamies":[],"healthcare":[],"pakkausmateriaalit":[],"merkinta":[619],"pakkauskoneet":[],"leipomoille":[],"tarkennus":[],"outlet":[],"class_list":{"0":"post-13092","1":"product","2":"type-product","3":"status-publish","4":"has-post-thumbnail","6":"product_cat-sisestus","7":"product_tag-lasermargistus","8":"merkinta-lasermargistus","10":"first","11":"instock","12":"taxable","13":"shipping-taxable","14":"purchasable","15":"product-type-simple"},"_links":{"self":[{"href":"https:\/\/cortex.fi\/et\/wp-json\/wp\/v2\/product\/13092","targetHints":{"allow":["GET"]}}],"collection":[{"href":"https:\/\/cortex.fi\/et\/wp-json\/wp\/v2\/product"}],"about":[{"href":"https:\/\/cortex.fi\/et\/wp-json\/wp\/v2\/types\/product"}],"author":[{"embeddable":true,"href":"https:\/\/cortex.fi\/et\/wp-json\/wp\/v2\/users\/6"}],"replies":[{"embeddable":true,"href":"https:\/\/cortex.fi\/et\/wp-json\/wp\/v2\/comments?post=13092"}],"wp:featuredmedia":[{"embeddable":true,"href":"https:\/\/cortex.fi\/et\/wp-json\/wp\/v2\/media\/11168"}],"wp:attachment":[{"href":"https:\/\/cortex.fi\/et\/wp-json\/wp\/v2\/media?parent=13092"}],"wp:term":[{"taxonomy":"product_brand","embeddable":true,"href":"https:\/\/cortex.fi\/et\/wp-json\/wp\/v2\/product_brand?post=13092"},{"taxonomy":"product_cat","embeddable":true,"href":"https:\/\/cortex.fi\/et\/wp-json\/wp\/v2\/product_cat?post=13092"},{"taxonomy":"product_tag","embeddable":true,"href":"https:\/\/cortex.fi\/et\/wp-json\/wp\/v2\/product_tag?post=13092"},{"taxonomy":"asiantuntija","embeddable":true,"href":"https:\/\/cortex.fi\/et\/wp-json\/wp\/v2\/asiantuntija?post=13092"},{"taxonomy":"paamies","embeddable":true,"href":"https:\/\/cortex.fi\/et\/wp-json\/wp\/v2\/paamies?post=13092"},{"taxonomy":"healthcare","embeddable":true,"href":"https:\/\/cortex.fi\/et\/wp-json\/wp\/v2\/healthcare?post=13092"},{"taxonomy":"pakkausmateriaalit","embeddable":true,"href":"https:\/\/cortex.fi\/et\/wp-json\/wp\/v2\/pakkausmateriaalit?post=13092"},{"taxonomy":"merkinta","embeddable":true,"href":"https:\/\/cortex.fi\/et\/wp-json\/wp\/v2\/merkinta?post=13092"},{"taxonomy":"pakkauskoneet","embeddable":true,"href":"https:\/\/cortex.fi\/et\/wp-json\/wp\/v2\/pakkauskoneet?post=13092"},{"taxonomy":"leipomoille","embeddable":true,"href":"https:\/\/cortex.fi\/et\/wp-json\/wp\/v2\/leipomoille?post=13092"},{"taxonomy":"tarkennus","embeddable":true,"href":"https:\/\/cortex.fi\/et\/wp-json\/wp\/v2\/tarkennus?post=13092"},{"taxonomy":"outlet","embeddable":true,"href":"https:\/\/cortex.fi\/et\/wp-json\/wp\/v2\/outlet?post=13092"}],"curies":[{"name":"wp","href":"https:\/\/api.w.org\/{rel}","templated":true}]}}