{"id":13090,"date":"2023-04-14T10:00:18","date_gmt":"2023-04-14T07:00:18","guid":{"rendered":"https:\/\/cortex.fi\/tuote\/korge-joudlusega-konstrueeritud-kiled\/"},"modified":"2023-04-14T10:00:18","modified_gmt":"2023-04-14T07:00:18","slug":"korge-joudlusega-konstrueeritud-kiled","status":"publish","type":"product","link":"https:\/\/cortex.fi\/et\/tuote\/korge-joudlusega-konstrueeritud-kiled\/","title":{"rendered":"K\u00f5rge j\u00f5udlusega konstrueeritud kiled"},"content":{"rendered":"","protected":false},"excerpt":{"rendered":"<p>High Performance masinate venituskilede kvaliteediklassid on valmistatud v\u00e4ga n\u00f5udlike pakkimisrakenduste jaoks, kus on vaja v\u00f5imalikult \u00f5hukest, kuid vastupidavat kile. Kiled suudavad vastu pidada kuni 400% eelkoormusele, s\u00e4ilitades samal ajal oma omadused. \u00d5hukese kile paksus t\u00e4hendab ka seda, et tekib v\u00e4hem j\u00e4\u00e4tmeid. Sobib poolautomaatidele ja automaatidele, kus pakkimiskiirus on v\u00e4ga suur v\u00f5i eelp\u00f6\u00f6rlemiskiirus on v\u00e4ga suur. Meil on saadaval mitmesuguseid kileid erinevates tugevustes, suurustes ja v\u00e4rvides. Soovi korral saame pakkuda ka muid suurusi, v\u00e4rve ja tugevusi.<\/p>\n","protected":false},"author":9,"featured_media":10112,"comment_status":"closed","ping_status":"closed","template":"","product_brand":[],"product_cat":[511],"product_tag":[534,512],"asiantuntija":[],"paamies":[],"healthcare":[],"pakkausmateriaalit":[510,509],"merkinta":[],"pakkauskoneet":[],"leipomoille":[],"tarkennus":[521],"outlet":[],"class_list":{"0":"post-13090","1":"product","2":"type-product","3":"status-publish","4":"has-post-thumbnail","6":"product_cat-pakendimaterjalid","7":"product_tag-ecortex-et","8":"product_tag-toodeldud-kiled","9":"pakkausmateriaalit-ecortex-et","10":"pakkausmateriaalit-toodeldud-kiled","11":"tarkennus-masintoodetud-moobel","13":"first","14":"instock","15":"taxable","16":"shipping-taxable","17":"purchasable","18":"product-type-variable"},"_links":{"self":[{"href":"https:\/\/cortex.fi\/et\/wp-json\/wp\/v2\/product\/13090","targetHints":{"allow":["GET"]}}],"collection":[{"href":"https:\/\/cortex.fi\/et\/wp-json\/wp\/v2\/product"}],"about":[{"href":"https:\/\/cortex.fi\/et\/wp-json\/wp\/v2\/types\/product"}],"author":[{"embeddable":true,"href":"https:\/\/cortex.fi\/et\/wp-json\/wp\/v2\/users\/9"}],"replies":[{"embeddable":true,"href":"https:\/\/cortex.fi\/et\/wp-json\/wp\/v2\/comments?post=13090"}],"wp:featuredmedia":[{"embeddable":true,"href":"https:\/\/cortex.fi\/et\/wp-json\/wp\/v2\/media\/10112"}],"wp:attachment":[{"href":"https:\/\/cortex.fi\/et\/wp-json\/wp\/v2\/media?parent=13090"}],"wp:term":[{"taxonomy":"product_brand","embeddable":true,"href":"https:\/\/cortex.fi\/et\/wp-json\/wp\/v2\/product_brand?post=13090"},{"taxonomy":"product_cat","embeddable":true,"href":"https:\/\/cortex.fi\/et\/wp-json\/wp\/v2\/product_cat?post=13090"},{"taxonomy":"product_tag","embeddable":true,"href":"https:\/\/cortex.fi\/et\/wp-json\/wp\/v2\/product_tag?post=13090"},{"taxonomy":"asiantuntija","embeddable":true,"href":"https:\/\/cortex.fi\/et\/wp-json\/wp\/v2\/asiantuntija?post=13090"},{"taxonomy":"paamies","embeddable":true,"href":"https:\/\/cortex.fi\/et\/wp-json\/wp\/v2\/paamies?post=13090"},{"taxonomy":"healthcare","embeddable":true,"href":"https:\/\/cortex.fi\/et\/wp-json\/wp\/v2\/healthcare?post=13090"},{"taxonomy":"pakkausmateriaalit","embeddable":true,"href":"https:\/\/cortex.fi\/et\/wp-json\/wp\/v2\/pakkausmateriaalit?post=13090"},{"taxonomy":"merkinta","embeddable":true,"href":"https:\/\/cortex.fi\/et\/wp-json\/wp\/v2\/merkinta?post=13090"},{"taxonomy":"pakkauskoneet","embeddable":true,"href":"https:\/\/cortex.fi\/et\/wp-json\/wp\/v2\/pakkauskoneet?post=13090"},{"taxonomy":"leipomoille","embeddable":true,"href":"https:\/\/cortex.fi\/et\/wp-json\/wp\/v2\/leipomoille?post=13090"},{"taxonomy":"tarkennus","embeddable":true,"href":"https:\/\/cortex.fi\/et\/wp-json\/wp\/v2\/tarkennus?post=13090"},{"taxonomy":"outlet","embeddable":true,"href":"https:\/\/cortex.fi\/et\/wp-json\/wp\/v2\/outlet?post=13090"}],"curies":[{"name":"wp","href":"https:\/\/api.w.org\/{rel}","templated":true}]}}