{"id":13074,"date":"2023-01-18T19:29:39","date_gmt":"2023-01-18T17:29:39","guid":{"rendered":"https:\/\/cortex.fi\/tuote\/mitmetasandilise-taitmisega-ahju-europa-volta\/"},"modified":"2023-01-18T19:29:39","modified_gmt":"2023-01-18T17:29:39","slug":"mitmetasandilise-taitmisega-ahju-europa-volta","status":"publish","type":"product","link":"https:\/\/cortex.fi\/et\/tuote\/mitmetasandilise-taitmisega-ahju-europa-volta\/","title":{"rendered":"Mitmetasandilise t\u00e4itmisega ahju Europa Volta"},"content":{"rendered":"","protected":false},"excerpt":{"rendered":"<p><strong>VOLTA<\/strong><br \/>\nMitmetasandilise t\u00e4itmiss\u00fcsteemiga m\u00e4nniahi<br \/>\n\u25a0 uued restahjud lihtsustavad igap\u00e4evast t\u00f6\u00f6d, s\u00e4\u00e4stes aega ja seega ka tootmiskulusid<br \/>\nt\u00e4nu erinevatele laadimis- ja mahalaadimiss\u00fcsteemidele. Lihtne ja kiire kivi v\u00f5i<br \/>\nplekkp\u00f5letamine t\u00e4iusliku kivikariinide efektiga.<br \/>\n\u25a0 Ruutahi \u00fchendab endas pinnaahju t\u00e4itmise ja t\u00fchjendamise mugavuse ja t\u00f5hususe.<br \/>\nandes traditsioonilise ahjupraadimise kvaliteedi. Ideaalne lahendus nii pagari- kui ka kondiitritoodete jaoks<br \/>\npraadimiseks. Suurep\u00e4rane toodete jaoks, mis vajavad head alussoojust.<br \/>\n\u25a0 1 inimene saab ahju t\u00e4ita ja t\u00fchjendada 1 minutiga, s\u00e4\u00e4stes sellega energiat.<br \/>\n\u25a0 Automaatne MULTI SETTER LOADER v\u00f5imaldab \u00fchel inimesel juhtida mitut ahju.<br \/>\nsamal ajal on see kontseptsioon sobilik konkreetsete toodete, n\u00e4iteks baguette&#8217;i, ciabatta, araabia leiva ja<br \/>\nt\u00f6\u00f6stuslike tootmisprotsesside jaoks ( alternatiiv kallitele tunnelahjudele )<br \/>\n\u25a0 saadaval gaasi-, \u00f5li- v\u00f5i veeldatud naftagaasi versioonina<\/p>\n","protected":false},"author":7,"featured_media":10528,"comment_status":"closed","ping_status":"closed","template":"","product_brand":[],"product_cat":[495],"product_tag":[598],"asiantuntija":[],"paamies":[],"healthcare":[],"pakkausmateriaalit":[],"merkinta":[],"pakkauskoneet":[],"leipomoille":[597],"tarkennus":[],"outlet":[],"class_list":{"0":"post-13074","1":"product","2":"type-product","3":"status-publish","4":"has-post-thumbnail","6":"product_cat-pagaritele","7":"product_tag-pagariari","8":"leipomoille-pagariari","10":"first","11":"instock","12":"taxable","13":"shipping-taxable","14":"purchasable","15":"product-type-simple"},"_links":{"self":[{"href":"https:\/\/cortex.fi\/et\/wp-json\/wp\/v2\/product\/13074","targetHints":{"allow":["GET"]}}],"collection":[{"href":"https:\/\/cortex.fi\/et\/wp-json\/wp\/v2\/product"}],"about":[{"href":"https:\/\/cortex.fi\/et\/wp-json\/wp\/v2\/types\/product"}],"author":[{"embeddable":true,"href":"https:\/\/cortex.fi\/et\/wp-json\/wp\/v2\/users\/7"}],"replies":[{"embeddable":true,"href":"https:\/\/cortex.fi\/et\/wp-json\/wp\/v2\/comments?post=13074"}],"wp:featuredmedia":[{"embeddable":true,"href":"https:\/\/cortex.fi\/et\/wp-json\/wp\/v2\/media\/10528"}],"wp:attachment":[{"href":"https:\/\/cortex.fi\/et\/wp-json\/wp\/v2\/media?parent=13074"}],"wp:term":[{"taxonomy":"product_brand","embeddable":true,"href":"https:\/\/cortex.fi\/et\/wp-json\/wp\/v2\/product_brand?post=13074"},{"taxonomy":"product_cat","embeddable":true,"href":"https:\/\/cortex.fi\/et\/wp-json\/wp\/v2\/product_cat?post=13074"},{"taxonomy":"product_tag","embeddable":true,"href":"https:\/\/cortex.fi\/et\/wp-json\/wp\/v2\/product_tag?post=13074"},{"taxonomy":"asiantuntija","embeddable":true,"href":"https:\/\/cortex.fi\/et\/wp-json\/wp\/v2\/asiantuntija?post=13074"},{"taxonomy":"paamies","embeddable":true,"href":"https:\/\/cortex.fi\/et\/wp-json\/wp\/v2\/paamies?post=13074"},{"taxonomy":"healthcare","embeddable":true,"href":"https:\/\/cortex.fi\/et\/wp-json\/wp\/v2\/healthcare?post=13074"},{"taxonomy":"pakkausmateriaalit","embeddable":true,"href":"https:\/\/cortex.fi\/et\/wp-json\/wp\/v2\/pakkausmateriaalit?post=13074"},{"taxonomy":"merkinta","embeddable":true,"href":"https:\/\/cortex.fi\/et\/wp-json\/wp\/v2\/merkinta?post=13074"},{"taxonomy":"pakkauskoneet","embeddable":true,"href":"https:\/\/cortex.fi\/et\/wp-json\/wp\/v2\/pakkauskoneet?post=13074"},{"taxonomy":"leipomoille","embeddable":true,"href":"https:\/\/cortex.fi\/et\/wp-json\/wp\/v2\/leipomoille?post=13074"},{"taxonomy":"tarkennus","embeddable":true,"href":"https:\/\/cortex.fi\/et\/wp-json\/wp\/v2\/tarkennus?post=13074"},{"taxonomy":"outlet","embeddable":true,"href":"https:\/\/cortex.fi\/et\/wp-json\/wp\/v2\/outlet?post=13074"}],"curies":[{"name":"wp","href":"https:\/\/api.w.org\/{rel}","templated":true}]}}