{"id":13053,"date":"2023-01-18T19:04:59","date_gmt":"2023-01-18T17:04:59","guid":{"rendered":"https:\/\/cortex.fi\/tuote\/mini-poorlev-ahi-europa-cooper\/"},"modified":"2023-01-18T19:04:59","modified_gmt":"2023-01-18T17:04:59","slug":"mini-poorlev-ahi-europa-cooper","status":"publish","type":"product","link":"https:\/\/cortex.fi\/et\/tuote\/mini-poorlev-ahi-europa-cooper\/","title":{"rendered":"Mini p\u00f6\u00f6rlev ahi Europa Cooper"},"content":{"rendered":"","protected":false},"excerpt":{"rendered":"<p><strong>COOPER<\/strong><br \/>\nUue p\u00f5lvkonna mini-p\u00f6\u00f6rdahjud pagari- ja kondiitritoodete valmistamiseks<br \/>\n\u25a0 COOPER on ideaalne ALL-IN-ONE k\u00fcpsetuslahendus. Ainulaadne mooduliline paigaldus<br \/>\nv\u00f5imaldab kas t\u00f5stukit, riiuleid v\u00f5i avatud ruumi ahju all. V\u00f5imalik paigaldada<br \/>\nsealhulgas ahju all olev restahi.<br \/>\n\u25a0 tarnitud kolme moodulina, COOPERi ahjusid saab transportida tavaliste uste kaudu<br \/>\nja neid saab paigaldada v\u00e4ga madalatele kohtadele. Modulaarne kontseptsioon v\u00f5imaldab v\u00e4ga<br \/>\nkiire ja lihtne paigaldus. P\u00e4rast 3 tundi p\u00e4rast paigaldamist on v\u00f5imalik alustada k\u00fcpsetamist.<br \/>\n\u25a0 EASY ja FREESTYLE 2 versioonide energias\u00e4\u00e4stlik kombinatsioon v\u00f5imaldab kuni 50% energias\u00e4\u00e4stu.<br \/>\nkokkuhoid t\u00e4nu sellele, et ei pea praadima kogu praadimisraami. Kombineeritud ECO-lahendus\u00fcksusega<br \/>\nahju all, on energias\u00e4\u00e4st m\u00e4rkimisv\u00e4\u00e4rne.<\/p>\n","protected":false},"author":7,"featured_media":10501,"comment_status":"closed","ping_status":"closed","template":"","product_brand":[],"product_cat":[495],"product_tag":[598],"asiantuntija":[],"paamies":[],"healthcare":[],"pakkausmateriaalit":[],"merkinta":[],"pakkauskoneet":[],"leipomoille":[597],"tarkennus":[],"outlet":[],"class_list":{"0":"post-13053","1":"product","2":"type-product","3":"status-publish","4":"has-post-thumbnail","6":"product_cat-pagaritele","7":"product_tag-pagariari","8":"leipomoille-pagariari","10":"first","11":"instock","12":"taxable","13":"shipping-taxable","14":"purchasable","15":"product-type-simple"},"_links":{"self":[{"href":"https:\/\/cortex.fi\/et\/wp-json\/wp\/v2\/product\/13053","targetHints":{"allow":["GET"]}}],"collection":[{"href":"https:\/\/cortex.fi\/et\/wp-json\/wp\/v2\/product"}],"about":[{"href":"https:\/\/cortex.fi\/et\/wp-json\/wp\/v2\/types\/product"}],"author":[{"embeddable":true,"href":"https:\/\/cortex.fi\/et\/wp-json\/wp\/v2\/users\/7"}],"replies":[{"embeddable":true,"href":"https:\/\/cortex.fi\/et\/wp-json\/wp\/v2\/comments?post=13053"}],"wp:featuredmedia":[{"embeddable":true,"href":"https:\/\/cortex.fi\/et\/wp-json\/wp\/v2\/media\/10501"}],"wp:attachment":[{"href":"https:\/\/cortex.fi\/et\/wp-json\/wp\/v2\/media?parent=13053"}],"wp:term":[{"taxonomy":"product_brand","embeddable":true,"href":"https:\/\/cortex.fi\/et\/wp-json\/wp\/v2\/product_brand?post=13053"},{"taxonomy":"product_cat","embeddable":true,"href":"https:\/\/cortex.fi\/et\/wp-json\/wp\/v2\/product_cat?post=13053"},{"taxonomy":"product_tag","embeddable":true,"href":"https:\/\/cortex.fi\/et\/wp-json\/wp\/v2\/product_tag?post=13053"},{"taxonomy":"asiantuntija","embeddable":true,"href":"https:\/\/cortex.fi\/et\/wp-json\/wp\/v2\/asiantuntija?post=13053"},{"taxonomy":"paamies","embeddable":true,"href":"https:\/\/cortex.fi\/et\/wp-json\/wp\/v2\/paamies?post=13053"},{"taxonomy":"healthcare","embeddable":true,"href":"https:\/\/cortex.fi\/et\/wp-json\/wp\/v2\/healthcare?post=13053"},{"taxonomy":"pakkausmateriaalit","embeddable":true,"href":"https:\/\/cortex.fi\/et\/wp-json\/wp\/v2\/pakkausmateriaalit?post=13053"},{"taxonomy":"merkinta","embeddable":true,"href":"https:\/\/cortex.fi\/et\/wp-json\/wp\/v2\/merkinta?post=13053"},{"taxonomy":"pakkauskoneet","embeddable":true,"href":"https:\/\/cortex.fi\/et\/wp-json\/wp\/v2\/pakkauskoneet?post=13053"},{"taxonomy":"leipomoille","embeddable":true,"href":"https:\/\/cortex.fi\/et\/wp-json\/wp\/v2\/leipomoille?post=13053"},{"taxonomy":"tarkennus","embeddable":true,"href":"https:\/\/cortex.fi\/et\/wp-json\/wp\/v2\/tarkennus?post=13053"},{"taxonomy":"outlet","embeddable":true,"href":"https:\/\/cortex.fi\/et\/wp-json\/wp\/v2\/outlet?post=13053"}],"curies":[{"name":"wp","href":"https:\/\/api.w.org\/{rel}","templated":true}]}}