{"id":13048,"date":"2022-11-29T12:25:30","date_gmt":"2022-11-29T10:25:30","guid":{"rendered":"https:\/\/cortex.fi\/tuote\/pakkimismasin-robopac-robot-master-plus\/"},"modified":"2022-11-29T12:25:30","modified_gmt":"2022-11-29T10:25:30","slug":"pakkimismasin-robopac-robot-master-plus","status":"publish","type":"product","link":"https:\/\/cortex.fi\/et\/tuote\/pakkimismasin-robopac-robot-master-plus\/","title":{"rendered":"Pakkimismasin Robopac Robot Master Plus"},"content":{"rendered":"","protected":false},"excerpt":{"rendered":"<p><strong>Robopac Robot Master Plus<br \/>\n<\/strong><\/p>\n<p>Robopac Robot Master Plus toob pingete pakkimisse uue m\u00f5tteviisi. Eelised on see, et pakkimine ei ole seotud \u00fche pakkimisjaamaga, toote pikkus, laius v\u00f5i kaal ei ole robotpakkimise puhul piiranguks. Masin pakib toote automaatselt, tuvastades toote nurgad, kusjuures valgusandur tuvastab, millisele k\u00f5rgusele toode pakitakse. Teise v\u00f5imalusena saab pakkimisk\u00f5rgust m\u00e4\u00e4rata, m\u00e4\u00e4rates maksimaalse arvu sentimeetreid. Masin tiirleb \u00fcmber pakendatava kaubaaluse ja tunneb kaubaalust ennast, millel on piiramatud m\u00f5\u00f5tmed. Fotoandur tuvastab lava k\u00f5rguse. Akutoitega masinal on sisseehitatud laadija ja aku laetuse n\u00e4idik. Kasutajas\u00f5bralik 3,5-tollise v\u00e4rvilise ekraaniga kasutajaliides.<\/p>\n<p><strong>Ohutusfunktsioonid: <\/strong>kokkup\u00f5rkekaitse, vilkuv valgus ja helisignaal.<\/p>\n<p><strong>Membraani venitamine saadaval<\/strong><br \/>\nFRD = Mehaaniline h\u00f5\u00f5rdepidur, t\u00fc\u00fcp FRD, reguleeritav membraanist.<br \/>\nFR = Reguleeritav membraani pinge paneelilt<\/p>\n<p><a href=\"https:\/\/cortex.fi\/pakkausmateriaalit\/?jsf=jet-woo-products-grid&amp;tax=product_cat:27;product_tag:379\">Vaata olemasolevaid filme siit<\/a><\/p>\n","protected":false},"author":8,"featured_media":10426,"comment_status":"closed","ping_status":"closed","template":"","product_brand":[],"product_cat":[526],"product_tag":[527],"asiantuntija":[],"paamies":[],"healthcare":[],"pakkausmateriaalit":[],"merkinta":[],"pakkauskoneet":[505],"leipomoille":[],"tarkennus":[542],"outlet":[],"class_list":{"0":"post-13048","1":"product","2":"type-product","3":"status-publish","4":"has-post-thumbnail","6":"product_cat-pakendamismasinad","7":"product_tag-pakkimismasin","8":"pakkauskoneet-kaarintakone-et","9":"tarkennus-poolautomaatsed-pakkimismasinad","11":"first","12":"instock","13":"taxable","14":"shipping-taxable","15":"purchasable","16":"product-type-variable","17":"has-default-attributes"},"_links":{"self":[{"href":"https:\/\/cortex.fi\/et\/wp-json\/wp\/v2\/product\/13048","targetHints":{"allow":["GET"]}}],"collection":[{"href":"https:\/\/cortex.fi\/et\/wp-json\/wp\/v2\/product"}],"about":[{"href":"https:\/\/cortex.fi\/et\/wp-json\/wp\/v2\/types\/product"}],"author":[{"embeddable":true,"href":"https:\/\/cortex.fi\/et\/wp-json\/wp\/v2\/users\/8"}],"replies":[{"embeddable":true,"href":"https:\/\/cortex.fi\/et\/wp-json\/wp\/v2\/comments?post=13048"}],"wp:featuredmedia":[{"embeddable":true,"href":"https:\/\/cortex.fi\/et\/wp-json\/wp\/v2\/media\/10426"}],"wp:attachment":[{"href":"https:\/\/cortex.fi\/et\/wp-json\/wp\/v2\/media?parent=13048"}],"wp:term":[{"taxonomy":"product_brand","embeddable":true,"href":"https:\/\/cortex.fi\/et\/wp-json\/wp\/v2\/product_brand?post=13048"},{"taxonomy":"product_cat","embeddable":true,"href":"https:\/\/cortex.fi\/et\/wp-json\/wp\/v2\/product_cat?post=13048"},{"taxonomy":"product_tag","embeddable":true,"href":"https:\/\/cortex.fi\/et\/wp-json\/wp\/v2\/product_tag?post=13048"},{"taxonomy":"asiantuntija","embeddable":true,"href":"https:\/\/cortex.fi\/et\/wp-json\/wp\/v2\/asiantuntija?post=13048"},{"taxonomy":"paamies","embeddable":true,"href":"https:\/\/cortex.fi\/et\/wp-json\/wp\/v2\/paamies?post=13048"},{"taxonomy":"healthcare","embeddable":true,"href":"https:\/\/cortex.fi\/et\/wp-json\/wp\/v2\/healthcare?post=13048"},{"taxonomy":"pakkausmateriaalit","embeddable":true,"href":"https:\/\/cortex.fi\/et\/wp-json\/wp\/v2\/pakkausmateriaalit?post=13048"},{"taxonomy":"merkinta","embeddable":true,"href":"https:\/\/cortex.fi\/et\/wp-json\/wp\/v2\/merkinta?post=13048"},{"taxonomy":"pakkauskoneet","embeddable":true,"href":"https:\/\/cortex.fi\/et\/wp-json\/wp\/v2\/pakkauskoneet?post=13048"},{"taxonomy":"leipomoille","embeddable":true,"href":"https:\/\/cortex.fi\/et\/wp-json\/wp\/v2\/leipomoille?post=13048"},{"taxonomy":"tarkennus","embeddable":true,"href":"https:\/\/cortex.fi\/et\/wp-json\/wp\/v2\/tarkennus?post=13048"},{"taxonomy":"outlet","embeddable":true,"href":"https:\/\/cortex.fi\/et\/wp-json\/wp\/v2\/outlet?post=13048"}],"curies":[{"name":"wp","href":"https:\/\/api.w.org\/{rel}","templated":true}]}}