{"id":13042,"date":"2023-01-18T19:13:17","date_gmt":"2023-01-18T17:13:17","guid":{"rendered":"https:\/\/cortex.fi\/tuote\/mandist-ahjud-europa-edison\/"},"modified":"2023-01-18T19:13:17","modified_gmt":"2023-01-18T17:13:17","slug":"mandist-ahjud-europa-edison","status":"publish","type":"product","link":"https:\/\/cortex.fi\/et\/tuote\/mandist-ahjud-europa-edison\/","title":{"rendered":"M\u00e4ndist ahjud Europa Edison"},"content":{"rendered":"","protected":false},"excerpt":{"rendered":"<p><strong>EDISON<\/strong><br \/>\nMitmeotstarbelised modulaarsed restahjud pagari-, kondiitri-, pitsa- ja<br \/>\ntoidu jaoks<br \/>\n\u25a0 Mitmefunktsioonilised elektrilised moodulahjud, mis on saadaval eri mudelites 2 kuni 7 taldrikut tasandile,<br \/>\nv\u00f5imalik kuni 5. tasemeni. Rohkem kui 50 erinevat v\u00f5imalust pagarit\u00f6\u00f6kodadele, pagarit\u00f6\u00f6kodadele,<br \/>\nhotellid, kiirtoidukohad, restoranid ja pitsapoed.<br \/>\n\u25a0 3 erinevat k\u00fcpsetuskambrit: traditsiooniline k\u00fcpsetamine &#8211; k\u00fcpsetuskambri sisseehitatud k\u00fcpsetuskambriga k\u00fcpsetusvariant<br \/>\naurugeneraatoriga ja kivik\u00fclgedega &#8211; pizza versioon, mis on varustatud allapoole avaneva avaga<br \/>\nroostevabast terasest uksed ja tulekindlad restid, mis on testitud ja<br \/>\nsobivad h\u00e4sti kiireks praadimiseks.<br \/>\n\u25a0 moodulahjusid on palju, kuid vaid v\u00e4hesed neist on v\u00f5imelised k\u00fcpsetama kvaliteetselt.<br \/>\nARTISAN BREAD. EDISONi projekti tulemusena oleme v\u00e4lja t\u00f6\u00f6tanud ja<br \/>\non tootnud t\u00f5husaid restahjusid. Ahjud on saadaval ka integreeritud t\u00e4iteseadmetega.<br \/>\nk\u00fcpsetamise lihtsustamiseks.<\/p>\n","protected":false},"author":7,"featured_media":10510,"comment_status":"closed","ping_status":"closed","template":"","product_brand":[],"product_cat":[495],"product_tag":[598],"asiantuntija":[],"paamies":[],"healthcare":[],"pakkausmateriaalit":[],"merkinta":[],"pakkauskoneet":[],"leipomoille":[597],"tarkennus":[],"outlet":[],"class_list":{"0":"post-13042","1":"product","2":"type-product","3":"status-publish","4":"has-post-thumbnail","6":"product_cat-pagaritele","7":"product_tag-pagariari","8":"leipomoille-pagariari","10":"first","11":"instock","12":"taxable","13":"shipping-taxable","14":"purchasable","15":"product-type-simple"},"_links":{"self":[{"href":"https:\/\/cortex.fi\/et\/wp-json\/wp\/v2\/product\/13042","targetHints":{"allow":["GET"]}}],"collection":[{"href":"https:\/\/cortex.fi\/et\/wp-json\/wp\/v2\/product"}],"about":[{"href":"https:\/\/cortex.fi\/et\/wp-json\/wp\/v2\/types\/product"}],"author":[{"embeddable":true,"href":"https:\/\/cortex.fi\/et\/wp-json\/wp\/v2\/users\/7"}],"replies":[{"embeddable":true,"href":"https:\/\/cortex.fi\/et\/wp-json\/wp\/v2\/comments?post=13042"}],"wp:featuredmedia":[{"embeddable":true,"href":"https:\/\/cortex.fi\/et\/wp-json\/wp\/v2\/media\/10510"}],"wp:attachment":[{"href":"https:\/\/cortex.fi\/et\/wp-json\/wp\/v2\/media?parent=13042"}],"wp:term":[{"taxonomy":"product_brand","embeddable":true,"href":"https:\/\/cortex.fi\/et\/wp-json\/wp\/v2\/product_brand?post=13042"},{"taxonomy":"product_cat","embeddable":true,"href":"https:\/\/cortex.fi\/et\/wp-json\/wp\/v2\/product_cat?post=13042"},{"taxonomy":"product_tag","embeddable":true,"href":"https:\/\/cortex.fi\/et\/wp-json\/wp\/v2\/product_tag?post=13042"},{"taxonomy":"asiantuntija","embeddable":true,"href":"https:\/\/cortex.fi\/et\/wp-json\/wp\/v2\/asiantuntija?post=13042"},{"taxonomy":"paamies","embeddable":true,"href":"https:\/\/cortex.fi\/et\/wp-json\/wp\/v2\/paamies?post=13042"},{"taxonomy":"healthcare","embeddable":true,"href":"https:\/\/cortex.fi\/et\/wp-json\/wp\/v2\/healthcare?post=13042"},{"taxonomy":"pakkausmateriaalit","embeddable":true,"href":"https:\/\/cortex.fi\/et\/wp-json\/wp\/v2\/pakkausmateriaalit?post=13042"},{"taxonomy":"merkinta","embeddable":true,"href":"https:\/\/cortex.fi\/et\/wp-json\/wp\/v2\/merkinta?post=13042"},{"taxonomy":"pakkauskoneet","embeddable":true,"href":"https:\/\/cortex.fi\/et\/wp-json\/wp\/v2\/pakkauskoneet?post=13042"},{"taxonomy":"leipomoille","embeddable":true,"href":"https:\/\/cortex.fi\/et\/wp-json\/wp\/v2\/leipomoille?post=13042"},{"taxonomy":"tarkennus","embeddable":true,"href":"https:\/\/cortex.fi\/et\/wp-json\/wp\/v2\/tarkennus?post=13042"},{"taxonomy":"outlet","embeddable":true,"href":"https:\/\/cortex.fi\/et\/wp-json\/wp\/v2\/outlet?post=13042"}],"curies":[{"name":"wp","href":"https:\/\/api.w.org\/{rel}","templated":true}]}}