{"id":13041,"date":"2023-02-08T13:45:45","date_gmt":"2023-02-08T11:45:45","guid":{"rendered":"https:\/\/cortex.fi\/tuote\/postituskotid\/"},"modified":"2023-02-08T13:45:45","modified_gmt":"2023-02-08T11:45:45","slug":"postituskotid","status":"publish","type":"product","link":"https:\/\/cortex.fi\/et\/tuote\/postituskotid\/","title":{"rendered":"Postituskotid"},"content":{"rendered":"","protected":false},"excerpt":{"rendered":"<p>PE-postikotid on \u00f6konoomne lahendus toodete saatmiseks. Postikott on liimkinnitusega ja kott ei avane \u00fches kohas, vaid tuleb lahti rebida v\u00f5i l\u00f5igata, nii et kotti saab kasutada ka nn. tarne pitserina. K\u00fcsi oma veebipoe jaoks ka teisi suurusi ja tr\u00fckkimist.<\/p>\n<p>Tellimuse j\u00e4rgi valmistatud toode, mille tarneaeg on umbes 2-3 n\u00e4dalat alates tellimuse esitamisest.<\/p>\n","protected":false},"author":9,"featured_media":10937,"comment_status":"closed","ping_status":"closed","template":"","product_brand":[],"product_cat":[511],"product_tag":[582,563],"asiantuntija":[],"paamies":[],"healthcare":[],"pakkausmateriaalit":[562,581],"merkinta":[],"pakkauskoneet":[],"leipomoille":[],"tarkennus":[615],"outlet":[],"class_list":{"0":"post-13041","1":"product","2":"type-product","3":"status-publish","4":"has-post-thumbnail","6":"product_cat-pakendimaterjalid","7":"product_tag-konsignatsioonitooted-ja-pakendite-taitematerjalid","8":"product_tag-kotid-ja-jaatmekotid","9":"pakkausmateriaalit-kotid-ja-jaatmekotid","10":"pakkausmateriaalit-postkastid-ja-pehmendused","11":"tarkennus-posti-kaubakotid","13":"first","14":"instock","15":"taxable","16":"shipping-taxable","17":"purchasable","18":"product-type-variable"},"_links":{"self":[{"href":"https:\/\/cortex.fi\/et\/wp-json\/wp\/v2\/product\/13041","targetHints":{"allow":["GET"]}}],"collection":[{"href":"https:\/\/cortex.fi\/et\/wp-json\/wp\/v2\/product"}],"about":[{"href":"https:\/\/cortex.fi\/et\/wp-json\/wp\/v2\/types\/product"}],"author":[{"embeddable":true,"href":"https:\/\/cortex.fi\/et\/wp-json\/wp\/v2\/users\/9"}],"replies":[{"embeddable":true,"href":"https:\/\/cortex.fi\/et\/wp-json\/wp\/v2\/comments?post=13041"}],"wp:featuredmedia":[{"embeddable":true,"href":"https:\/\/cortex.fi\/et\/wp-json\/wp\/v2\/media\/10937"}],"wp:attachment":[{"href":"https:\/\/cortex.fi\/et\/wp-json\/wp\/v2\/media?parent=13041"}],"wp:term":[{"taxonomy":"product_brand","embeddable":true,"href":"https:\/\/cortex.fi\/et\/wp-json\/wp\/v2\/product_brand?post=13041"},{"taxonomy":"product_cat","embeddable":true,"href":"https:\/\/cortex.fi\/et\/wp-json\/wp\/v2\/product_cat?post=13041"},{"taxonomy":"product_tag","embeddable":true,"href":"https:\/\/cortex.fi\/et\/wp-json\/wp\/v2\/product_tag?post=13041"},{"taxonomy":"asiantuntija","embeddable":true,"href":"https:\/\/cortex.fi\/et\/wp-json\/wp\/v2\/asiantuntija?post=13041"},{"taxonomy":"paamies","embeddable":true,"href":"https:\/\/cortex.fi\/et\/wp-json\/wp\/v2\/paamies?post=13041"},{"taxonomy":"healthcare","embeddable":true,"href":"https:\/\/cortex.fi\/et\/wp-json\/wp\/v2\/healthcare?post=13041"},{"taxonomy":"pakkausmateriaalit","embeddable":true,"href":"https:\/\/cortex.fi\/et\/wp-json\/wp\/v2\/pakkausmateriaalit?post=13041"},{"taxonomy":"merkinta","embeddable":true,"href":"https:\/\/cortex.fi\/et\/wp-json\/wp\/v2\/merkinta?post=13041"},{"taxonomy":"pakkauskoneet","embeddable":true,"href":"https:\/\/cortex.fi\/et\/wp-json\/wp\/v2\/pakkauskoneet?post=13041"},{"taxonomy":"leipomoille","embeddable":true,"href":"https:\/\/cortex.fi\/et\/wp-json\/wp\/v2\/leipomoille?post=13041"},{"taxonomy":"tarkennus","embeddable":true,"href":"https:\/\/cortex.fi\/et\/wp-json\/wp\/v2\/tarkennus?post=13041"},{"taxonomy":"outlet","embeddable":true,"href":"https:\/\/cortex.fi\/et\/wp-json\/wp\/v2\/outlet?post=13041"}],"curies":[{"name":"wp","href":"https:\/\/api.w.org\/{rel}","templated":true}]}}