{"id":13038,"date":"2023-02-08T14:29:47","date_gmt":"2023-02-08T12:29:47","guid":{"rendered":"https:\/\/cortex.fi\/tuote\/lainepapist-kastid\/"},"modified":"2023-02-08T14:29:47","modified_gmt":"2023-02-08T12:29:47","slug":"lainepapist-kastid","status":"publish","type":"product","link":"https:\/\/cortex.fi\/et\/tuote\/lainepapist-kastid\/","title":{"rendered":"Lainepapist kastid"},"content":{"rendered":"","protected":false},"excerpt":{"rendered":"<p>Pruunid lainepapist kastid on saadaval mitmes suuruses ja neid saab tarnida otse laost. Struktuur Fefco 0201. Toote suurus n\u00e4itab ka v\u00f5imalikku suuruse v\u00e4hendamist, mis teeb karbi suuruse v\u00e4hendamise lihtsaks.<\/p>\n<p>Tehasetarnetena on v\u00f5imalik tarnida ka karbid koos tr\u00fckiste ja erinevate raamivalikutega vastavalt kliendi soovile.<\/p>\n","protected":false},"author":9,"featured_media":10935,"comment_status":"closed","ping_status":"closed","template":"","product_brand":[],"product_cat":[511],"product_tag":[534,533],"asiantuntija":[],"paamies":[],"healthcare":[],"pakkausmateriaalit":[510,612],"merkinta":[],"pakkauskoneet":[],"leipomoille":[],"tarkennus":[535],"outlet":[],"class_list":{"0":"post-13038","1":"product","2":"type-product","3":"status-publish","4":"has-post-thumbnail","6":"product_cat-pakendimaterjalid","7":"product_tag-ecortex-et","8":"product_tag-lainepapist-ja-kartongist-tooted","9":"pakkausmateriaalit-ecortex-et","10":"pakkausmateriaalit-lainepapist-ja-papist-tooted","11":"tarkennus-kastid","13":"first","14":"instock","15":"taxable","16":"shipping-taxable","17":"purchasable","18":"product-type-variable"},"_links":{"self":[{"href":"https:\/\/cortex.fi\/et\/wp-json\/wp\/v2\/product\/13038","targetHints":{"allow":["GET"]}}],"collection":[{"href":"https:\/\/cortex.fi\/et\/wp-json\/wp\/v2\/product"}],"about":[{"href":"https:\/\/cortex.fi\/et\/wp-json\/wp\/v2\/types\/product"}],"author":[{"embeddable":true,"href":"https:\/\/cortex.fi\/et\/wp-json\/wp\/v2\/users\/9"}],"replies":[{"embeddable":true,"href":"https:\/\/cortex.fi\/et\/wp-json\/wp\/v2\/comments?post=13038"}],"wp:featuredmedia":[{"embeddable":true,"href":"https:\/\/cortex.fi\/et\/wp-json\/wp\/v2\/media\/10935"}],"wp:attachment":[{"href":"https:\/\/cortex.fi\/et\/wp-json\/wp\/v2\/media?parent=13038"}],"wp:term":[{"taxonomy":"product_brand","embeddable":true,"href":"https:\/\/cortex.fi\/et\/wp-json\/wp\/v2\/product_brand?post=13038"},{"taxonomy":"product_cat","embeddable":true,"href":"https:\/\/cortex.fi\/et\/wp-json\/wp\/v2\/product_cat?post=13038"},{"taxonomy":"product_tag","embeddable":true,"href":"https:\/\/cortex.fi\/et\/wp-json\/wp\/v2\/product_tag?post=13038"},{"taxonomy":"asiantuntija","embeddable":true,"href":"https:\/\/cortex.fi\/et\/wp-json\/wp\/v2\/asiantuntija?post=13038"},{"taxonomy":"paamies","embeddable":true,"href":"https:\/\/cortex.fi\/et\/wp-json\/wp\/v2\/paamies?post=13038"},{"taxonomy":"healthcare","embeddable":true,"href":"https:\/\/cortex.fi\/et\/wp-json\/wp\/v2\/healthcare?post=13038"},{"taxonomy":"pakkausmateriaalit","embeddable":true,"href":"https:\/\/cortex.fi\/et\/wp-json\/wp\/v2\/pakkausmateriaalit?post=13038"},{"taxonomy":"merkinta","embeddable":true,"href":"https:\/\/cortex.fi\/et\/wp-json\/wp\/v2\/merkinta?post=13038"},{"taxonomy":"pakkauskoneet","embeddable":true,"href":"https:\/\/cortex.fi\/et\/wp-json\/wp\/v2\/pakkauskoneet?post=13038"},{"taxonomy":"leipomoille","embeddable":true,"href":"https:\/\/cortex.fi\/et\/wp-json\/wp\/v2\/leipomoille?post=13038"},{"taxonomy":"tarkennus","embeddable":true,"href":"https:\/\/cortex.fi\/et\/wp-json\/wp\/v2\/tarkennus?post=13038"},{"taxonomy":"outlet","embeddable":true,"href":"https:\/\/cortex.fi\/et\/wp-json\/wp\/v2\/outlet?post=13038"}],"curies":[{"name":"wp","href":"https:\/\/api.w.org\/{rel}","templated":true}]}}