{"id":13037,"date":"2023-01-18T19:20:09","date_gmt":"2023-01-18T17:20:09","guid":{"rendered":"https:\/\/cortex.fi\/tuote\/pinnavagunite-ahjud-europa-galileo\/"},"modified":"2023-01-18T19:20:09","modified_gmt":"2023-01-18T17:20:09","slug":"pinnavagunite-ahjud-europa-galileo","status":"publish","type":"product","link":"https:\/\/cortex.fi\/et\/tuote\/pinnavagunite-ahjud-europa-galileo\/","title":{"rendered":"Pinnavagunite ahjud Europa Galileo"},"content":{"rendered":"","protected":false},"excerpt":{"rendered":"<p><strong>GALILEO<\/strong><br \/>\nPinnak\u00e4ru ahjud p\u00f6\u00f6rleva platvormiga pagari- ja kondiitritoodete jaoks<br \/>\n\u25a0 p\u00f6\u00f6rleva platvormiga pinnak\u00e4ru ahjud pagari- ja kondiitritoodete valmistamiseks, mis on m\u00f5eldud nii k\u00e4sit\u00f6\u00f6- kui ka<br \/>\nja t\u00f6\u00f6stuslike pagari\u00e4ride jaoks, mis on m\u00f5eldud pidevaks kasutamiseks.<br \/>\n\u25a0 3 versiooni : PRO elektromehaanilise juhtimisega, DIGITAL programmeeritava paneeliga v\u00f5i<br \/>\nTOUCH SCREEN puuteekraaniga ja retseptispetsiifilise juhtimisega.<br \/>\n\u25a0 3 erinevat t\u00fc\u00fcpi k\u00e4ru t\u00f6\u00f6: konks, automaatne k\u00e4rut\u00f5stuk v\u00f5i traditsiooniline k\u00e4rut\u00f5stuk<br \/>\np\u00f6\u00f6rlev platvorm.<br \/>\n\u25a0 saadaval elektrilise v\u00f5i k\u00fctusevariandina (gaas, veeldatud naftagaas, \u00f5li v\u00f5i pellet).<\/p>\n","protected":false},"author":7,"featured_media":10517,"comment_status":"closed","ping_status":"closed","template":"","product_brand":[],"product_cat":[495],"product_tag":[598],"asiantuntija":[],"paamies":[],"healthcare":[],"pakkausmateriaalit":[],"merkinta":[],"pakkauskoneet":[],"leipomoille":[597],"tarkennus":[],"outlet":[],"class_list":{"0":"post-13037","1":"product","2":"type-product","3":"status-publish","4":"has-post-thumbnail","6":"product_cat-pagaritele","7":"product_tag-pagariari","8":"leipomoille-pagariari","10":"first","11":"instock","12":"taxable","13":"shipping-taxable","14":"purchasable","15":"product-type-simple"},"_links":{"self":[{"href":"https:\/\/cortex.fi\/et\/wp-json\/wp\/v2\/product\/13037","targetHints":{"allow":["GET"]}}],"collection":[{"href":"https:\/\/cortex.fi\/et\/wp-json\/wp\/v2\/product"}],"about":[{"href":"https:\/\/cortex.fi\/et\/wp-json\/wp\/v2\/types\/product"}],"author":[{"embeddable":true,"href":"https:\/\/cortex.fi\/et\/wp-json\/wp\/v2\/users\/7"}],"replies":[{"embeddable":true,"href":"https:\/\/cortex.fi\/et\/wp-json\/wp\/v2\/comments?post=13037"}],"wp:featuredmedia":[{"embeddable":true,"href":"https:\/\/cortex.fi\/et\/wp-json\/wp\/v2\/media\/10517"}],"wp:attachment":[{"href":"https:\/\/cortex.fi\/et\/wp-json\/wp\/v2\/media?parent=13037"}],"wp:term":[{"taxonomy":"product_brand","embeddable":true,"href":"https:\/\/cortex.fi\/et\/wp-json\/wp\/v2\/product_brand?post=13037"},{"taxonomy":"product_cat","embeddable":true,"href":"https:\/\/cortex.fi\/et\/wp-json\/wp\/v2\/product_cat?post=13037"},{"taxonomy":"product_tag","embeddable":true,"href":"https:\/\/cortex.fi\/et\/wp-json\/wp\/v2\/product_tag?post=13037"},{"taxonomy":"asiantuntija","embeddable":true,"href":"https:\/\/cortex.fi\/et\/wp-json\/wp\/v2\/asiantuntija?post=13037"},{"taxonomy":"paamies","embeddable":true,"href":"https:\/\/cortex.fi\/et\/wp-json\/wp\/v2\/paamies?post=13037"},{"taxonomy":"healthcare","embeddable":true,"href":"https:\/\/cortex.fi\/et\/wp-json\/wp\/v2\/healthcare?post=13037"},{"taxonomy":"pakkausmateriaalit","embeddable":true,"href":"https:\/\/cortex.fi\/et\/wp-json\/wp\/v2\/pakkausmateriaalit?post=13037"},{"taxonomy":"merkinta","embeddable":true,"href":"https:\/\/cortex.fi\/et\/wp-json\/wp\/v2\/merkinta?post=13037"},{"taxonomy":"pakkauskoneet","embeddable":true,"href":"https:\/\/cortex.fi\/et\/wp-json\/wp\/v2\/pakkauskoneet?post=13037"},{"taxonomy":"leipomoille","embeddable":true,"href":"https:\/\/cortex.fi\/et\/wp-json\/wp\/v2\/leipomoille?post=13037"},{"taxonomy":"tarkennus","embeddable":true,"href":"https:\/\/cortex.fi\/et\/wp-json\/wp\/v2\/tarkennus?post=13037"},{"taxonomy":"outlet","embeddable":true,"href":"https:\/\/cortex.fi\/et\/wp-json\/wp\/v2\/outlet?post=13037"}],"curies":[{"name":"wp","href":"https:\/\/api.w.org\/{rel}","templated":true}]}}