{"id":13033,"date":"2023-01-18T19:34:24","date_gmt":"2023-01-18T17:34:24","guid":{"rendered":"https:\/\/cortex.fi\/tuote\/aurutorudega-manniahi-europa-leonardo\/"},"modified":"2023-01-18T19:34:24","modified_gmt":"2023-01-18T17:34:24","slug":"aurutorudega-manniahi-europa-leonardo","status":"publish","type":"product","link":"https:\/\/cortex.fi\/et\/tuote\/aurutorudega-manniahi-europa-leonardo\/","title":{"rendered":"Aurutorudega m\u00e4nniahi Europa Leonardo"},"content":{"rendered":"","protected":false},"excerpt":{"rendered":"<p><strong>LEONARDO<\/strong><br \/>\nUue p\u00f5lvkonna aurutoru ahju pagari- ja kondiitritoodete jaoks<br \/>\n\u25a0 33 erinevat mudelit: 3\/4\/5 korrust ja 1\/2\/3\/4 ust<br \/>\n\u25a0 uue p\u00f5lvkonna restahjud, millel on suurep\u00e4rased k\u00fcpsetusomadused nii v\u00e4ikestele kui ka suurtele ahjudele<br \/>\ntoodete jaoks. Sobib ideaalselt k\u00e4sit\u00f6\u00f6liste toodete ja t\u00f6\u00f6stusliku k\u00fcpsetamise jaoks koos automaatse t\u00e4itmiss\u00fcsteemiga.<br \/>\n\u25a0 K\u00fcpsetamine on alati pehme ja \u00fchtlane, mitte kunagi agressiivne, ideaalne k\u00f5igi toodete ja<br \/>\neriti suurte leibade puhul, mis n\u00f5uavad pikemat k\u00fcpsetusaega.<br \/>\n\u25a0 diferentseeritud termiline kasutegur, mis on tagatud suurte aurutorudega (35\/5,5 mm l\u00e4bim\u00f5\u00f5duga), mis<br \/>\nahju k\u00fctmine, mis s\u00e4\u00e4stab 30% tarbimist v\u00f5rreldes tellisest ahju aurutoru ahjudega.<br \/>\n\u25a0 saadaval gaasi-, vedelgaasi- ja \u00f5lik\u00fcttega &#8211; koos pelletip\u00f5leti v\u00f5imalusega.<\/p>\n","protected":false},"author":7,"featured_media":10532,"comment_status":"closed","ping_status":"closed","template":"","product_brand":[],"product_cat":[495],"product_tag":[598],"asiantuntija":[],"paamies":[],"healthcare":[],"pakkausmateriaalit":[],"merkinta":[],"pakkauskoneet":[],"leipomoille":[597],"tarkennus":[],"outlet":[],"class_list":{"0":"post-13033","1":"product","2":"type-product","3":"status-publish","4":"has-post-thumbnail","6":"product_cat-pagaritele","7":"product_tag-pagariari","8":"leipomoille-pagariari","10":"first","11":"instock","12":"taxable","13":"shipping-taxable","14":"purchasable","15":"product-type-simple"},"_links":{"self":[{"href":"https:\/\/cortex.fi\/et\/wp-json\/wp\/v2\/product\/13033","targetHints":{"allow":["GET"]}}],"collection":[{"href":"https:\/\/cortex.fi\/et\/wp-json\/wp\/v2\/product"}],"about":[{"href":"https:\/\/cortex.fi\/et\/wp-json\/wp\/v2\/types\/product"}],"author":[{"embeddable":true,"href":"https:\/\/cortex.fi\/et\/wp-json\/wp\/v2\/users\/7"}],"replies":[{"embeddable":true,"href":"https:\/\/cortex.fi\/et\/wp-json\/wp\/v2\/comments?post=13033"}],"wp:featuredmedia":[{"embeddable":true,"href":"https:\/\/cortex.fi\/et\/wp-json\/wp\/v2\/media\/10532"}],"wp:attachment":[{"href":"https:\/\/cortex.fi\/et\/wp-json\/wp\/v2\/media?parent=13033"}],"wp:term":[{"taxonomy":"product_brand","embeddable":true,"href":"https:\/\/cortex.fi\/et\/wp-json\/wp\/v2\/product_brand?post=13033"},{"taxonomy":"product_cat","embeddable":true,"href":"https:\/\/cortex.fi\/et\/wp-json\/wp\/v2\/product_cat?post=13033"},{"taxonomy":"product_tag","embeddable":true,"href":"https:\/\/cortex.fi\/et\/wp-json\/wp\/v2\/product_tag?post=13033"},{"taxonomy":"asiantuntija","embeddable":true,"href":"https:\/\/cortex.fi\/et\/wp-json\/wp\/v2\/asiantuntija?post=13033"},{"taxonomy":"paamies","embeddable":true,"href":"https:\/\/cortex.fi\/et\/wp-json\/wp\/v2\/paamies?post=13033"},{"taxonomy":"healthcare","embeddable":true,"href":"https:\/\/cortex.fi\/et\/wp-json\/wp\/v2\/healthcare?post=13033"},{"taxonomy":"pakkausmateriaalit","embeddable":true,"href":"https:\/\/cortex.fi\/et\/wp-json\/wp\/v2\/pakkausmateriaalit?post=13033"},{"taxonomy":"merkinta","embeddable":true,"href":"https:\/\/cortex.fi\/et\/wp-json\/wp\/v2\/merkinta?post=13033"},{"taxonomy":"pakkauskoneet","embeddable":true,"href":"https:\/\/cortex.fi\/et\/wp-json\/wp\/v2\/pakkauskoneet?post=13033"},{"taxonomy":"leipomoille","embeddable":true,"href":"https:\/\/cortex.fi\/et\/wp-json\/wp\/v2\/leipomoille?post=13033"},{"taxonomy":"tarkennus","embeddable":true,"href":"https:\/\/cortex.fi\/et\/wp-json\/wp\/v2\/tarkennus?post=13033"},{"taxonomy":"outlet","embeddable":true,"href":"https:\/\/cortex.fi\/et\/wp-json\/wp\/v2\/outlet?post=13033"}],"curies":[{"name":"wp","href":"https:\/\/api.w.org\/{rel}","templated":true}]}}