{"id":13030,"date":"2023-01-18T19:38:32","date_gmt":"2023-01-18T17:38:32","guid":{"rendered":"https:\/\/cortex.fi\/tuote\/arinauuni-europa-marconi\/"},"modified":"2023-01-18T19:38:32","modified_gmt":"2023-01-18T17:38:32","slug":"arinauuni-europa-marconi","status":"publish","type":"product","link":"https:\/\/cortex.fi\/et\/tuote\/arinauuni-europa-marconi\/","title":{"rendered":"Arinauuni Europa Marconi"},"content":{"rendered":"","protected":false},"excerpt":{"rendered":"<p><strong>MARCONI<\/strong><br \/>\nElektrilised Arina ahjud pagari- ja kondiitritoodete valmistamiseks<br \/>\n\u25a0 36 erinevat mudelit: 3\/4\/5 tasandit ja 1\/2\/3 ust<br \/>\n\u25a0 uue p\u00f5lvkonna elektrilised restiga ahjud, mis on m\u00f5eldud pidevateks k\u00fcpsetamists\u00fckliteks keskmise tarbimisega alla 2 kW\/m2 .<br \/>\n\u25a0 T\u00e4iustatud energias\u00e4\u00e4stus\u00fcsteem ja LEIVAKOOLI ENERGIAHALDUS v\u00f5imaldavad kogu pagari\u00e4ri energiatarbimist hallata.<br \/>\nj\u00e4relevalve, optimeerides ahjude tarbimist vastavalt teiste seadmete vajadustele.<br \/>\n\u25a0 Vaba juurdep\u00e4\u00e4s k\u00fctteelementidele eestpoolt lihtsustab hooldust ja v\u00f5imaldab pagarijaamas ruumi kokku hoida.<br \/>\n\u25a0 s\u00f5ltumatud k\u00fcpsetuskambrid, mida saab paneelide abil individuaalselt reguleerida igale tasandile (v\u00f5imalus k\u00fcpsetada erinevaid tooteid korraga)<br \/>\nja kuumutada ainult n\u00f5utava tasemeni)<\/p>\n","protected":false},"author":7,"featured_media":10535,"comment_status":"closed","ping_status":"closed","template":"","product_brand":[],"product_cat":[495],"product_tag":[598],"asiantuntija":[],"paamies":[],"healthcare":[],"pakkausmateriaalit":[],"merkinta":[],"pakkauskoneet":[],"leipomoille":[597],"tarkennus":[],"outlet":[],"class_list":{"0":"post-13030","1":"product","2":"type-product","3":"status-publish","4":"has-post-thumbnail","6":"product_cat-pagaritele","7":"product_tag-pagariari","8":"leipomoille-pagariari","10":"first","11":"instock","12":"taxable","13":"shipping-taxable","14":"purchasable","15":"product-type-simple"},"_links":{"self":[{"href":"https:\/\/cortex.fi\/et\/wp-json\/wp\/v2\/product\/13030","targetHints":{"allow":["GET"]}}],"collection":[{"href":"https:\/\/cortex.fi\/et\/wp-json\/wp\/v2\/product"}],"about":[{"href":"https:\/\/cortex.fi\/et\/wp-json\/wp\/v2\/types\/product"}],"author":[{"embeddable":true,"href":"https:\/\/cortex.fi\/et\/wp-json\/wp\/v2\/users\/7"}],"replies":[{"embeddable":true,"href":"https:\/\/cortex.fi\/et\/wp-json\/wp\/v2\/comments?post=13030"}],"wp:featuredmedia":[{"embeddable":true,"href":"https:\/\/cortex.fi\/et\/wp-json\/wp\/v2\/media\/10535"}],"wp:attachment":[{"href":"https:\/\/cortex.fi\/et\/wp-json\/wp\/v2\/media?parent=13030"}],"wp:term":[{"taxonomy":"product_brand","embeddable":true,"href":"https:\/\/cortex.fi\/et\/wp-json\/wp\/v2\/product_brand?post=13030"},{"taxonomy":"product_cat","embeddable":true,"href":"https:\/\/cortex.fi\/et\/wp-json\/wp\/v2\/product_cat?post=13030"},{"taxonomy":"product_tag","embeddable":true,"href":"https:\/\/cortex.fi\/et\/wp-json\/wp\/v2\/product_tag?post=13030"},{"taxonomy":"asiantuntija","embeddable":true,"href":"https:\/\/cortex.fi\/et\/wp-json\/wp\/v2\/asiantuntija?post=13030"},{"taxonomy":"paamies","embeddable":true,"href":"https:\/\/cortex.fi\/et\/wp-json\/wp\/v2\/paamies?post=13030"},{"taxonomy":"healthcare","embeddable":true,"href":"https:\/\/cortex.fi\/et\/wp-json\/wp\/v2\/healthcare?post=13030"},{"taxonomy":"pakkausmateriaalit","embeddable":true,"href":"https:\/\/cortex.fi\/et\/wp-json\/wp\/v2\/pakkausmateriaalit?post=13030"},{"taxonomy":"merkinta","embeddable":true,"href":"https:\/\/cortex.fi\/et\/wp-json\/wp\/v2\/merkinta?post=13030"},{"taxonomy":"pakkauskoneet","embeddable":true,"href":"https:\/\/cortex.fi\/et\/wp-json\/wp\/v2\/pakkauskoneet?post=13030"},{"taxonomy":"leipomoille","embeddable":true,"href":"https:\/\/cortex.fi\/et\/wp-json\/wp\/v2\/leipomoille?post=13030"},{"taxonomy":"tarkennus","embeddable":true,"href":"https:\/\/cortex.fi\/et\/wp-json\/wp\/v2\/tarkennus?post=13030"},{"taxonomy":"outlet","embeddable":true,"href":"https:\/\/cortex.fi\/et\/wp-json\/wp\/v2\/outlet?post=13030"}],"curies":[{"name":"wp","href":"https:\/\/api.w.org\/{rel}","templated":true}]}}