{"id":13025,"date":"2023-02-16T14:04:23","date_gmt":"2023-02-16T12:04:23","guid":{"rendered":"https:\/\/cortex.fi\/tuote\/dantom-clipband-plastikust-ribad\/"},"modified":"2023-02-16T14:04:23","modified_gmt":"2023-02-16T12:04:23","slug":"dantom-clipband-plastikust-ribad","status":"publish","type":"product","link":"https:\/\/cortex.fi\/et\/tuote\/dantom-clipband-plastikust-ribad\/","title":{"rendered":"Dantom Clipband plastikust ribad"},"content":{"rendered":"","protected":false},"excerpt":{"rendered":"<p>Dantom Clipband plastikust ribad on m\u00f5lemalt poolt tugevdatud raudtraadiga. N\u00e4iteks on v\u00f5imalik m\u00e4rkida pitseri tagak\u00fcljele s\u00e4ilivusaeg. Rulle saab kasutada nii poolautomaat- kui ka automaatsetes sulgemismasinates, n\u00e4iteks pagarit\u00f6\u00f6kodade pakkimisliinidel. Laevav\u00e4rv on valge, k\u00fcsige pakkumist ka teistest v\u00e4rvidest!<\/p>\n","protected":false},"author":9,"featured_media":10233,"comment_status":"closed","ping_status":"closed","template":"","product_brand":[],"product_cat":[495,511],"product_tag":[588],"asiantuntija":[],"paamies":[],"healthcare":[],"pakkausmateriaalit":[606],"merkinta":[],"pakkauskoneet":[],"leipomoille":[],"tarkennus":[607],"outlet":[],"class_list":{"0":"post-13025","1":"product","2":"type-product","3":"status-publish","4":"has-post-thumbnail","6":"product_cat-pagaritele","7":"product_cat-pakendimaterjalid","8":"product_tag-sulgemislindid-ja-klambrid","9":"pakkausmateriaalit-sulgurid-ja-klambrid","10":"tarkennus-muud-sulgurid","12":"first","13":"instock","14":"taxable","15":"shipping-taxable","16":"purchasable","17":"product-type-variable"},"_links":{"self":[{"href":"https:\/\/cortex.fi\/et\/wp-json\/wp\/v2\/product\/13025","targetHints":{"allow":["GET"]}}],"collection":[{"href":"https:\/\/cortex.fi\/et\/wp-json\/wp\/v2\/product"}],"about":[{"href":"https:\/\/cortex.fi\/et\/wp-json\/wp\/v2\/types\/product"}],"author":[{"embeddable":true,"href":"https:\/\/cortex.fi\/et\/wp-json\/wp\/v2\/users\/9"}],"replies":[{"embeddable":true,"href":"https:\/\/cortex.fi\/et\/wp-json\/wp\/v2\/comments?post=13025"}],"wp:featuredmedia":[{"embeddable":true,"href":"https:\/\/cortex.fi\/et\/wp-json\/wp\/v2\/media\/10233"}],"wp:attachment":[{"href":"https:\/\/cortex.fi\/et\/wp-json\/wp\/v2\/media?parent=13025"}],"wp:term":[{"taxonomy":"product_brand","embeddable":true,"href":"https:\/\/cortex.fi\/et\/wp-json\/wp\/v2\/product_brand?post=13025"},{"taxonomy":"product_cat","embeddable":true,"href":"https:\/\/cortex.fi\/et\/wp-json\/wp\/v2\/product_cat?post=13025"},{"taxonomy":"product_tag","embeddable":true,"href":"https:\/\/cortex.fi\/et\/wp-json\/wp\/v2\/product_tag?post=13025"},{"taxonomy":"asiantuntija","embeddable":true,"href":"https:\/\/cortex.fi\/et\/wp-json\/wp\/v2\/asiantuntija?post=13025"},{"taxonomy":"paamies","embeddable":true,"href":"https:\/\/cortex.fi\/et\/wp-json\/wp\/v2\/paamies?post=13025"},{"taxonomy":"healthcare","embeddable":true,"href":"https:\/\/cortex.fi\/et\/wp-json\/wp\/v2\/healthcare?post=13025"},{"taxonomy":"pakkausmateriaalit","embeddable":true,"href":"https:\/\/cortex.fi\/et\/wp-json\/wp\/v2\/pakkausmateriaalit?post=13025"},{"taxonomy":"merkinta","embeddable":true,"href":"https:\/\/cortex.fi\/et\/wp-json\/wp\/v2\/merkinta?post=13025"},{"taxonomy":"pakkauskoneet","embeddable":true,"href":"https:\/\/cortex.fi\/et\/wp-json\/wp\/v2\/pakkauskoneet?post=13025"},{"taxonomy":"leipomoille","embeddable":true,"href":"https:\/\/cortex.fi\/et\/wp-json\/wp\/v2\/leipomoille?post=13025"},{"taxonomy":"tarkennus","embeddable":true,"href":"https:\/\/cortex.fi\/et\/wp-json\/wp\/v2\/tarkennus?post=13025"},{"taxonomy":"outlet","embeddable":true,"href":"https:\/\/cortex.fi\/et\/wp-json\/wp\/v2\/outlet?post=13025"}],"curies":[{"name":"wp","href":"https:\/\/api.w.org\/{rel}","templated":true}]}}