{"id":13019,"date":"2023-01-18T19:24:06","date_gmt":"2023-01-18T17:24:06","guid":{"rendered":"https:\/\/cortex.fi\/tuote\/vagunituupi-ahjud-europa-jobs\/"},"modified":"2023-01-18T19:24:06","modified_gmt":"2023-01-18T17:24:06","slug":"vagunituupi-ahjud-europa-jobs","status":"publish","type":"product","link":"https:\/\/cortex.fi\/et\/tuote\/vagunituupi-ahjud-europa-jobs\/","title":{"rendered":"Vagunit\u00fc\u00fcpi ahjud Europa Jobs"},"content":{"rendered":"","protected":false},"excerpt":{"rendered":"<p><strong>T\u00d6\u00d6PAKKUMISED<\/strong><br \/>\nPinnaahi p\u00f6\u00f6rleva platvormiga pagari- ja kondiitritoodete jaoks<br \/>\n\u25a0 k\u00f5rgekvaliteedilised p\u00f6\u00f6rleva platvormiga pindahjud pagari- ja kondiitritoodete valmistamiseks,<br \/>\nideaalne pagaritele, kes n\u00f5uavad parimat tehnoloogiat ja k\u00fcpsetamise paindlikkust.<br \/>\n\u25a0 3 versiooni: TOUCH SCREEN puuteekraan koos retseptil p\u00f5hineva juhtimisega, DIGITAL 200 programmiga<br \/>\nkoos paneeliga, PRO koos elektromehaaniliste ajamitega<br \/>\n\u25a0 soojusvaheti vasakul k\u00fcljel, millele p\u00e4\u00e4seb ligi ahju esiosast, mis v\u00f5imaldab p\u00f5letite v\u00f5i<br \/>\nelektriliste takistite hooldus on lihtne. Ideaalne paigaldada teiste ahjude k\u00f5rvale v\u00f5i<br \/>\n3 seinaosas.<br \/>\n\u25a0 Ahjudesse mahub maksimaalselt. 1950 mm k\u00f5rged platvormid, mis v\u00f5imaldavad 10 % s\u00e4ra<br \/>\nrohkem tooteid korraga<br \/>\n\u25a0 saadaval elektrilise v\u00f5i k\u00fctusevariandina (gaas, veeldatud naftagaas, \u00f5li).<\/p>\n","protected":false},"author":7,"featured_media":10525,"comment_status":"closed","ping_status":"closed","template":"","product_brand":[],"product_cat":[495],"product_tag":[598],"asiantuntija":[],"paamies":[],"healthcare":[],"pakkausmateriaalit":[],"merkinta":[],"pakkauskoneet":[],"leipomoille":[597],"tarkennus":[],"outlet":[],"class_list":{"0":"post-13019","1":"product","2":"type-product","3":"status-publish","4":"has-post-thumbnail","6":"product_cat-pagaritele","7":"product_tag-pagariari","8":"leipomoille-pagariari","10":"first","11":"instock","12":"taxable","13":"shipping-taxable","14":"purchasable","15":"product-type-simple"},"_links":{"self":[{"href":"https:\/\/cortex.fi\/et\/wp-json\/wp\/v2\/product\/13019","targetHints":{"allow":["GET"]}}],"collection":[{"href":"https:\/\/cortex.fi\/et\/wp-json\/wp\/v2\/product"}],"about":[{"href":"https:\/\/cortex.fi\/et\/wp-json\/wp\/v2\/types\/product"}],"author":[{"embeddable":true,"href":"https:\/\/cortex.fi\/et\/wp-json\/wp\/v2\/users\/7"}],"replies":[{"embeddable":true,"href":"https:\/\/cortex.fi\/et\/wp-json\/wp\/v2\/comments?post=13019"}],"wp:featuredmedia":[{"embeddable":true,"href":"https:\/\/cortex.fi\/et\/wp-json\/wp\/v2\/media\/10525"}],"wp:attachment":[{"href":"https:\/\/cortex.fi\/et\/wp-json\/wp\/v2\/media?parent=13019"}],"wp:term":[{"taxonomy":"product_brand","embeddable":true,"href":"https:\/\/cortex.fi\/et\/wp-json\/wp\/v2\/product_brand?post=13019"},{"taxonomy":"product_cat","embeddable":true,"href":"https:\/\/cortex.fi\/et\/wp-json\/wp\/v2\/product_cat?post=13019"},{"taxonomy":"product_tag","embeddable":true,"href":"https:\/\/cortex.fi\/et\/wp-json\/wp\/v2\/product_tag?post=13019"},{"taxonomy":"asiantuntija","embeddable":true,"href":"https:\/\/cortex.fi\/et\/wp-json\/wp\/v2\/asiantuntija?post=13019"},{"taxonomy":"paamies","embeddable":true,"href":"https:\/\/cortex.fi\/et\/wp-json\/wp\/v2\/paamies?post=13019"},{"taxonomy":"healthcare","embeddable":true,"href":"https:\/\/cortex.fi\/et\/wp-json\/wp\/v2\/healthcare?post=13019"},{"taxonomy":"pakkausmateriaalit","embeddable":true,"href":"https:\/\/cortex.fi\/et\/wp-json\/wp\/v2\/pakkausmateriaalit?post=13019"},{"taxonomy":"merkinta","embeddable":true,"href":"https:\/\/cortex.fi\/et\/wp-json\/wp\/v2\/merkinta?post=13019"},{"taxonomy":"pakkauskoneet","embeddable":true,"href":"https:\/\/cortex.fi\/et\/wp-json\/wp\/v2\/pakkauskoneet?post=13019"},{"taxonomy":"leipomoille","embeddable":true,"href":"https:\/\/cortex.fi\/et\/wp-json\/wp\/v2\/leipomoille?post=13019"},{"taxonomy":"tarkennus","embeddable":true,"href":"https:\/\/cortex.fi\/et\/wp-json\/wp\/v2\/tarkennus?post=13019"},{"taxonomy":"outlet","embeddable":true,"href":"https:\/\/cortex.fi\/et\/wp-json\/wp\/v2\/outlet?post=13019"}],"curies":[{"name":"wp","href":"https:\/\/api.w.org\/{rel}","templated":true}]}}