{"id":13018,"date":"2023-02-07T09:37:41","date_gmt":"2023-02-07T07:37:41","guid":{"rendered":"https:\/\/cortex.fi\/tuote\/kontrollidaja-teltek-c80\/"},"modified":"2023-02-07T09:37:41","modified_gmt":"2023-02-07T07:37:41","slug":"kontrollidaja-teltek-c80","status":"publish","type":"product","link":"https:\/\/cortex.fi\/et\/tuote\/kontrollidaja-teltek-c80\/","title":{"rendered":"Kontrollidaja Teltek C80"},"content":{"rendered":"","protected":false},"excerpt":{"rendered":"<p>Teltek Ab toodab k\u00f5rgekvaliteedilisi d\u00fcnaamilisi kontrollkaalusid (kontrollkaalud) ja nendega integreeritavaid lisaseadmeid.<\/p>\n<p>Teltek C80 on t\u00f5hus kontrollkaaluti, mis aitab v\u00e4ltida alat\u00e4idetud v\u00f5i \u00fclet\u00e4idetud toodete edasiliikumist automatiseeritud tootmisliinil. Kontrollikaalude t\u00e4psus tagab, et teie ettev\u00f5te t\u00e4idab k\u00f5iki pakendatud toodete kaalu k\u00e4sitlevaid eeskirju ja standardeid.<\/p>\n<p>Teltek C80 kontrollib iga toote kaalu liinil ja tagab toodete kaalu stabiilsuse, t\u00e4psuse ja korratavuse. S\u00fcsteemi saab \u00fchendada kuni neli kontrollkaalu, mida k\u00f5iki juhib \u00fchine juhtimiss\u00fcsteem ja tarkvara.<\/p>\n<p>Kontrollikaalusid saab \u00fchendada ka t\u00e4iturmasinate, tuvastusseadmete ja tootmisjuhtimiss\u00fcsteemidega. Teltek C80 toetab andmete kogumist ja pakub t\u00e4iustatud statistikat tootmise j\u00e4lgimiseks.<\/p>\n<p>Teltek Line&#8217;i kaalud on saadaval ka Cassel Shark BD metallidetektoriga v\u00f5i Cassel Shark X-Ray r\u00f6ntgenkontrollseadmega.<\/p>\n","protected":false},"author":5,"featured_media":10644,"comment_status":"closed","ping_status":"closed","template":"","product_brand":[],"product_cat":[526],"product_tag":[610],"asiantuntija":[],"paamies":[],"healthcare":[],"pakkausmateriaalit":[],"merkinta":[],"pakkauskoneet":[609],"leipomoille":[],"tarkennus":[],"outlet":[],"class_list":{"0":"post-13018","1":"product","2":"type-product","3":"status-publish","4":"has-post-thumbnail","6":"product_cat-pakendamismasinad","7":"product_tag-kaalud-ja-metallidetektorid","8":"pakkauskoneet-kaalud-ja-metallidetektorid","10":"first","11":"instock","12":"taxable","13":"shipping-taxable","14":"purchasable","15":"product-type-simple"},"_links":{"self":[{"href":"https:\/\/cortex.fi\/et\/wp-json\/wp\/v2\/product\/13018","targetHints":{"allow":["GET"]}}],"collection":[{"href":"https:\/\/cortex.fi\/et\/wp-json\/wp\/v2\/product"}],"about":[{"href":"https:\/\/cortex.fi\/et\/wp-json\/wp\/v2\/types\/product"}],"author":[{"embeddable":true,"href":"https:\/\/cortex.fi\/et\/wp-json\/wp\/v2\/users\/5"}],"replies":[{"embeddable":true,"href":"https:\/\/cortex.fi\/et\/wp-json\/wp\/v2\/comments?post=13018"}],"wp:featuredmedia":[{"embeddable":true,"href":"https:\/\/cortex.fi\/et\/wp-json\/wp\/v2\/media\/10644"}],"wp:attachment":[{"href":"https:\/\/cortex.fi\/et\/wp-json\/wp\/v2\/media?parent=13018"}],"wp:term":[{"taxonomy":"product_brand","embeddable":true,"href":"https:\/\/cortex.fi\/et\/wp-json\/wp\/v2\/product_brand?post=13018"},{"taxonomy":"product_cat","embeddable":true,"href":"https:\/\/cortex.fi\/et\/wp-json\/wp\/v2\/product_cat?post=13018"},{"taxonomy":"product_tag","embeddable":true,"href":"https:\/\/cortex.fi\/et\/wp-json\/wp\/v2\/product_tag?post=13018"},{"taxonomy":"asiantuntija","embeddable":true,"href":"https:\/\/cortex.fi\/et\/wp-json\/wp\/v2\/asiantuntija?post=13018"},{"taxonomy":"paamies","embeddable":true,"href":"https:\/\/cortex.fi\/et\/wp-json\/wp\/v2\/paamies?post=13018"},{"taxonomy":"healthcare","embeddable":true,"href":"https:\/\/cortex.fi\/et\/wp-json\/wp\/v2\/healthcare?post=13018"},{"taxonomy":"pakkausmateriaalit","embeddable":true,"href":"https:\/\/cortex.fi\/et\/wp-json\/wp\/v2\/pakkausmateriaalit?post=13018"},{"taxonomy":"merkinta","embeddable":true,"href":"https:\/\/cortex.fi\/et\/wp-json\/wp\/v2\/merkinta?post=13018"},{"taxonomy":"pakkauskoneet","embeddable":true,"href":"https:\/\/cortex.fi\/et\/wp-json\/wp\/v2\/pakkauskoneet?post=13018"},{"taxonomy":"leipomoille","embeddable":true,"href":"https:\/\/cortex.fi\/et\/wp-json\/wp\/v2\/leipomoille?post=13018"},{"taxonomy":"tarkennus","embeddable":true,"href":"https:\/\/cortex.fi\/et\/wp-json\/wp\/v2\/tarkennus?post=13018"},{"taxonomy":"outlet","embeddable":true,"href":"https:\/\/cortex.fi\/et\/wp-json\/wp\/v2\/outlet?post=13018"}],"curies":[{"name":"wp","href":"https:\/\/api.w.org\/{rel}","templated":true}]}}