{"id":13016,"date":"2023-04-03T16:11:04","date_gmt":"2023-04-03T13:11:04","guid":{"rendered":"https:\/\/cortex.fi\/tuote\/rama-umbritsemis-ja-kastimismasinad\/"},"modified":"2023-04-03T16:11:04","modified_gmt":"2023-04-03T13:11:04","slug":"rama-umbritsemis-ja-kastimismasinad","status":"publish","type":"product","link":"https:\/\/cortex.fi\/et\/tuote\/rama-umbritsemis-ja-kastimismasinad\/","title":{"rendered":"Rama &#8211; \u00dcmbritsemis- ja kastimismasinad"},"content":{"rendered":"","protected":false},"excerpt":{"rendered":"<p>RAMA Srl toodab k\u00f5rgekvaliteedilisi pakendamismasinaid ja -liine lainepapist ja kartongist pakendamiseks, kasutades k\u00f5rgtehnoloogiat ja vajaduse korral robootikat erinevate spetsiifiliste rakenduste jaoks. RAMA on eriti tuntud ja tugev tegija l\u00f5ppkoormuse kappide tootjana.<\/p>\n<p>Tugev tehniline organisatsioon on v\u00f5imeline pakkuma paindlikke ja t\u00f6\u00f6kindlaid v\u00f5tmetehinguid nii \u00fcksikute suure v\u00f5imsusega masinate kui ka suuremate liinide puhul.<\/p>\n","protected":false},"author":5,"featured_media":11096,"comment_status":"closed","ping_status":"closed","template":"","product_brand":[],"product_cat":[526],"product_tag":[561],"asiantuntija":[],"paamies":[],"healthcare":[],"pakkausmateriaalit":[],"merkinta":[],"pakkauskoneet":[560],"leipomoille":[],"tarkennus":[],"outlet":[],"class_list":{"0":"post-13016","1":"product","2":"type-product","3":"status-publish","4":"has-post-thumbnail","6":"product_cat-pakendamismasinad","7":"product_tag-pakkimis-ja-kastipakkimismasinad","8":"pakkauskoneet-pakkimis-ja-kastipakkimismasinad","10":"first","11":"instock","12":"taxable","13":"shipping-taxable","14":"purchasable","15":"product-type-simple"},"_links":{"self":[{"href":"https:\/\/cortex.fi\/et\/wp-json\/wp\/v2\/product\/13016","targetHints":{"allow":["GET"]}}],"collection":[{"href":"https:\/\/cortex.fi\/et\/wp-json\/wp\/v2\/product"}],"about":[{"href":"https:\/\/cortex.fi\/et\/wp-json\/wp\/v2\/types\/product"}],"author":[{"embeddable":true,"href":"https:\/\/cortex.fi\/et\/wp-json\/wp\/v2\/users\/5"}],"replies":[{"embeddable":true,"href":"https:\/\/cortex.fi\/et\/wp-json\/wp\/v2\/comments?post=13016"}],"wp:featuredmedia":[{"embeddable":true,"href":"https:\/\/cortex.fi\/et\/wp-json\/wp\/v2\/media\/11096"}],"wp:attachment":[{"href":"https:\/\/cortex.fi\/et\/wp-json\/wp\/v2\/media?parent=13016"}],"wp:term":[{"taxonomy":"product_brand","embeddable":true,"href":"https:\/\/cortex.fi\/et\/wp-json\/wp\/v2\/product_brand?post=13016"},{"taxonomy":"product_cat","embeddable":true,"href":"https:\/\/cortex.fi\/et\/wp-json\/wp\/v2\/product_cat?post=13016"},{"taxonomy":"product_tag","embeddable":true,"href":"https:\/\/cortex.fi\/et\/wp-json\/wp\/v2\/product_tag?post=13016"},{"taxonomy":"asiantuntija","embeddable":true,"href":"https:\/\/cortex.fi\/et\/wp-json\/wp\/v2\/asiantuntija?post=13016"},{"taxonomy":"paamies","embeddable":true,"href":"https:\/\/cortex.fi\/et\/wp-json\/wp\/v2\/paamies?post=13016"},{"taxonomy":"healthcare","embeddable":true,"href":"https:\/\/cortex.fi\/et\/wp-json\/wp\/v2\/healthcare?post=13016"},{"taxonomy":"pakkausmateriaalit","embeddable":true,"href":"https:\/\/cortex.fi\/et\/wp-json\/wp\/v2\/pakkausmateriaalit?post=13016"},{"taxonomy":"merkinta","embeddable":true,"href":"https:\/\/cortex.fi\/et\/wp-json\/wp\/v2\/merkinta?post=13016"},{"taxonomy":"pakkauskoneet","embeddable":true,"href":"https:\/\/cortex.fi\/et\/wp-json\/wp\/v2\/pakkauskoneet?post=13016"},{"taxonomy":"leipomoille","embeddable":true,"href":"https:\/\/cortex.fi\/et\/wp-json\/wp\/v2\/leipomoille?post=13016"},{"taxonomy":"tarkennus","embeddable":true,"href":"https:\/\/cortex.fi\/et\/wp-json\/wp\/v2\/tarkennus?post=13016"},{"taxonomy":"outlet","embeddable":true,"href":"https:\/\/cortex.fi\/et\/wp-json\/wp\/v2\/outlet?post=13016"}],"curies":[{"name":"wp","href":"https:\/\/api.w.org\/{rel}","templated":true}]}}