{"id":12876,"date":"2023-02-08T09:55:00","date_gmt":"2023-02-08T07:55:00","guid":{"rendered":"https:\/\/cortex.fi\/tuote\/makroperferoidsed-koonuslilled\/"},"modified":"2023-02-08T09:55:00","modified_gmt":"2023-02-08T07:55:00","slug":"makroperferoidsed-koonuslilled","status":"publish","type":"product","link":"https:\/\/cortex.fi\/et\/tuote\/makroperferoidsed-koonuslilled\/","title":{"rendered":"Makroperferoidsed koonuslilled"},"content":{"rendered":"","protected":false},"excerpt":{"rendered":"<p>Makroperforeeritud masinapakenduskiled on ette n\u00e4htud poolautomaat- ja automaatpakendamismasinatele. Perforeeritud kile v\u00f5imaldab pakendil hingata ja sobib eriti h\u00e4sti n\u00e4iteks k\u00f6\u00f6giviljapakendite v\u00f5i lillerullide pakkimiseks. Kile on kuni 250% eelpikendatav ja 23my paksune. K\u00fcsige ka teisi suurusi ja paksusi.<\/p>\n","protected":false},"author":9,"featured_media":10667,"comment_status":"closed","ping_status":"closed","template":"","product_brand":[],"product_cat":[511],"product_tag":[512],"asiantuntija":[],"paamies":[],"healthcare":[],"pakkausmateriaalit":[509],"merkinta":[],"pakkauskoneet":[],"leipomoille":[],"tarkennus":[521],"outlet":[],"class_list":{"0":"post-12876","1":"product","2":"type-product","3":"status-publish","4":"has-post-thumbnail","6":"product_cat-pakendimaterjalid","7":"product_tag-toodeldud-kiled","8":"pakkausmateriaalit-toodeldud-kiled","9":"tarkennus-masintoodetud-moobel","11":"first","12":"instock","13":"taxable","14":"shipping-taxable","15":"purchasable","16":"product-type-simple"},"_links":{"self":[{"href":"https:\/\/cortex.fi\/et\/wp-json\/wp\/v2\/product\/12876","targetHints":{"allow":["GET"]}}],"collection":[{"href":"https:\/\/cortex.fi\/et\/wp-json\/wp\/v2\/product"}],"about":[{"href":"https:\/\/cortex.fi\/et\/wp-json\/wp\/v2\/types\/product"}],"author":[{"embeddable":true,"href":"https:\/\/cortex.fi\/et\/wp-json\/wp\/v2\/users\/9"}],"replies":[{"embeddable":true,"href":"https:\/\/cortex.fi\/et\/wp-json\/wp\/v2\/comments?post=12876"}],"wp:featuredmedia":[{"embeddable":true,"href":"https:\/\/cortex.fi\/et\/wp-json\/wp\/v2\/media\/10667"}],"wp:attachment":[{"href":"https:\/\/cortex.fi\/et\/wp-json\/wp\/v2\/media?parent=12876"}],"wp:term":[{"taxonomy":"product_brand","embeddable":true,"href":"https:\/\/cortex.fi\/et\/wp-json\/wp\/v2\/product_brand?post=12876"},{"taxonomy":"product_cat","embeddable":true,"href":"https:\/\/cortex.fi\/et\/wp-json\/wp\/v2\/product_cat?post=12876"},{"taxonomy":"product_tag","embeddable":true,"href":"https:\/\/cortex.fi\/et\/wp-json\/wp\/v2\/product_tag?post=12876"},{"taxonomy":"asiantuntija","embeddable":true,"href":"https:\/\/cortex.fi\/et\/wp-json\/wp\/v2\/asiantuntija?post=12876"},{"taxonomy":"paamies","embeddable":true,"href":"https:\/\/cortex.fi\/et\/wp-json\/wp\/v2\/paamies?post=12876"},{"taxonomy":"healthcare","embeddable":true,"href":"https:\/\/cortex.fi\/et\/wp-json\/wp\/v2\/healthcare?post=12876"},{"taxonomy":"pakkausmateriaalit","embeddable":true,"href":"https:\/\/cortex.fi\/et\/wp-json\/wp\/v2\/pakkausmateriaalit?post=12876"},{"taxonomy":"merkinta","embeddable":true,"href":"https:\/\/cortex.fi\/et\/wp-json\/wp\/v2\/merkinta?post=12876"},{"taxonomy":"pakkauskoneet","embeddable":true,"href":"https:\/\/cortex.fi\/et\/wp-json\/wp\/v2\/pakkauskoneet?post=12876"},{"taxonomy":"leipomoille","embeddable":true,"href":"https:\/\/cortex.fi\/et\/wp-json\/wp\/v2\/leipomoille?post=12876"},{"taxonomy":"tarkennus","embeddable":true,"href":"https:\/\/cortex.fi\/et\/wp-json\/wp\/v2\/tarkennus?post=12876"},{"taxonomy":"outlet","embeddable":true,"href":"https:\/\/cortex.fi\/et\/wp-json\/wp\/v2\/outlet?post=12876"}],"curies":[{"name":"wp","href":"https:\/\/api.w.org\/{rel}","templated":true}]}}