{"id":12870,"date":"2023-02-08T14:42:29","date_gmt":"2023-02-08T12:42:29","guid":{"rendered":"https:\/\/cortex.fi\/tuote\/postituskarbid-ja-katted\/"},"modified":"2023-02-08T14:42:29","modified_gmt":"2023-02-08T12:42:29","slug":"postituskarbid-ja-katted","status":"publish","type":"product","link":"https:\/\/cortex.fi\/et\/tuote\/postituskarbid-ja-katted\/","title":{"rendered":"Postituskarbid ja -katted"},"content":{"rendered":"","protected":false},"excerpt":{"rendered":"<p>Volditud v\u00f5i sirge otsaga postitamisvoolikud ja sirge otsaga voolikute katted.<br \/>\nPostituss\u00fcsteemiga saate oma v\u00e4ljatr\u00fckid, plakatid v\u00f5i isegi suured fotod tervelt ja otse oma ukseni toimetada.<\/p>\n<p>Osa suuruste valikust on valmistatud tellimuse j\u00e4rgi, mille tarneaeg on umbes 2-3 n\u00e4dalat alates tellimuse esitamisest.<\/p>\n","protected":false},"author":9,"featured_media":10933,"comment_status":"closed","ping_status":"closed","template":"","product_brand":[],"product_cat":[511],"product_tag":[534,582,533],"asiantuntija":[],"paamies":[],"healthcare":[],"pakkausmateriaalit":[510,612,581],"merkinta":[],"pakkauskoneet":[],"leipomoille":[],"tarkennus":[613],"outlet":[],"class_list":{"0":"post-12870","1":"product","2":"type-product","3":"status-publish","4":"has-post-thumbnail","6":"product_cat-pakendimaterjalid","7":"product_tag-ecortex-et","8":"product_tag-konsignatsioonitooted-ja-pakendite-taitematerjalid","9":"product_tag-lainepapist-ja-kartongist-tooted","10":"pakkausmateriaalit-ecortex-et","11":"pakkausmateriaalit-lainepapist-ja-papist-tooted","12":"pakkausmateriaalit-postkastid-ja-pehmendused","13":"tarkennus-postkastid","15":"first","16":"instock","17":"taxable","18":"shipping-taxable","19":"purchasable","20":"product-type-variable"},"_links":{"self":[{"href":"https:\/\/cortex.fi\/et\/wp-json\/wp\/v2\/product\/12870","targetHints":{"allow":["GET"]}}],"collection":[{"href":"https:\/\/cortex.fi\/et\/wp-json\/wp\/v2\/product"}],"about":[{"href":"https:\/\/cortex.fi\/et\/wp-json\/wp\/v2\/types\/product"}],"author":[{"embeddable":true,"href":"https:\/\/cortex.fi\/et\/wp-json\/wp\/v2\/users\/9"}],"replies":[{"embeddable":true,"href":"https:\/\/cortex.fi\/et\/wp-json\/wp\/v2\/comments?post=12870"}],"wp:featuredmedia":[{"embeddable":true,"href":"https:\/\/cortex.fi\/et\/wp-json\/wp\/v2\/media\/10933"}],"wp:attachment":[{"href":"https:\/\/cortex.fi\/et\/wp-json\/wp\/v2\/media?parent=12870"}],"wp:term":[{"taxonomy":"product_brand","embeddable":true,"href":"https:\/\/cortex.fi\/et\/wp-json\/wp\/v2\/product_brand?post=12870"},{"taxonomy":"product_cat","embeddable":true,"href":"https:\/\/cortex.fi\/et\/wp-json\/wp\/v2\/product_cat?post=12870"},{"taxonomy":"product_tag","embeddable":true,"href":"https:\/\/cortex.fi\/et\/wp-json\/wp\/v2\/product_tag?post=12870"},{"taxonomy":"asiantuntija","embeddable":true,"href":"https:\/\/cortex.fi\/et\/wp-json\/wp\/v2\/asiantuntija?post=12870"},{"taxonomy":"paamies","embeddable":true,"href":"https:\/\/cortex.fi\/et\/wp-json\/wp\/v2\/paamies?post=12870"},{"taxonomy":"healthcare","embeddable":true,"href":"https:\/\/cortex.fi\/et\/wp-json\/wp\/v2\/healthcare?post=12870"},{"taxonomy":"pakkausmateriaalit","embeddable":true,"href":"https:\/\/cortex.fi\/et\/wp-json\/wp\/v2\/pakkausmateriaalit?post=12870"},{"taxonomy":"merkinta","embeddable":true,"href":"https:\/\/cortex.fi\/et\/wp-json\/wp\/v2\/merkinta?post=12870"},{"taxonomy":"pakkauskoneet","embeddable":true,"href":"https:\/\/cortex.fi\/et\/wp-json\/wp\/v2\/pakkauskoneet?post=12870"},{"taxonomy":"leipomoille","embeddable":true,"href":"https:\/\/cortex.fi\/et\/wp-json\/wp\/v2\/leipomoille?post=12870"},{"taxonomy":"tarkennus","embeddable":true,"href":"https:\/\/cortex.fi\/et\/wp-json\/wp\/v2\/tarkennus?post=12870"},{"taxonomy":"outlet","embeddable":true,"href":"https:\/\/cortex.fi\/et\/wp-json\/wp\/v2\/outlet?post=12870"}],"curies":[{"name":"wp","href":"https:\/\/api.w.org\/{rel}","templated":true}]}}