{"id":12867,"date":"2023-02-08T11:34:13","date_gmt":"2023-02-08T09:34:13","guid":{"rendered":"https:\/\/cortex.fi\/tuote\/linx-fsl20-linx-fsl50-fiiberoptiline-diktofon\/"},"modified":"2023-02-08T11:34:13","modified_gmt":"2023-02-08T09:34:13","slug":"linx-fsl20-linx-fsl50-fiiberoptiline-diktofon","status":"publish","type":"product","link":"https:\/\/cortex.fi\/et\/tuote\/linx-fsl20-linx-fsl50-fiiberoptiline-diktofon\/","title":{"rendered":"Linx FSL20\/Linx FSL50 fiiberoptiline diktofon"},"content":{"rendered":"","protected":false},"excerpt":{"rendered":"<p>Linx FSL20\/Linx FSL50 on ideaalsed suurte mahtude tr\u00fckkimiseks toidu-, joogi- ja farmaatsiat\u00f6\u00f6stuses. T\u00e4nu minimaalsetele kulumaterjalidele ja hoolduskuludele pakuvad need taskukohast ja t\u00f5husat lahendust br\u00e4ndingu jaoks.<\/p>\n<p>Linx FSL20\/Linx FSL50 kiudoptilised skannerid sobivad paljude materjalide, n\u00e4iteks metalli, pakendikile, plasti ja kummi jaoks.<\/p>\n","protected":false},"author":6,"featured_media":10677,"comment_status":"closed","ping_status":"closed","template":"","product_brand":[],"product_cat":[519],"product_tag":[620],"asiantuntija":[],"paamies":[],"healthcare":[],"pakkausmateriaalit":[],"merkinta":[619],"pakkauskoneet":[],"leipomoille":[],"tarkennus":[],"outlet":[],"class_list":{"0":"post-12867","1":"product","2":"type-product","3":"status-publish","4":"has-post-thumbnail","6":"product_cat-sisestus","7":"product_tag-lasermargistus","8":"merkinta-lasermargistus","10":"first","11":"instock","12":"taxable","13":"shipping-taxable","14":"purchasable","15":"product-type-simple"},"_links":{"self":[{"href":"https:\/\/cortex.fi\/et\/wp-json\/wp\/v2\/product\/12867","targetHints":{"allow":["GET"]}}],"collection":[{"href":"https:\/\/cortex.fi\/et\/wp-json\/wp\/v2\/product"}],"about":[{"href":"https:\/\/cortex.fi\/et\/wp-json\/wp\/v2\/types\/product"}],"author":[{"embeddable":true,"href":"https:\/\/cortex.fi\/et\/wp-json\/wp\/v2\/users\/6"}],"replies":[{"embeddable":true,"href":"https:\/\/cortex.fi\/et\/wp-json\/wp\/v2\/comments?post=12867"}],"wp:featuredmedia":[{"embeddable":true,"href":"https:\/\/cortex.fi\/et\/wp-json\/wp\/v2\/media\/10677"}],"wp:attachment":[{"href":"https:\/\/cortex.fi\/et\/wp-json\/wp\/v2\/media?parent=12867"}],"wp:term":[{"taxonomy":"product_brand","embeddable":true,"href":"https:\/\/cortex.fi\/et\/wp-json\/wp\/v2\/product_brand?post=12867"},{"taxonomy":"product_cat","embeddable":true,"href":"https:\/\/cortex.fi\/et\/wp-json\/wp\/v2\/product_cat?post=12867"},{"taxonomy":"product_tag","embeddable":true,"href":"https:\/\/cortex.fi\/et\/wp-json\/wp\/v2\/product_tag?post=12867"},{"taxonomy":"asiantuntija","embeddable":true,"href":"https:\/\/cortex.fi\/et\/wp-json\/wp\/v2\/asiantuntija?post=12867"},{"taxonomy":"paamies","embeddable":true,"href":"https:\/\/cortex.fi\/et\/wp-json\/wp\/v2\/paamies?post=12867"},{"taxonomy":"healthcare","embeddable":true,"href":"https:\/\/cortex.fi\/et\/wp-json\/wp\/v2\/healthcare?post=12867"},{"taxonomy":"pakkausmateriaalit","embeddable":true,"href":"https:\/\/cortex.fi\/et\/wp-json\/wp\/v2\/pakkausmateriaalit?post=12867"},{"taxonomy":"merkinta","embeddable":true,"href":"https:\/\/cortex.fi\/et\/wp-json\/wp\/v2\/merkinta?post=12867"},{"taxonomy":"pakkauskoneet","embeddable":true,"href":"https:\/\/cortex.fi\/et\/wp-json\/wp\/v2\/pakkauskoneet?post=12867"},{"taxonomy":"leipomoille","embeddable":true,"href":"https:\/\/cortex.fi\/et\/wp-json\/wp\/v2\/leipomoille?post=12867"},{"taxonomy":"tarkennus","embeddable":true,"href":"https:\/\/cortex.fi\/et\/wp-json\/wp\/v2\/tarkennus?post=12867"},{"taxonomy":"outlet","embeddable":true,"href":"https:\/\/cortex.fi\/et\/wp-json\/wp\/v2\/outlet?post=12867"}],"curies":[{"name":"wp","href":"https:\/\/api.w.org\/{rel}","templated":true}]}}