{"id":12827,"date":"2023-02-08T13:36:51","date_gmt":"2023-02-08T11:36:51","guid":{"rendered":"https:\/\/cortex.fi\/tuote\/lainepapist-umbrikud\/"},"modified":"2023-02-08T13:36:51","modified_gmt":"2023-02-08T11:36:51","slug":"lainepapist-umbrikud","status":"publish","type":"product","link":"https:\/\/cortex.fi\/et\/tuote\/lainepapist-umbrikud\/","title":{"rendered":"Lainepapist \u00fcmbrikud"},"content":{"rendered":"","protected":false},"excerpt":{"rendered":"<p>Vastupidavad lainerpappkarbid kaitsevad toodet veo ajal p\u00f5rutuste ja karmi k\u00e4itlemise eest. Kleepsu m\u00e4rkmete hoidmiseks<br \/>\nkui \u00fcmbrik on edastamise ajal kindlalt suletud.<\/p>\n","protected":false},"author":9,"featured_media":10690,"comment_status":"closed","ping_status":"closed","template":"","product_brand":[],"product_cat":[511],"product_tag":[534,582,533],"asiantuntija":[],"paamies":[],"healthcare":[],"pakkausmateriaalit":[510,612,581],"merkinta":[],"pakkauskoneet":[],"leipomoille":[],"tarkennus":[614],"outlet":[],"class_list":{"0":"post-12827","1":"product","2":"type-product","3":"status-publish","4":"has-post-thumbnail","6":"product_cat-pakendimaterjalid","7":"product_tag-ecortex-et","8":"product_tag-konsignatsioonitooted-ja-pakendite-taitematerjalid","9":"product_tag-lainepapist-ja-kartongist-tooted","10":"pakkausmateriaalit-ecortex-et","11":"pakkausmateriaalit-lainepapist-ja-papist-tooted","12":"pakkausmateriaalit-postkastid-ja-pehmendused","13":"tarkennus-lainepapist-umbrikud","15":"first","16":"instock","17":"taxable","18":"shipping-taxable","19":"purchasable","20":"product-type-variable"},"_links":{"self":[{"href":"https:\/\/cortex.fi\/et\/wp-json\/wp\/v2\/product\/12827","targetHints":{"allow":["GET"]}}],"collection":[{"href":"https:\/\/cortex.fi\/et\/wp-json\/wp\/v2\/product"}],"about":[{"href":"https:\/\/cortex.fi\/et\/wp-json\/wp\/v2\/types\/product"}],"author":[{"embeddable":true,"href":"https:\/\/cortex.fi\/et\/wp-json\/wp\/v2\/users\/9"}],"replies":[{"embeddable":true,"href":"https:\/\/cortex.fi\/et\/wp-json\/wp\/v2\/comments?post=12827"}],"wp:featuredmedia":[{"embeddable":true,"href":"https:\/\/cortex.fi\/et\/wp-json\/wp\/v2\/media\/10690"}],"wp:attachment":[{"href":"https:\/\/cortex.fi\/et\/wp-json\/wp\/v2\/media?parent=12827"}],"wp:term":[{"taxonomy":"product_brand","embeddable":true,"href":"https:\/\/cortex.fi\/et\/wp-json\/wp\/v2\/product_brand?post=12827"},{"taxonomy":"product_cat","embeddable":true,"href":"https:\/\/cortex.fi\/et\/wp-json\/wp\/v2\/product_cat?post=12827"},{"taxonomy":"product_tag","embeddable":true,"href":"https:\/\/cortex.fi\/et\/wp-json\/wp\/v2\/product_tag?post=12827"},{"taxonomy":"asiantuntija","embeddable":true,"href":"https:\/\/cortex.fi\/et\/wp-json\/wp\/v2\/asiantuntija?post=12827"},{"taxonomy":"paamies","embeddable":true,"href":"https:\/\/cortex.fi\/et\/wp-json\/wp\/v2\/paamies?post=12827"},{"taxonomy":"healthcare","embeddable":true,"href":"https:\/\/cortex.fi\/et\/wp-json\/wp\/v2\/healthcare?post=12827"},{"taxonomy":"pakkausmateriaalit","embeddable":true,"href":"https:\/\/cortex.fi\/et\/wp-json\/wp\/v2\/pakkausmateriaalit?post=12827"},{"taxonomy":"merkinta","embeddable":true,"href":"https:\/\/cortex.fi\/et\/wp-json\/wp\/v2\/merkinta?post=12827"},{"taxonomy":"pakkauskoneet","embeddable":true,"href":"https:\/\/cortex.fi\/et\/wp-json\/wp\/v2\/pakkauskoneet?post=12827"},{"taxonomy":"leipomoille","embeddable":true,"href":"https:\/\/cortex.fi\/et\/wp-json\/wp\/v2\/leipomoille?post=12827"},{"taxonomy":"tarkennus","embeddable":true,"href":"https:\/\/cortex.fi\/et\/wp-json\/wp\/v2\/tarkennus?post=12827"},{"taxonomy":"outlet","embeddable":true,"href":"https:\/\/cortex.fi\/et\/wp-json\/wp\/v2\/outlet?post=12827"}],"curies":[{"name":"wp","href":"https:\/\/api.w.org\/{rel}","templated":true}]}}