{"id":12821,"date":"2023-02-08T13:40:28","date_gmt":"2023-02-08T11:40:28","guid":{"rendered":"https:\/\/cortex.fi\/tuote\/postkastid\/"},"modified":"2023-02-08T13:40:28","modified_gmt":"2023-02-08T11:40:28","slug":"postkastid","status":"publish","type":"product","link":"https:\/\/cortex.fi\/et\/tuote\/postkastid\/","title":{"rendered":"Postkastid"},"content":{"rendered":"","protected":false},"excerpt":{"rendered":"<p>Postikastid on suurep\u00e4rane lahendus v\u00e4ikeste esemete postitamiseks ja kaitsmiseks. Toode sobib h\u00e4sti n\u00e4iteks e-kaubanduseks. Meie tootevalik on saadaval pruuni ja valge v\u00e4rviga ning soovi korral ka teie enda logo\/tekstiga tr\u00fckituna.<\/p>\n","protected":false},"author":9,"featured_media":10691,"comment_status":"closed","ping_status":"closed","template":"","product_brand":[],"product_cat":[511],"product_tag":[534,582,533],"asiantuntija":[],"paamies":[],"healthcare":[],"pakkausmateriaalit":[510,612,581],"merkinta":[],"pakkauskoneet":[],"leipomoille":[],"tarkennus":[613],"outlet":[],"class_list":{"0":"post-12821","1":"product","2":"type-product","3":"status-publish","4":"has-post-thumbnail","6":"product_cat-pakendimaterjalid","7":"product_tag-ecortex-et","8":"product_tag-konsignatsioonitooted-ja-pakendite-taitematerjalid","9":"product_tag-lainepapist-ja-kartongist-tooted","10":"pakkausmateriaalit-ecortex-et","11":"pakkausmateriaalit-lainepapist-ja-papist-tooted","12":"pakkausmateriaalit-postkastid-ja-pehmendused","13":"tarkennus-postkastid","15":"first","16":"instock","17":"taxable","18":"shipping-taxable","19":"purchasable","20":"product-type-variable"},"_links":{"self":[{"href":"https:\/\/cortex.fi\/et\/wp-json\/wp\/v2\/product\/12821","targetHints":{"allow":["GET"]}}],"collection":[{"href":"https:\/\/cortex.fi\/et\/wp-json\/wp\/v2\/product"}],"about":[{"href":"https:\/\/cortex.fi\/et\/wp-json\/wp\/v2\/types\/product"}],"author":[{"embeddable":true,"href":"https:\/\/cortex.fi\/et\/wp-json\/wp\/v2\/users\/9"}],"replies":[{"embeddable":true,"href":"https:\/\/cortex.fi\/et\/wp-json\/wp\/v2\/comments?post=12821"}],"wp:featuredmedia":[{"embeddable":true,"href":"https:\/\/cortex.fi\/et\/wp-json\/wp\/v2\/media\/10691"}],"wp:attachment":[{"href":"https:\/\/cortex.fi\/et\/wp-json\/wp\/v2\/media?parent=12821"}],"wp:term":[{"taxonomy":"product_brand","embeddable":true,"href":"https:\/\/cortex.fi\/et\/wp-json\/wp\/v2\/product_brand?post=12821"},{"taxonomy":"product_cat","embeddable":true,"href":"https:\/\/cortex.fi\/et\/wp-json\/wp\/v2\/product_cat?post=12821"},{"taxonomy":"product_tag","embeddable":true,"href":"https:\/\/cortex.fi\/et\/wp-json\/wp\/v2\/product_tag?post=12821"},{"taxonomy":"asiantuntija","embeddable":true,"href":"https:\/\/cortex.fi\/et\/wp-json\/wp\/v2\/asiantuntija?post=12821"},{"taxonomy":"paamies","embeddable":true,"href":"https:\/\/cortex.fi\/et\/wp-json\/wp\/v2\/paamies?post=12821"},{"taxonomy":"healthcare","embeddable":true,"href":"https:\/\/cortex.fi\/et\/wp-json\/wp\/v2\/healthcare?post=12821"},{"taxonomy":"pakkausmateriaalit","embeddable":true,"href":"https:\/\/cortex.fi\/et\/wp-json\/wp\/v2\/pakkausmateriaalit?post=12821"},{"taxonomy":"merkinta","embeddable":true,"href":"https:\/\/cortex.fi\/et\/wp-json\/wp\/v2\/merkinta?post=12821"},{"taxonomy":"pakkauskoneet","embeddable":true,"href":"https:\/\/cortex.fi\/et\/wp-json\/wp\/v2\/pakkauskoneet?post=12821"},{"taxonomy":"leipomoille","embeddable":true,"href":"https:\/\/cortex.fi\/et\/wp-json\/wp\/v2\/leipomoille?post=12821"},{"taxonomy":"tarkennus","embeddable":true,"href":"https:\/\/cortex.fi\/et\/wp-json\/wp\/v2\/tarkennus?post=12821"},{"taxonomy":"outlet","embeddable":true,"href":"https:\/\/cortex.fi\/et\/wp-json\/wp\/v2\/outlet?post=12821"}],"curies":[{"name":"wp","href":"https:\/\/api.w.org\/{rel}","templated":true}]}}