{"id":12813,"date":"2023-04-03T12:16:57","date_gmt":"2023-04-03T09:16:57","guid":{"rendered":"https:\/\/cortex.fi\/tuote\/flowpack-horisontaalne-pakendamismasin-pfm-pearl\/"},"modified":"2023-04-03T12:16:57","modified_gmt":"2023-04-03T09:16:57","slug":"flowpack-horisontaalne-pakendamismasin-pfm-pearl","status":"publish","type":"product","link":"https:\/\/cortex.fi\/et\/tuote\/flowpack-horisontaalne-pakendamismasin-pfm-pearl\/","title":{"rendered":"Flowpack horisontaalne pakendamismasin PFM Pearl"},"content":{"rendered":"","protected":false},"excerpt":{"rendered":"<p>Horisontaalses Flowpack-pakendamismasinas sisestatakse tooted masina sisselaskekonveierile kas sellisena v\u00f5i eraldi salvele asetatuna. Tooted suunatakse pakkimisjaama, kus rullist s\u00f6\u00f6detud pakkimiskile juhitakse s\u00f5ltuvalt mudelist kas toote peale v\u00f5i alla. Kile servad volditakse \u00fcmber toote ja l\u00f5puks kuumkinnitatakse. Pakendi otsad suletakse \u00f5mbluslappidega.<\/p>\n<p>Servoajamiga Pearl on kaasaegne nii tehnoloogia kui ka disaini poolest. Kompaktne suurus ja kasutajas\u00f5bralik juhtpaneel muudavad selle ideaalseks lahenduseks erinevate toodete jaoks.<\/p>\n<p>Sobivad kilematerjalid:<br \/>\nkuumsuletatavad materjalid, nagu tselluloosip\u00f5hised kiled, kaetud kiled, pol\u00fcprop\u00fcleenkiled ja laminaatkiled jne.<\/p>\n<p>Pearl on saadaval kas reguleeritavate v\u00f5i fikseeritud vormimisalustega.<\/p>\n","protected":false},"author":5,"featured_media":11086,"comment_status":"closed","ping_status":"closed","template":"","product_brand":[],"product_cat":[526],"product_tag":[540],"asiantuntija":[],"paamies":[],"healthcare":[],"pakkausmateriaalit":[],"merkinta":[],"pakkauskoneet":[539],"leipomoille":[],"tarkennus":[541],"outlet":[],"class_list":{"0":"post-12813","1":"product","2":"type-product","3":"status-publish","4":"has-post-thumbnail","6":"product_cat-pakendamismasinad","7":"product_tag-flowpack-et","8":"pakkauskoneet-flowpack-et","9":"tarkennus-horisontaalsed-pakendamismasinad","11":"first","12":"instock","13":"taxable","14":"shipping-taxable","15":"purchasable","16":"product-type-simple"},"_links":{"self":[{"href":"https:\/\/cortex.fi\/et\/wp-json\/wp\/v2\/product\/12813","targetHints":{"allow":["GET"]}}],"collection":[{"href":"https:\/\/cortex.fi\/et\/wp-json\/wp\/v2\/product"}],"about":[{"href":"https:\/\/cortex.fi\/et\/wp-json\/wp\/v2\/types\/product"}],"author":[{"embeddable":true,"href":"https:\/\/cortex.fi\/et\/wp-json\/wp\/v2\/users\/5"}],"replies":[{"embeddable":true,"href":"https:\/\/cortex.fi\/et\/wp-json\/wp\/v2\/comments?post=12813"}],"wp:featuredmedia":[{"embeddable":true,"href":"https:\/\/cortex.fi\/et\/wp-json\/wp\/v2\/media\/11086"}],"wp:attachment":[{"href":"https:\/\/cortex.fi\/et\/wp-json\/wp\/v2\/media?parent=12813"}],"wp:term":[{"taxonomy":"product_brand","embeddable":true,"href":"https:\/\/cortex.fi\/et\/wp-json\/wp\/v2\/product_brand?post=12813"},{"taxonomy":"product_cat","embeddable":true,"href":"https:\/\/cortex.fi\/et\/wp-json\/wp\/v2\/product_cat?post=12813"},{"taxonomy":"product_tag","embeddable":true,"href":"https:\/\/cortex.fi\/et\/wp-json\/wp\/v2\/product_tag?post=12813"},{"taxonomy":"asiantuntija","embeddable":true,"href":"https:\/\/cortex.fi\/et\/wp-json\/wp\/v2\/asiantuntija?post=12813"},{"taxonomy":"paamies","embeddable":true,"href":"https:\/\/cortex.fi\/et\/wp-json\/wp\/v2\/paamies?post=12813"},{"taxonomy":"healthcare","embeddable":true,"href":"https:\/\/cortex.fi\/et\/wp-json\/wp\/v2\/healthcare?post=12813"},{"taxonomy":"pakkausmateriaalit","embeddable":true,"href":"https:\/\/cortex.fi\/et\/wp-json\/wp\/v2\/pakkausmateriaalit?post=12813"},{"taxonomy":"merkinta","embeddable":true,"href":"https:\/\/cortex.fi\/et\/wp-json\/wp\/v2\/merkinta?post=12813"},{"taxonomy":"pakkauskoneet","embeddable":true,"href":"https:\/\/cortex.fi\/et\/wp-json\/wp\/v2\/pakkauskoneet?post=12813"},{"taxonomy":"leipomoille","embeddable":true,"href":"https:\/\/cortex.fi\/et\/wp-json\/wp\/v2\/leipomoille?post=12813"},{"taxonomy":"tarkennus","embeddable":true,"href":"https:\/\/cortex.fi\/et\/wp-json\/wp\/v2\/tarkennus?post=12813"},{"taxonomy":"outlet","embeddable":true,"href":"https:\/\/cortex.fi\/et\/wp-json\/wp\/v2\/outlet?post=12813"}],"curies":[{"name":"wp","href":"https:\/\/api.w.org\/{rel}","templated":true}]}}