{"id":12803,"date":"2023-02-16T15:33:14","date_gmt":"2023-02-16T13:33:14","guid":{"rendered":"https:\/\/cortex.fi\/tuote\/kwik-lok-kinnitusvahendid\/"},"modified":"2023-02-16T15:33:14","modified_gmt":"2023-02-16T13:33:14","slug":"kwik-lok-kinnitusvahendid","status":"publish","type":"product","link":"https:\/\/cortex.fi\/et\/tuote\/kwik-lok-kinnitusvahendid\/","title":{"rendered":"Kwik Lok-kinnitusvahendid"},"content":{"rendered":"","protected":false},"excerpt":{"rendered":"<p>Kwik Lok sulgeb nii kile- kui ka paberkotid ning kotile saab m\u00e4rkida n\u00e4iteks s\u00e4ilivuskuup\u00e4eva. Sulgureid saab kinnitada k\u00e4sitsi, poolautomaatselt v\u00f5i t\u00e4isautomaatselt. Masina saab varustada templiga, et lisada kuup\u00e4ev v\u00f5i muu teave. Sulgemisklapid v\u00f5ivad olla kuup\u00e4evaga varustatud, tr\u00fckitud logode\/tekstiga v\u00f5i omada t\u00e4iendavat reklaami\/turunduslehte. V\u00f5imalusi ja valikuid on palju, s\u00f5ltuvalt koti materjalist.<\/p>\n","protected":false},"author":9,"featured_media":11408,"comment_status":"closed","ping_status":"closed","template":"","product_brand":[],"product_cat":[495,511],"product_tag":[588],"asiantuntija":[],"paamies":[],"healthcare":[],"pakkausmateriaalit":[606],"merkinta":[],"pakkauskoneet":[],"leipomoille":[],"tarkennus":[607],"outlet":[],"class_list":{"0":"post-12803","1":"product","2":"type-product","3":"status-publish","4":"has-post-thumbnail","6":"product_cat-pagaritele","7":"product_cat-pakendimaterjalid","8":"product_tag-sulgemislindid-ja-klambrid","9":"pakkausmateriaalit-sulgurid-ja-klambrid","10":"tarkennus-muud-sulgurid","12":"first","13":"instock","14":"taxable","15":"shipping-taxable","16":"purchasable","17":"product-type-variable"},"_links":{"self":[{"href":"https:\/\/cortex.fi\/et\/wp-json\/wp\/v2\/product\/12803","targetHints":{"allow":["GET"]}}],"collection":[{"href":"https:\/\/cortex.fi\/et\/wp-json\/wp\/v2\/product"}],"about":[{"href":"https:\/\/cortex.fi\/et\/wp-json\/wp\/v2\/types\/product"}],"author":[{"embeddable":true,"href":"https:\/\/cortex.fi\/et\/wp-json\/wp\/v2\/users\/9"}],"replies":[{"embeddable":true,"href":"https:\/\/cortex.fi\/et\/wp-json\/wp\/v2\/comments?post=12803"}],"wp:featuredmedia":[{"embeddable":true,"href":"https:\/\/cortex.fi\/et\/wp-json\/wp\/v2\/media\/11408"}],"wp:attachment":[{"href":"https:\/\/cortex.fi\/et\/wp-json\/wp\/v2\/media?parent=12803"}],"wp:term":[{"taxonomy":"product_brand","embeddable":true,"href":"https:\/\/cortex.fi\/et\/wp-json\/wp\/v2\/product_brand?post=12803"},{"taxonomy":"product_cat","embeddable":true,"href":"https:\/\/cortex.fi\/et\/wp-json\/wp\/v2\/product_cat?post=12803"},{"taxonomy":"product_tag","embeddable":true,"href":"https:\/\/cortex.fi\/et\/wp-json\/wp\/v2\/product_tag?post=12803"},{"taxonomy":"asiantuntija","embeddable":true,"href":"https:\/\/cortex.fi\/et\/wp-json\/wp\/v2\/asiantuntija?post=12803"},{"taxonomy":"paamies","embeddable":true,"href":"https:\/\/cortex.fi\/et\/wp-json\/wp\/v2\/paamies?post=12803"},{"taxonomy":"healthcare","embeddable":true,"href":"https:\/\/cortex.fi\/et\/wp-json\/wp\/v2\/healthcare?post=12803"},{"taxonomy":"pakkausmateriaalit","embeddable":true,"href":"https:\/\/cortex.fi\/et\/wp-json\/wp\/v2\/pakkausmateriaalit?post=12803"},{"taxonomy":"merkinta","embeddable":true,"href":"https:\/\/cortex.fi\/et\/wp-json\/wp\/v2\/merkinta?post=12803"},{"taxonomy":"pakkauskoneet","embeddable":true,"href":"https:\/\/cortex.fi\/et\/wp-json\/wp\/v2\/pakkauskoneet?post=12803"},{"taxonomy":"leipomoille","embeddable":true,"href":"https:\/\/cortex.fi\/et\/wp-json\/wp\/v2\/leipomoille?post=12803"},{"taxonomy":"tarkennus","embeddable":true,"href":"https:\/\/cortex.fi\/et\/wp-json\/wp\/v2\/tarkennus?post=12803"},{"taxonomy":"outlet","embeddable":true,"href":"https:\/\/cortex.fi\/et\/wp-json\/wp\/v2\/outlet?post=12803"}],"curies":[{"name":"wp","href":"https:\/\/api.w.org\/{rel}","templated":true}]}}