{"id":12787,"date":"2023-02-16T14:01:18","date_gmt":"2023-02-16T12:01:18","guid":{"rendered":"https:\/\/cortex.fi\/tuote\/twistband-paelad\/"},"modified":"2023-02-16T14:01:18","modified_gmt":"2023-02-16T12:01:18","slug":"twistband-paelad","status":"publish","type":"product","link":"https:\/\/cortex.fi\/et\/tuote\/twistband-paelad\/","title":{"rendered":"Twistband paelad"},"content":{"rendered":"","protected":false},"excerpt":{"rendered":"<p>Keerdlindid ja -rullid on saadaval peamiselt punase v\u00e4rviga, kuid neid saab ka tehasest.<br \/>\narvukad v\u00e4rvivalikud. HDPE lint on tugevdatud \u00fche rauastraadiga. Saadaval 100 ja 150 mm pikkuste eell\u00f5ikena v\u00f5i rullides.<\/p>\n","protected":false},"author":9,"featured_media":0,"comment_status":"closed","ping_status":"closed","template":"","product_brand":[],"product_cat":[495,511],"product_tag":[588],"asiantuntija":[],"paamies":[],"healthcare":[],"pakkausmateriaalit":[606],"merkinta":[],"pakkauskoneet":[],"leipomoille":[],"tarkennus":[607],"outlet":[],"class_list":{"0":"post-12787","1":"product","2":"type-product","3":"status-publish","5":"product_cat-pagaritele","6":"product_cat-pakendimaterjalid","7":"product_tag-sulgemislindid-ja-klambrid","8":"pakkausmateriaalit-sulgurid-ja-klambrid","9":"tarkennus-muud-sulgurid","11":"first","12":"instock","13":"taxable","14":"shipping-taxable","15":"purchasable","16":"product-type-variable"},"_links":{"self":[{"href":"https:\/\/cortex.fi\/et\/wp-json\/wp\/v2\/product\/12787","targetHints":{"allow":["GET"]}}],"collection":[{"href":"https:\/\/cortex.fi\/et\/wp-json\/wp\/v2\/product"}],"about":[{"href":"https:\/\/cortex.fi\/et\/wp-json\/wp\/v2\/types\/product"}],"author":[{"embeddable":true,"href":"https:\/\/cortex.fi\/et\/wp-json\/wp\/v2\/users\/9"}],"replies":[{"embeddable":true,"href":"https:\/\/cortex.fi\/et\/wp-json\/wp\/v2\/comments?post=12787"}],"wp:attachment":[{"href":"https:\/\/cortex.fi\/et\/wp-json\/wp\/v2\/media?parent=12787"}],"wp:term":[{"taxonomy":"product_brand","embeddable":true,"href":"https:\/\/cortex.fi\/et\/wp-json\/wp\/v2\/product_brand?post=12787"},{"taxonomy":"product_cat","embeddable":true,"href":"https:\/\/cortex.fi\/et\/wp-json\/wp\/v2\/product_cat?post=12787"},{"taxonomy":"product_tag","embeddable":true,"href":"https:\/\/cortex.fi\/et\/wp-json\/wp\/v2\/product_tag?post=12787"},{"taxonomy":"asiantuntija","embeddable":true,"href":"https:\/\/cortex.fi\/et\/wp-json\/wp\/v2\/asiantuntija?post=12787"},{"taxonomy":"paamies","embeddable":true,"href":"https:\/\/cortex.fi\/et\/wp-json\/wp\/v2\/paamies?post=12787"},{"taxonomy":"healthcare","embeddable":true,"href":"https:\/\/cortex.fi\/et\/wp-json\/wp\/v2\/healthcare?post=12787"},{"taxonomy":"pakkausmateriaalit","embeddable":true,"href":"https:\/\/cortex.fi\/et\/wp-json\/wp\/v2\/pakkausmateriaalit?post=12787"},{"taxonomy":"merkinta","embeddable":true,"href":"https:\/\/cortex.fi\/et\/wp-json\/wp\/v2\/merkinta?post=12787"},{"taxonomy":"pakkauskoneet","embeddable":true,"href":"https:\/\/cortex.fi\/et\/wp-json\/wp\/v2\/pakkauskoneet?post=12787"},{"taxonomy":"leipomoille","embeddable":true,"href":"https:\/\/cortex.fi\/et\/wp-json\/wp\/v2\/leipomoille?post=12787"},{"taxonomy":"tarkennus","embeddable":true,"href":"https:\/\/cortex.fi\/et\/wp-json\/wp\/v2\/tarkennus?post=12787"},{"taxonomy":"outlet","embeddable":true,"href":"https:\/\/cortex.fi\/et\/wp-json\/wp\/v2\/outlet?post=12787"}],"curies":[{"name":"wp","href":"https:\/\/api.w.org\/{rel}","templated":true}]}}