{"id":12784,"date":"2023-02-20T12:00:19","date_gmt":"2023-02-20T10:00:19","guid":{"rendered":"https:\/\/cortex.fi\/tuote\/banderoolilindid-plastist\/"},"modified":"2023-02-20T12:00:19","modified_gmt":"2023-02-20T10:00:19","slug":"banderoolilindid-plastist","status":"publish","type":"product","link":"https:\/\/cortex.fi\/et\/tuote\/banderoolilindid-plastist\/","title":{"rendered":"Banderoolilindid, plastist"},"content":{"rendered":"","protected":false},"excerpt":{"rendered":"<p>Sarnaselt pakkelintidele saab banderoolilinti kasutada toodete sidumiseks ja komplekteerimiseks, asendades neid.<br \/>\nvanteututusta. Banderoolilindid v\u00f5ivad olla kuni 100 mm laiad ja on saadaval kvaliteetse eeltr\u00fckiga.<br \/>\nnii et need v\u00f5ivad olla mitte ainult pitseriks, vaid ka suurep\u00e4raseks turundusvahendiks tarbekaupadele. Rihmad on saadaval erinevat t\u00fc\u00fcpi plastribadest ja neid saab kuum- v\u00f5i ultraheli-keevitada. Meie tootevalikust leiate ka ATS-i rihmamasinad.<\/p>\n","protected":false},"author":9,"featured_media":10235,"comment_status":"closed","ping_status":"closed","template":"","product_brand":[],"product_cat":[511],"product_tag":[593],"asiantuntija":[],"paamies":[],"healthcare":[],"pakkausmateriaalit":[592],"merkinta":[],"pakkauskoneet":[],"leipomoille":[],"tarkennus":[608],"outlet":[],"class_list":{"0":"post-12784","1":"product","2":"type-product","3":"status-publish","4":"has-post-thumbnail","6":"product_cat-pakendimaterjalid","7":"product_tag-veljed-ja-ribad","8":"pakkausmateriaalit-veljed-ja-ribad","9":"tarkennus-paberist-bannerid-banderooli-ribad","11":"first","12":"instock","13":"taxable","14":"shipping-taxable","15":"purchasable","16":"product-type-variable"},"_links":{"self":[{"href":"https:\/\/cortex.fi\/et\/wp-json\/wp\/v2\/product\/12784","targetHints":{"allow":["GET"]}}],"collection":[{"href":"https:\/\/cortex.fi\/et\/wp-json\/wp\/v2\/product"}],"about":[{"href":"https:\/\/cortex.fi\/et\/wp-json\/wp\/v2\/types\/product"}],"author":[{"embeddable":true,"href":"https:\/\/cortex.fi\/et\/wp-json\/wp\/v2\/users\/9"}],"replies":[{"embeddable":true,"href":"https:\/\/cortex.fi\/et\/wp-json\/wp\/v2\/comments?post=12784"}],"wp:featuredmedia":[{"embeddable":true,"href":"https:\/\/cortex.fi\/et\/wp-json\/wp\/v2\/media\/10235"}],"wp:attachment":[{"href":"https:\/\/cortex.fi\/et\/wp-json\/wp\/v2\/media?parent=12784"}],"wp:term":[{"taxonomy":"product_brand","embeddable":true,"href":"https:\/\/cortex.fi\/et\/wp-json\/wp\/v2\/product_brand?post=12784"},{"taxonomy":"product_cat","embeddable":true,"href":"https:\/\/cortex.fi\/et\/wp-json\/wp\/v2\/product_cat?post=12784"},{"taxonomy":"product_tag","embeddable":true,"href":"https:\/\/cortex.fi\/et\/wp-json\/wp\/v2\/product_tag?post=12784"},{"taxonomy":"asiantuntija","embeddable":true,"href":"https:\/\/cortex.fi\/et\/wp-json\/wp\/v2\/asiantuntija?post=12784"},{"taxonomy":"paamies","embeddable":true,"href":"https:\/\/cortex.fi\/et\/wp-json\/wp\/v2\/paamies?post=12784"},{"taxonomy":"healthcare","embeddable":true,"href":"https:\/\/cortex.fi\/et\/wp-json\/wp\/v2\/healthcare?post=12784"},{"taxonomy":"pakkausmateriaalit","embeddable":true,"href":"https:\/\/cortex.fi\/et\/wp-json\/wp\/v2\/pakkausmateriaalit?post=12784"},{"taxonomy":"merkinta","embeddable":true,"href":"https:\/\/cortex.fi\/et\/wp-json\/wp\/v2\/merkinta?post=12784"},{"taxonomy":"pakkauskoneet","embeddable":true,"href":"https:\/\/cortex.fi\/et\/wp-json\/wp\/v2\/pakkauskoneet?post=12784"},{"taxonomy":"leipomoille","embeddable":true,"href":"https:\/\/cortex.fi\/et\/wp-json\/wp\/v2\/leipomoille?post=12784"},{"taxonomy":"tarkennus","embeddable":true,"href":"https:\/\/cortex.fi\/et\/wp-json\/wp\/v2\/tarkennus?post=12784"},{"taxonomy":"outlet","embeddable":true,"href":"https:\/\/cortex.fi\/et\/wp-json\/wp\/v2\/outlet?post=12784"}],"curies":[{"name":"wp","href":"https:\/\/api.w.org\/{rel}","templated":true}]}}