{"id":12782,"date":"2023-02-20T11:46:44","date_gmt":"2023-02-20T09:46:44","guid":{"rendered":"https:\/\/cortex.fi\/tuote\/banderoolilindid-paber\/"},"modified":"2023-02-20T11:46:44","modified_gmt":"2023-02-20T09:46:44","slug":"banderoolilindid-paber","status":"publish","type":"product","link":"https:\/\/cortex.fi\/et\/tuote\/banderoolilindid-paber\/","title":{"rendered":"Banderoolilindid, paber"},"content":{"rendered":"","protected":false},"excerpt":{"rendered":"<p>Sarnaselt pakkelintidele saab banderoolilinti kasutada toodete sidumiseks ja komplekteerimiseks, asendades neid.<br \/>\nvanteututusta. Banderoolilindid v\u00f5ivad olla kuni 100 mm laiad ja on saadaval kvaliteetse eeltr\u00fckiga.<br \/>\nnii et need v\u00f5ivad olla mitte ainult pitseriks, vaid ka suurep\u00e4raseks turundusvahendiks tarbekaupadele. Lindid on saadaval paberkandjal ja erinevat t\u00fc\u00fcpi plastmassist ning neid saab kuum- v\u00f5i ultraheli-keevitada. Meie tootevalikust leiate ka ATS-i rihmamasinad.<\/p>\n","protected":false},"author":9,"featured_media":10236,"comment_status":"closed","ping_status":"closed","template":"","product_brand":[],"product_cat":[511],"product_tag":[534,593],"asiantuntija":[],"paamies":[],"healthcare":[],"pakkausmateriaalit":[510,592],"merkinta":[],"pakkauskoneet":[],"leipomoille":[],"tarkennus":[608],"outlet":[],"class_list":{"0":"post-12782","1":"product","2":"type-product","3":"status-publish","4":"has-post-thumbnail","6":"product_cat-pakendimaterjalid","7":"product_tag-ecortex-et","8":"product_tag-veljed-ja-ribad","9":"pakkausmateriaalit-ecortex-et","10":"pakkausmateriaalit-veljed-ja-ribad","11":"tarkennus-paberist-bannerid-banderooli-ribad","13":"first","14":"instock","15":"taxable","16":"shipping-taxable","17":"purchasable","18":"product-type-variable"},"_links":{"self":[{"href":"https:\/\/cortex.fi\/et\/wp-json\/wp\/v2\/product\/12782","targetHints":{"allow":["GET"]}}],"collection":[{"href":"https:\/\/cortex.fi\/et\/wp-json\/wp\/v2\/product"}],"about":[{"href":"https:\/\/cortex.fi\/et\/wp-json\/wp\/v2\/types\/product"}],"author":[{"embeddable":true,"href":"https:\/\/cortex.fi\/et\/wp-json\/wp\/v2\/users\/9"}],"replies":[{"embeddable":true,"href":"https:\/\/cortex.fi\/et\/wp-json\/wp\/v2\/comments?post=12782"}],"wp:featuredmedia":[{"embeddable":true,"href":"https:\/\/cortex.fi\/et\/wp-json\/wp\/v2\/media\/10236"}],"wp:attachment":[{"href":"https:\/\/cortex.fi\/et\/wp-json\/wp\/v2\/media?parent=12782"}],"wp:term":[{"taxonomy":"product_brand","embeddable":true,"href":"https:\/\/cortex.fi\/et\/wp-json\/wp\/v2\/product_brand?post=12782"},{"taxonomy":"product_cat","embeddable":true,"href":"https:\/\/cortex.fi\/et\/wp-json\/wp\/v2\/product_cat?post=12782"},{"taxonomy":"product_tag","embeddable":true,"href":"https:\/\/cortex.fi\/et\/wp-json\/wp\/v2\/product_tag?post=12782"},{"taxonomy":"asiantuntija","embeddable":true,"href":"https:\/\/cortex.fi\/et\/wp-json\/wp\/v2\/asiantuntija?post=12782"},{"taxonomy":"paamies","embeddable":true,"href":"https:\/\/cortex.fi\/et\/wp-json\/wp\/v2\/paamies?post=12782"},{"taxonomy":"healthcare","embeddable":true,"href":"https:\/\/cortex.fi\/et\/wp-json\/wp\/v2\/healthcare?post=12782"},{"taxonomy":"pakkausmateriaalit","embeddable":true,"href":"https:\/\/cortex.fi\/et\/wp-json\/wp\/v2\/pakkausmateriaalit?post=12782"},{"taxonomy":"merkinta","embeddable":true,"href":"https:\/\/cortex.fi\/et\/wp-json\/wp\/v2\/merkinta?post=12782"},{"taxonomy":"pakkauskoneet","embeddable":true,"href":"https:\/\/cortex.fi\/et\/wp-json\/wp\/v2\/pakkauskoneet?post=12782"},{"taxonomy":"leipomoille","embeddable":true,"href":"https:\/\/cortex.fi\/et\/wp-json\/wp\/v2\/leipomoille?post=12782"},{"taxonomy":"tarkennus","embeddable":true,"href":"https:\/\/cortex.fi\/et\/wp-json\/wp\/v2\/tarkennus?post=12782"},{"taxonomy":"outlet","embeddable":true,"href":"https:\/\/cortex.fi\/et\/wp-json\/wp\/v2\/outlet?post=12782"}],"curies":[{"name":"wp","href":"https:\/\/api.w.org\/{rel}","templated":true}]}}