{"id":12780,"date":"2023-02-20T12:24:26","date_gmt":"2023-02-20T10:24:26","guid":{"rendered":"https:\/\/cortex.fi\/tuote\/dantom-clipband-paberilint\/"},"modified":"2023-02-20T12:24:26","modified_gmt":"2023-02-20T10:24:26","slug":"dantom-clipband-paberilint","status":"publish","type":"product","link":"https:\/\/cortex.fi\/et\/tuote\/dantom-clipband-paberilint\/","title":{"rendered":"Dantom Clipband paberilint"},"content":{"rendered":"","protected":false},"excerpt":{"rendered":"<p>Dantom Clipband paberlint on m\u00f5lemalt poolt raudtraadiga tugevdatud ja on \u00f6koloogilisem alternatiiv traditsioonilisele plastmassist plommile. N\u00e4iteks on v\u00f5imalik m\u00e4rkida pitseri tagak\u00fcljele s\u00e4ilivusaeg. Rulle saab kasutada nii poolautomaat- kui ka automaatsetes sulgemismasinates, n\u00e4iteks pagarit\u00f6\u00f6kodade pakkimisliinidel. P\u00f5hiv\u00e4rv on pruun, soovi korral saadaval ka kuldses ja valges v\u00e4rvitoonis.<\/p>\n","protected":false},"author":9,"featured_media":10232,"comment_status":"closed","ping_status":"closed","template":"","product_brand":[],"product_cat":[495,511],"product_tag":[534,588],"asiantuntija":[],"paamies":[],"healthcare":[],"pakkausmateriaalit":[510,606],"merkinta":[],"pakkauskoneet":[],"leipomoille":[],"tarkennus":[607],"outlet":[],"class_list":{"0":"post-12780","1":"product","2":"type-product","3":"status-publish","4":"has-post-thumbnail","6":"product_cat-pagaritele","7":"product_cat-pakendimaterjalid","8":"product_tag-ecortex-et","9":"product_tag-sulgemislindid-ja-klambrid","10":"pakkausmateriaalit-ecortex-et","11":"pakkausmateriaalit-sulgurid-ja-klambrid","12":"tarkennus-muud-sulgurid","14":"first","15":"instock","16":"taxable","17":"shipping-taxable","18":"purchasable","19":"product-type-variable"},"_links":{"self":[{"href":"https:\/\/cortex.fi\/et\/wp-json\/wp\/v2\/product\/12780","targetHints":{"allow":["GET"]}}],"collection":[{"href":"https:\/\/cortex.fi\/et\/wp-json\/wp\/v2\/product"}],"about":[{"href":"https:\/\/cortex.fi\/et\/wp-json\/wp\/v2\/types\/product"}],"author":[{"embeddable":true,"href":"https:\/\/cortex.fi\/et\/wp-json\/wp\/v2\/users\/9"}],"replies":[{"embeddable":true,"href":"https:\/\/cortex.fi\/et\/wp-json\/wp\/v2\/comments?post=12780"}],"wp:featuredmedia":[{"embeddable":true,"href":"https:\/\/cortex.fi\/et\/wp-json\/wp\/v2\/media\/10232"}],"wp:attachment":[{"href":"https:\/\/cortex.fi\/et\/wp-json\/wp\/v2\/media?parent=12780"}],"wp:term":[{"taxonomy":"product_brand","embeddable":true,"href":"https:\/\/cortex.fi\/et\/wp-json\/wp\/v2\/product_brand?post=12780"},{"taxonomy":"product_cat","embeddable":true,"href":"https:\/\/cortex.fi\/et\/wp-json\/wp\/v2\/product_cat?post=12780"},{"taxonomy":"product_tag","embeddable":true,"href":"https:\/\/cortex.fi\/et\/wp-json\/wp\/v2\/product_tag?post=12780"},{"taxonomy":"asiantuntija","embeddable":true,"href":"https:\/\/cortex.fi\/et\/wp-json\/wp\/v2\/asiantuntija?post=12780"},{"taxonomy":"paamies","embeddable":true,"href":"https:\/\/cortex.fi\/et\/wp-json\/wp\/v2\/paamies?post=12780"},{"taxonomy":"healthcare","embeddable":true,"href":"https:\/\/cortex.fi\/et\/wp-json\/wp\/v2\/healthcare?post=12780"},{"taxonomy":"pakkausmateriaalit","embeddable":true,"href":"https:\/\/cortex.fi\/et\/wp-json\/wp\/v2\/pakkausmateriaalit?post=12780"},{"taxonomy":"merkinta","embeddable":true,"href":"https:\/\/cortex.fi\/et\/wp-json\/wp\/v2\/merkinta?post=12780"},{"taxonomy":"pakkauskoneet","embeddable":true,"href":"https:\/\/cortex.fi\/et\/wp-json\/wp\/v2\/pakkauskoneet?post=12780"},{"taxonomy":"leipomoille","embeddable":true,"href":"https:\/\/cortex.fi\/et\/wp-json\/wp\/v2\/leipomoille?post=12780"},{"taxonomy":"tarkennus","embeddable":true,"href":"https:\/\/cortex.fi\/et\/wp-json\/wp\/v2\/tarkennus?post=12780"},{"taxonomy":"outlet","embeddable":true,"href":"https:\/\/cortex.fi\/et\/wp-json\/wp\/v2\/outlet?post=12780"}],"curies":[{"name":"wp","href":"https:\/\/api.w.org\/{rel}","templated":true}]}}