{"id":12778,"date":"2023-02-20T12:49:16","date_gmt":"2023-02-20T10:49:16","guid":{"rendered":"https:\/\/cortex.fi\/tuote\/fibre-loki-sulgurid-kwik-lok\/"},"modified":"2024-05-13T15:38:38","modified_gmt":"2024-05-13T12:38:38","slug":"fibre-loki-sulgurid-kwik-lok","status":"publish","type":"product","link":"https:\/\/cortex.fi\/et\/tuote\/fibre-loki-sulgurid-kwik-lok\/","title":{"rendered":"Fibre Loki sulgurid (Kwik Lok)"},"content":{"rendered":"","protected":false},"excerpt":{"rendered":"<p>Kwik Lok tutvustab t\u00e4iesti uut tselluloosil p\u00f5hinevat Fibre Loki sulgurit, mis on t\u00e4iesti plastivaba ja kompostitav. See sulgeb kile- ja paberkotid ning samal ajal saab m\u00e4rkida n\u00e4iteks s\u00e4ilivuskuup\u00e4eva. Sulgureid saab kinnitada k\u00e4sitsi, poolautomaatselt v\u00f5i t\u00e4isautomaatselt ning neid saab p\u00e4rast kohandamist paigaldada ka olemasolevatele masinatele. Sulgemisklapid v\u00f5ivad olla kuup\u00e4evaga varustatud, tr\u00fckitud logode\/tekstiga v\u00f5i omada t\u00e4iendavat reklaami\/turunduslehte. V\u00f5imalusi ja valikuid on palju, s\u00f5ltuvalt koti materjalist. Sulgur tarnitakse eritellimusel, seega k\u00fcsige palun hinnapakkumist sobiva sulguri kohta vastavalt masina t\u00fc\u00fcbile.<\/p>\n","protected":false},"author":9,"featured_media":11341,"comment_status":"closed","ping_status":"closed","template":"","product_brand":[],"product_cat":[495,511],"product_tag":[534,588],"asiantuntija":[],"paamies":[],"healthcare":[],"pakkausmateriaalit":[510,606],"merkinta":[],"pakkauskoneet":[],"leipomoille":[],"tarkennus":[607],"outlet":[],"class_list":{"0":"post-12778","1":"product","2":"type-product","3":"status-publish","4":"has-post-thumbnail","6":"product_cat-pagaritele","7":"product_cat-pakendimaterjalid","8":"product_tag-ecortex-et","9":"product_tag-sulgemislindid-ja-klambrid","10":"pakkausmateriaalit-ecortex-et","11":"pakkausmateriaalit-sulgurid-ja-klambrid","12":"tarkennus-muud-sulgurid","14":"first","15":"instock","16":"taxable","17":"shipping-taxable","18":"purchasable","19":"product-type-variable"},"_links":{"self":[{"href":"https:\/\/cortex.fi\/et\/wp-json\/wp\/v2\/product\/12778","targetHints":{"allow":["GET"]}}],"collection":[{"href":"https:\/\/cortex.fi\/et\/wp-json\/wp\/v2\/product"}],"about":[{"href":"https:\/\/cortex.fi\/et\/wp-json\/wp\/v2\/types\/product"}],"author":[{"embeddable":true,"href":"https:\/\/cortex.fi\/et\/wp-json\/wp\/v2\/users\/9"}],"replies":[{"embeddable":true,"href":"https:\/\/cortex.fi\/et\/wp-json\/wp\/v2\/comments?post=12778"}],"wp:featuredmedia":[{"embeddable":true,"href":"https:\/\/cortex.fi\/et\/wp-json\/wp\/v2\/media\/11341"}],"wp:attachment":[{"href":"https:\/\/cortex.fi\/et\/wp-json\/wp\/v2\/media?parent=12778"}],"wp:term":[{"taxonomy":"product_brand","embeddable":true,"href":"https:\/\/cortex.fi\/et\/wp-json\/wp\/v2\/product_brand?post=12778"},{"taxonomy":"product_cat","embeddable":true,"href":"https:\/\/cortex.fi\/et\/wp-json\/wp\/v2\/product_cat?post=12778"},{"taxonomy":"product_tag","embeddable":true,"href":"https:\/\/cortex.fi\/et\/wp-json\/wp\/v2\/product_tag?post=12778"},{"taxonomy":"asiantuntija","embeddable":true,"href":"https:\/\/cortex.fi\/et\/wp-json\/wp\/v2\/asiantuntija?post=12778"},{"taxonomy":"paamies","embeddable":true,"href":"https:\/\/cortex.fi\/et\/wp-json\/wp\/v2\/paamies?post=12778"},{"taxonomy":"healthcare","embeddable":true,"href":"https:\/\/cortex.fi\/et\/wp-json\/wp\/v2\/healthcare?post=12778"},{"taxonomy":"pakkausmateriaalit","embeddable":true,"href":"https:\/\/cortex.fi\/et\/wp-json\/wp\/v2\/pakkausmateriaalit?post=12778"},{"taxonomy":"merkinta","embeddable":true,"href":"https:\/\/cortex.fi\/et\/wp-json\/wp\/v2\/merkinta?post=12778"},{"taxonomy":"pakkauskoneet","embeddable":true,"href":"https:\/\/cortex.fi\/et\/wp-json\/wp\/v2\/pakkauskoneet?post=12778"},{"taxonomy":"leipomoille","embeddable":true,"href":"https:\/\/cortex.fi\/et\/wp-json\/wp\/v2\/leipomoille?post=12778"},{"taxonomy":"tarkennus","embeddable":true,"href":"https:\/\/cortex.fi\/et\/wp-json\/wp\/v2\/tarkennus?post=12778"},{"taxonomy":"outlet","embeddable":true,"href":"https:\/\/cortex.fi\/et\/wp-json\/wp\/v2\/outlet?post=12778"}],"curies":[{"name":"wp","href":"https:\/\/api.w.org\/{rel}","templated":true}]}}