{"id":12756,"date":"2023-02-20T14:17:47","date_gmt":"2023-02-20T12:17:47","guid":{"rendered":"https:\/\/cortex.fi\/tuote\/kuumsulamisliimid-henkel\/"},"modified":"2024-05-13T15:38:34","modified_gmt":"2024-05-13T12:38:34","slug":"kuumsulamisliimid-henkel","status":"publish","type":"product","link":"https:\/\/cortex.fi\/et\/tuote\/kuumsulamisliimid-henkel\/","title":{"rendered":"Kuumsulamisliimid, Henkel"},"content":{"rendered":"","protected":false},"excerpt":{"rendered":"<p>Pakendamisliinide automaatsete liimimasinate liimid on granuleeritud kujul ja neid tarnitakse kas kottides v\u00f5i taaskinnitatavates kastides. Graanulid sulatatakse liimimismasina sulatusseadmes vedelaks, enne kui need pihustatakse liimitavale pinnale. On olemas kahte t\u00fc\u00fcpi liimi: kuumliim v\u00f5i jahe liim. Kuumsulamisliime on saadaval erinevatele pindadele ja erinevatele kasutustingimustele. K\u00f5iki neid liime \u00fchendab aga k\u00f5rge sulamistemperatuur. Liimi\u00fchendus on valmis, kui liim on liimitaval pinnal &#8220;jahtunud&#8221;.<\/p>\n<p>Jahutusliimide oluliselt madalam sulamistemperatuur v\u00f5rreldes tavap\u00e4raste kuumliimidega lihtsustab seadmete hooldamist ja v\u00e4hendab v\u00e4iksema energiatarbimise t\u00f5ttu keskkonnam\u00f5ju.<\/p>\n","protected":false},"author":9,"featured_media":10725,"comment_status":"closed","ping_status":"closed","template":"","product_brand":[],"product_cat":[511],"product_tag":[603],"asiantuntija":[],"paamies":[],"healthcare":[],"pakkausmateriaalit":[602],"merkinta":[],"pakkauskoneet":[],"leipomoille":[],"tarkennus":[604],"outlet":[],"class_list":{"0":"post-12756","1":"product","2":"type-product","3":"status-publish","4":"has-post-thumbnail","6":"product_cat-pakendimaterjalid","7":"product_tag-liimid","8":"pakkausmateriaalit-liimid","9":"tarkennus-dispersioonvaik","11":"first","12":"instock","13":"taxable","14":"shipping-taxable","15":"purchasable","16":"product-type-variable"},"_links":{"self":[{"href":"https:\/\/cortex.fi\/et\/wp-json\/wp\/v2\/product\/12756","targetHints":{"allow":["GET"]}}],"collection":[{"href":"https:\/\/cortex.fi\/et\/wp-json\/wp\/v2\/product"}],"about":[{"href":"https:\/\/cortex.fi\/et\/wp-json\/wp\/v2\/types\/product"}],"author":[{"embeddable":true,"href":"https:\/\/cortex.fi\/et\/wp-json\/wp\/v2\/users\/9"}],"replies":[{"embeddable":true,"href":"https:\/\/cortex.fi\/et\/wp-json\/wp\/v2\/comments?post=12756"}],"wp:featuredmedia":[{"embeddable":true,"href":"https:\/\/cortex.fi\/et\/wp-json\/wp\/v2\/media\/10725"}],"wp:attachment":[{"href":"https:\/\/cortex.fi\/et\/wp-json\/wp\/v2\/media?parent=12756"}],"wp:term":[{"taxonomy":"product_brand","embeddable":true,"href":"https:\/\/cortex.fi\/et\/wp-json\/wp\/v2\/product_brand?post=12756"},{"taxonomy":"product_cat","embeddable":true,"href":"https:\/\/cortex.fi\/et\/wp-json\/wp\/v2\/product_cat?post=12756"},{"taxonomy":"product_tag","embeddable":true,"href":"https:\/\/cortex.fi\/et\/wp-json\/wp\/v2\/product_tag?post=12756"},{"taxonomy":"asiantuntija","embeddable":true,"href":"https:\/\/cortex.fi\/et\/wp-json\/wp\/v2\/asiantuntija?post=12756"},{"taxonomy":"paamies","embeddable":true,"href":"https:\/\/cortex.fi\/et\/wp-json\/wp\/v2\/paamies?post=12756"},{"taxonomy":"healthcare","embeddable":true,"href":"https:\/\/cortex.fi\/et\/wp-json\/wp\/v2\/healthcare?post=12756"},{"taxonomy":"pakkausmateriaalit","embeddable":true,"href":"https:\/\/cortex.fi\/et\/wp-json\/wp\/v2\/pakkausmateriaalit?post=12756"},{"taxonomy":"merkinta","embeddable":true,"href":"https:\/\/cortex.fi\/et\/wp-json\/wp\/v2\/merkinta?post=12756"},{"taxonomy":"pakkauskoneet","embeddable":true,"href":"https:\/\/cortex.fi\/et\/wp-json\/wp\/v2\/pakkauskoneet?post=12756"},{"taxonomy":"leipomoille","embeddable":true,"href":"https:\/\/cortex.fi\/et\/wp-json\/wp\/v2\/leipomoille?post=12756"},{"taxonomy":"tarkennus","embeddable":true,"href":"https:\/\/cortex.fi\/et\/wp-json\/wp\/v2\/tarkennus?post=12756"},{"taxonomy":"outlet","embeddable":true,"href":"https:\/\/cortex.fi\/et\/wp-json\/wp\/v2\/outlet?post=12756"}],"curies":[{"name":"wp","href":"https:\/\/api.w.org\/{rel}","templated":true}]}}