{"id":12750,"date":"2023-03-03T11:58:47","date_gmt":"2023-03-03T09:58:47","guid":{"rendered":"https:\/\/cortex.fi\/tuote\/flowpack-vertikaalne-pakkimismasin-pfm-bg-pack-vetta-two\/"},"modified":"2023-03-03T11:58:47","modified_gmt":"2023-03-03T09:58:47","slug":"flowpack-vertikaalne-pakkimismasin-pfm-bg-pack-vetta-two","status":"publish","type":"product","link":"https:\/\/cortex.fi\/et\/tuote\/flowpack-vertikaalne-pakkimismasin-pfm-bg-pack-vetta-two\/","title":{"rendered":"Flowpack vertikaalne pakkimismasin PFM &#8211; BG Pack Vetta Two"},"content":{"rendered":"","protected":false},"excerpt":{"rendered":"<p>Vertikaalne Flowpack-pakendamismasin vormib pakendi kilest, mis juhitakse vormimiskaela abil v\u00e4ljastustorule. Toode viiakse v\u00e4ljastustorust pakendisse ja pakend suletakse kuumalt.<\/p>\n<p>PFM &#8211; BG Pack Vetta Two sobib mitmesuguste toodete pakendamiseks.<\/p>\n<p>P\u00f6\u00f6ratavad \u00f5mblusl\u00f5ikepaelad v\u00f5imaldavad kuni 28 erinevat pakkimisviisi, sealhulgas erinevaid taaskinnitatavaid kotte.<\/p>\n<p>Saadaval ka ultrahelitihendiga.<\/p>\n","protected":false},"author":5,"featured_media":10753,"comment_status":"closed","ping_status":"closed","template":"","product_brand":[],"product_cat":[526],"product_tag":[540],"asiantuntija":[],"paamies":[],"healthcare":[],"pakkausmateriaalit":[],"merkinta":[],"pakkauskoneet":[539],"leipomoille":[],"tarkennus":[599],"outlet":[],"class_list":{"0":"post-12750","1":"product","2":"type-product","3":"status-publish","4":"has-post-thumbnail","6":"product_cat-pakendamismasinad","7":"product_tag-flowpack-et","8":"pakkauskoneet-flowpack-et","9":"tarkennus-vertikaalne-pakendamismasin","11":"first","12":"instock","13":"taxable","14":"shipping-taxable","15":"purchasable","16":"product-type-simple"},"_links":{"self":[{"href":"https:\/\/cortex.fi\/et\/wp-json\/wp\/v2\/product\/12750","targetHints":{"allow":["GET"]}}],"collection":[{"href":"https:\/\/cortex.fi\/et\/wp-json\/wp\/v2\/product"}],"about":[{"href":"https:\/\/cortex.fi\/et\/wp-json\/wp\/v2\/types\/product"}],"author":[{"embeddable":true,"href":"https:\/\/cortex.fi\/et\/wp-json\/wp\/v2\/users\/5"}],"replies":[{"embeddable":true,"href":"https:\/\/cortex.fi\/et\/wp-json\/wp\/v2\/comments?post=12750"}],"wp:featuredmedia":[{"embeddable":true,"href":"https:\/\/cortex.fi\/et\/wp-json\/wp\/v2\/media\/10753"}],"wp:attachment":[{"href":"https:\/\/cortex.fi\/et\/wp-json\/wp\/v2\/media?parent=12750"}],"wp:term":[{"taxonomy":"product_brand","embeddable":true,"href":"https:\/\/cortex.fi\/et\/wp-json\/wp\/v2\/product_brand?post=12750"},{"taxonomy":"product_cat","embeddable":true,"href":"https:\/\/cortex.fi\/et\/wp-json\/wp\/v2\/product_cat?post=12750"},{"taxonomy":"product_tag","embeddable":true,"href":"https:\/\/cortex.fi\/et\/wp-json\/wp\/v2\/product_tag?post=12750"},{"taxonomy":"asiantuntija","embeddable":true,"href":"https:\/\/cortex.fi\/et\/wp-json\/wp\/v2\/asiantuntija?post=12750"},{"taxonomy":"paamies","embeddable":true,"href":"https:\/\/cortex.fi\/et\/wp-json\/wp\/v2\/paamies?post=12750"},{"taxonomy":"healthcare","embeddable":true,"href":"https:\/\/cortex.fi\/et\/wp-json\/wp\/v2\/healthcare?post=12750"},{"taxonomy":"pakkausmateriaalit","embeddable":true,"href":"https:\/\/cortex.fi\/et\/wp-json\/wp\/v2\/pakkausmateriaalit?post=12750"},{"taxonomy":"merkinta","embeddable":true,"href":"https:\/\/cortex.fi\/et\/wp-json\/wp\/v2\/merkinta?post=12750"},{"taxonomy":"pakkauskoneet","embeddable":true,"href":"https:\/\/cortex.fi\/et\/wp-json\/wp\/v2\/pakkauskoneet?post=12750"},{"taxonomy":"leipomoille","embeddable":true,"href":"https:\/\/cortex.fi\/et\/wp-json\/wp\/v2\/leipomoille?post=12750"},{"taxonomy":"tarkennus","embeddable":true,"href":"https:\/\/cortex.fi\/et\/wp-json\/wp\/v2\/tarkennus?post=12750"},{"taxonomy":"outlet","embeddable":true,"href":"https:\/\/cortex.fi\/et\/wp-json\/wp\/v2\/outlet?post=12750"}],"curies":[{"name":"wp","href":"https:\/\/api.w.org\/{rel}","templated":true}]}}