{"id":12747,"date":"2023-03-06T09:44:26","date_gmt":"2023-03-06T07:44:26","guid":{"rendered":"https:\/\/cortex.fi\/tuote\/pfm-d-seeria-hffs-kottimismasinad\/"},"modified":"2024-05-13T15:38:23","modified_gmt":"2024-05-13T12:38:23","slug":"pfm-d-seeria-hffs-kottimismasinad","status":"publish","type":"product","link":"https:\/\/cortex.fi\/et\/tuote\/pfm-d-seeria-hffs-kottimismasinad\/","title":{"rendered":"PFM D-seeria HFFS-kottimismasinad"},"content":{"rendered":"","protected":false},"excerpt":{"rendered":"<p>PFM D-seeria modulaarsed masinad \u00fchendavad Flowpacki kottide pakendamise, automaatse t\u00e4itmise ja j\u00e4relt\u00f6\u00f6tluse \u00fches masinas.<\/p>\n<p>D-seeria kottimismasin on ainulaadne pakett, nt. vedelike, pulbrite, pastade ja granuleeritud toodete pakendamiseks.<\/p>\n<p>T\u00e4nu modulaarsusele saab \u00fche masinaga \u00fchendada mitu dosaatorit.<\/p>\n<p>T\u00e4ielikult servojuhtimisega masin vormib pakendi, t\u00e4idab selle ja kannab selle konveierilindile j\u00e4relt\u00f6\u00f6tluseks.<\/p>\n<p>D-seeria masinad on spetsiaalselt v\u00e4lja t\u00f6\u00f6tatud statsionaarsete doypackide moodustamiseks.<\/p>\n","protected":false},"author":5,"featured_media":10791,"comment_status":"closed","ping_status":"closed","template":"","product_brand":[],"product_cat":[526],"product_tag":[559],"asiantuntija":[],"paamies":[],"healthcare":[],"pakkausmateriaalit":[],"merkinta":[],"pakkauskoneet":[558],"leipomoille":[],"tarkennus":[],"outlet":[],"class_list":{"0":"post-12747","1":"product","2":"type-product","3":"status-publish","4":"has-post-thumbnail","6":"product_cat-pakendamismasinad","7":"product_tag-kottimismasin","8":"pakkauskoneet-kottimismasin","10":"first","11":"instock","12":"taxable","13":"shipping-taxable","14":"purchasable","15":"product-type-simple"},"_links":{"self":[{"href":"https:\/\/cortex.fi\/et\/wp-json\/wp\/v2\/product\/12747","targetHints":{"allow":["GET"]}}],"collection":[{"href":"https:\/\/cortex.fi\/et\/wp-json\/wp\/v2\/product"}],"about":[{"href":"https:\/\/cortex.fi\/et\/wp-json\/wp\/v2\/types\/product"}],"author":[{"embeddable":true,"href":"https:\/\/cortex.fi\/et\/wp-json\/wp\/v2\/users\/5"}],"replies":[{"embeddable":true,"href":"https:\/\/cortex.fi\/et\/wp-json\/wp\/v2\/comments?post=12747"}],"wp:featuredmedia":[{"embeddable":true,"href":"https:\/\/cortex.fi\/et\/wp-json\/wp\/v2\/media\/10791"}],"wp:attachment":[{"href":"https:\/\/cortex.fi\/et\/wp-json\/wp\/v2\/media?parent=12747"}],"wp:term":[{"taxonomy":"product_brand","embeddable":true,"href":"https:\/\/cortex.fi\/et\/wp-json\/wp\/v2\/product_brand?post=12747"},{"taxonomy":"product_cat","embeddable":true,"href":"https:\/\/cortex.fi\/et\/wp-json\/wp\/v2\/product_cat?post=12747"},{"taxonomy":"product_tag","embeddable":true,"href":"https:\/\/cortex.fi\/et\/wp-json\/wp\/v2\/product_tag?post=12747"},{"taxonomy":"asiantuntija","embeddable":true,"href":"https:\/\/cortex.fi\/et\/wp-json\/wp\/v2\/asiantuntija?post=12747"},{"taxonomy":"paamies","embeddable":true,"href":"https:\/\/cortex.fi\/et\/wp-json\/wp\/v2\/paamies?post=12747"},{"taxonomy":"healthcare","embeddable":true,"href":"https:\/\/cortex.fi\/et\/wp-json\/wp\/v2\/healthcare?post=12747"},{"taxonomy":"pakkausmateriaalit","embeddable":true,"href":"https:\/\/cortex.fi\/et\/wp-json\/wp\/v2\/pakkausmateriaalit?post=12747"},{"taxonomy":"merkinta","embeddable":true,"href":"https:\/\/cortex.fi\/et\/wp-json\/wp\/v2\/merkinta?post=12747"},{"taxonomy":"pakkauskoneet","embeddable":true,"href":"https:\/\/cortex.fi\/et\/wp-json\/wp\/v2\/pakkauskoneet?post=12747"},{"taxonomy":"leipomoille","embeddable":true,"href":"https:\/\/cortex.fi\/et\/wp-json\/wp\/v2\/leipomoille?post=12747"},{"taxonomy":"tarkennus","embeddable":true,"href":"https:\/\/cortex.fi\/et\/wp-json\/wp\/v2\/tarkennus?post=12747"},{"taxonomy":"outlet","embeddable":true,"href":"https:\/\/cortex.fi\/et\/wp-json\/wp\/v2\/outlet?post=12747"}],"curies":[{"name":"wp","href":"https:\/\/api.w.org\/{rel}","templated":true}]}}